{"id":10676,"date":"2022-01-01T14:28:40","date_gmt":"2022-01-01T14:28:40","guid":{"rendered":"https:\/\/telpas.realto.lv\/about-realto\/"},"modified":"2025-10-15T14:03:37","modified_gmt":"2025-10-15T14:03:37","slug":"about-realto","status":"publish","type":"page","link":"https:\/\/realto.lv\/en\/about-realto\/","title":{"rendered":"About Realto"},"content":{"rendered":"\t\t<div data-elementor-type=\"wp-page\" data-elementor-id=\"10676\" class=\"elementor elementor-10676 elementor-7867\">\n\t\t\t\t\t\t<section class=\"elementor-section elementor-top-section elementor-element elementor-element-ade203d elementor-section-boxed elementor-section-height-default elementor-section-height-default\" data-id=\"ade203d\" data-element_type=\"section\" data-e-type=\"section\" data-settings=\"{&quot;background_background&quot;:&quot;classic&quot;}\">\n\t\t\t\t\t\t<div class=\"elementor-container elementor-column-gap-default\">\n\t\t\t\t\t<div class=\"elementor-column elementor-col-100 elementor-top-column elementor-element elementor-element-49e81ec\" data-id=\"49e81ec\" data-element_type=\"column\" data-e-type=\"column\">\n\t\t\t<div class=\"elementor-widget-wrap elementor-element-populated\">\n\t\t\t\t\t\t<div class=\"elementor-element elementor-element-5f4f620 elementor-widget elementor-widget-text-editor\" data-id=\"5f4f620\" data-element_type=\"widget\" data-e-type=\"widget\" data-widget_type=\"text-editor.default\">\n\t\t\t\t<div class=\"elementor-widget-container\">\n\t\t\t\t\t\t\t\t\t<h1 class=\"banner-title\">About Realto<\/h1><p class=\"banner-subtitle\">Realto is one of the leading groups of real estate companies in Latvia.<\/p>\t\t\t\t\t\t\t\t<\/div>\n\t\t\t\t<\/div>\n\t\t\t\t\t<\/div>\n\t\t<\/div>\n\t\t\t\t\t<\/div>\n\t\t<\/section>\n\t\t\t\t<section class=\"elementor-section elementor-top-section elementor-element elementor-element-26b2951 elementor-section-boxed elementor-section-height-default elementor-section-height-default\" data-id=\"26b2951\" data-element_type=\"section\" data-e-type=\"section\">\n\t\t\t\t\t\t<div class=\"elementor-container elementor-column-gap-default\">\n\t\t\t\t\t<div class=\"elementor-column elementor-col-100 elementor-top-column elementor-element elementor-element-a867297\" data-id=\"a867297\" data-element_type=\"column\" data-e-type=\"column\">\n\t\t\t<div class=\"elementor-widget-wrap elementor-element-populated\">\n\t\t\t\t\t\t<div class=\"elementor-element elementor-element-b4e45f8 elementor-widget elementor-widget-text-editor\" data-id=\"b4e45f8\" data-element_type=\"widget\" data-e-type=\"widget\" data-widget_type=\"text-editor.default\">\n\t\t\t\t<div class=\"elementor-widget-container\">\n\t\t\t\t\t\t\t\t\t<p><strong>Realto<\/strong> is one of the leading groups of real estate companies in Latvia. The total leasable area of our business parks and centers is approximately 300,000 m\u00b2. Our tenants include more than 850 companies operating in a wide range of industries \u2013 from telecommunications and metalworking to food production, printing, pharmaceuticals, and many others. We \u2013 the Realto team \u2013 ensure the development and management of our properties, taking care of the buildings, their engineering systems, and surrounding areas so that our tenants can focus entirely on their core business!  <\/p><p><strong>Realto<\/strong> offer includes office buildings with production, trade and warehouse premises, hangars, different investment objects, as well as apartments, houses and land plots in Riga and other districts of Latvia.<\/p><p>We have all the reasons to be proud of our most beautiful properties:<\/p><p><strong><a href=\"https:\/\/realto.lv\/en\/mukusalas-business-center\/\">M\u016aKUSALAS BIZNESA CENTRU<\/a>, M\u016bkusalas iel\u0101 41b un 42, R\u012bga<\/strong><\/p><p><strong><a href=\"https:\/\/realto.lv\/en\/manufacture\/\">Manufakt\u016bra<\/a><\/strong><\/p><p><strong><a href=\"https:\/\/realto.lv\/en\/braslas-business-center\/\">BRASLAS BIZNESA CENTRU<\/a>, Braslas iel\u0101 29a, R\u012bga<\/strong><\/p><p><strong><a href=\"https:\/\/realto.lv\/en\/ciekurkalna-quarter\/\">\u010ciekukalna kvart\u0101ls<\/a><\/strong><\/p><p><strong>BUSINESS CENTRES at 8a Lielv\u0101rdes Street, 67a Ieri\u0137u Street, 4 Ainavas Street, Riga<\/strong><\/p><p>We manage and expand business and shopping centres also o<strong>utside of Riga<\/strong>: in Bauska, Ogre, Ventspils, Kuld\u012bga, Aizkraukle, Liep\u0101ja, Koknese, Auce and elsewhere.<\/p><p>We offer <strong>investment objects<\/strong> for purchase: a complex of \u201cParaugtipogr\u0101fija\u201d buildings at 12 Pu\u0161kina Street, Riga; sites in Vaidavas and Dz\u0113rvju Streets in Riga; Liep\u0101ja printing house and other investment objects in different places across Latvia. un citus invest\u012bciju objektus, kas atrodas da\u017e\u0101d\u0101s viet\u0101s vis\u0101 Latvij\u0101.<\/p><p>We also offer <strong>land plots<\/strong> both in cities and outside of them. Various solutions for purchase or rent are possible.<\/p><p>Any of these sites may be the one to allow your business to develop and prosper! We will be truly happy.<\/p>\t\t\t\t\t\t\t\t<\/div>\n\t\t\t\t<\/div>\n\t\t\t\t\t<\/div>\n\t\t<\/div>\n\t\t\t\t\t<\/div>\n\t\t<\/section>\n\t\t\t\t<section class=\"elementor-section elementor-top-section elementor-element elementor-element-4b85ee4 elementor-section-boxed elementor-section-height-default elementor-section-height-default\" data-id=\"4b85ee4\" data-element_type=\"section\" data-e-type=\"section\">\n\t\t\t\t\t\t<div class=\"elementor-container elementor-column-gap-default\">\n\t\t\t\t\t<div class=\"elementor-column elementor-col-100 elementor-top-column elementor-element elementor-element-2299a3b\" data-id=\"2299a3b\" data-element_type=\"column\" data-e-type=\"column\">\n\t\t\t<div class=\"elementor-widget-wrap elementor-element-populated\">\n\t\t\t\t\t\t<div class=\"elementor-element elementor-element-dda06c5 elementor-widget elementor-widget-houzez_elementor_section_title\" data-id=\"dda06c5\" data-element_type=\"widget\" data-e-type=\"widget\" data-widget_type=\"houzez_elementor_section_title.default\">\n\t\t\t\t<div class=\"elementor-widget-container\">\n\t\t\t\t\t            <div class=\"houzez_section_title_wrap section-title-module\">\n                                    <h2 class=\"houzez_section_title\">Team Realto<\/h2>\n                \n                            <\/div>\n            \t\t\t\t<\/div>\n\t\t\t\t<\/div>\n\t\t\t\t\t<\/div>\n\t\t<\/div>\n\t\t\t\t\t<\/div>\n\t\t<\/section>\n\t\t\t\t<section class=\"elementor-section elementor-top-section elementor-element elementor-element-8f35ebb elementor-section-boxed elementor-section-height-default elementor-section-height-default\" data-id=\"8f35ebb\" data-element_type=\"section\" data-e-type=\"section\">\n\t\t\t\t\t\t<div class=\"elementor-container elementor-column-gap-default\">\n\t\t\t\t\t<div class=\"elementor-column elementor-col-100 elementor-top-column elementor-element elementor-element-1200065\" data-id=\"1200065\" data-element_type=\"column\" data-e-type=\"column\">\n\t\t\t<div class=\"elementor-widget-wrap elementor-element-populated\">\n\t\t\t\t\t\t<div class=\"elementor-element elementor-element-169416b elementor-widget elementor-widget-houzez_elementor_agents\" data-id=\"169416b\" data-element_type=\"widget\" data-e-type=\"widget\" data-widget_type=\"houzez_elementor_agents.default\">\n\t\t\t\t<div class=\"elementor-widget-container\">\n\t\t\t\t\t\n        <!--start agents module-->\n                    <div class=\"agent-module agents-grid\">\n                <div class=\"grid-view row row-cols-1 row-cols-md-2 row-cols-lg-3 row-cols-xl-3\">\n\n                                <\/div>\n            <\/div><!-- agent-module -->\n\n                <!--end post agents module-->\n\n\n        \t\t\t\t<\/div>\n\t\t\t\t<\/div>\n\t\t\t\t\t<\/div>\n\t\t<\/div>\n\t\t\t\t\t<\/div>\n\t\t<\/section>\n\t\t\t\t<\/div>\n\t\t","protected":false},"excerpt":{"rendered":"<p>About Realto Realto is one of the leading groups of real estate companies in Latvia. Realto is one of the leading groups of real estate companies in Latvia. The total leasable area of our business parks and centers is approximately 300,000 m\u00b2. Our tenants include more than 850 companies operating in a wide range of [&hellip;]<\/p>\n","protected":false},"author":1,"featured_media":0,"parent":0,"menu_order":0,"comment_status":"closed","ping_status":"closed","template":"elementor_header_footer","meta":{"footnotes":"","_links_to":"","_links_to_target":""},"class_list":["post-10676","page","type-page","status-publish","hentry"],"_links":{"self":[{"href":"https:\/\/realto.lv\/en\/wp-json\/wp\/v2\/pages\/10676","targetHints":{"allow":["GET"]}}],"collection":[{"href":"https:\/\/realto.lv\/en\/wp-json\/wp\/v2\/pages"}],"about":[{"href":"https:\/\/realto.lv\/en\/wp-json\/wp\/v2\/types\/page"}],"author":[{"embeddable":true,"href":"https:\/\/realto.lv\/en\/wp-json\/wp\/v2\/users\/1"}],"replies":[{"embeddable":true,"href":"https:\/\/realto.lv\/en\/wp-json\/wp\/v2\/comments?post=10676"}],"version-history":[{"count":8,"href":"https:\/\/realto.lv\/en\/wp-json\/wp\/v2\/pages\/10676\/revisions"}],"predecessor-version":[{"id":28980,"href":"https:\/\/realto.lv\/en\/wp-json\/wp\/v2\/pages\/10676\/revisions\/28980"}],"wp:attachment":[{"href":"https:\/\/realto.lv\/en\/wp-json\/wp\/v2\/media?parent=10676"}],"curies":[{"name":"wp","href":"https:\/\/api.w.org\/{rel}","templated":true}]}}