{"id":10666,"date":"2019-11-20T14:09:58","date_gmt":"2019-11-20T14:09:58","guid":{"rendered":"https:\/\/telpas.realto.lv\/celtnieku-street-3-ventspils\/"},"modified":"2019-11-20T14:10:04","modified_gmt":"2019-11-20T14:10:04","slug":"celtnieku-street-3-ventspils","status":"publish","type":"page","link":"https:\/\/realto.lv\/en\/celtnieku-street-3-ventspils\/","title":{"rendered":"Celtnieku street 3, Ventspils"},"content":{"rendered":"\t\t<div data-elementor-type=\"wp-page\" data-elementor-id=\"10666\" class=\"elementor elementor-10666 elementor-10325\">\n\t\t\t\t\t\t<section class=\"elementor-section elementor-top-section elementor-element elementor-element-216f462b elementor-section-boxed elementor-section-height-default elementor-section-height-default\" data-id=\"216f462b\" data-element_type=\"section\" data-e-type=\"section\">\n\t\t\t\t\t\t<div class=\"elementor-container elementor-column-gap-default\">\n\t\t\t\t\t<div class=\"elementor-column elementor-col-100 elementor-top-column elementor-element elementor-element-7567687e\" data-id=\"7567687e\" data-element_type=\"column\" data-e-type=\"column\">\n\t\t\t<div class=\"elementor-widget-wrap elementor-element-populated\">\n\t\t\t\t\t\t<section class=\"elementor-section elementor-inner-section elementor-element elementor-element-5b040bfd elementor-section-boxed elementor-section-height-default elementor-section-height-default\" data-id=\"5b040bfd\" data-element_type=\"section\" data-e-type=\"section\">\n\t\t\t\t\t\t<div class=\"elementor-container elementor-column-gap-default\">\n\t\t\t\t\t<div class=\"elementor-column elementor-col-66 elementor-inner-column elementor-element elementor-element-1d6bccb7\" data-id=\"1d6bccb7\" data-element_type=\"column\" data-e-type=\"column\">\n\t\t\t<div class=\"elementor-widget-wrap elementor-element-populated\">\n\t\t\t\t\t\t<div class=\"elementor-element elementor-element-51a37db8 elementor-widget elementor-widget-text-editor\" data-id=\"51a37db8\" data-element_type=\"widget\" data-e-type=\"widget\" data-widget_type=\"text-editor.default\">\n\t\t\t\t<div class=\"elementor-widget-container\">\n\t\t\t\t\t\t\t\t\t<p>Available retail space in P\u0101rventa, Ventspils Around the building there is a food supermarket &#8220;IKI&#8221; and a building materials supermarket &#8220;M\u0101jai un d\u0101rzam&#8221;. Premises are allready leased by the supermarket Elvi and a cafe.<\/p>\n<p>Object offers:<\/p>\n<p>Free parking for both customers and visitors;<br \/>Easy access;<br \/>Possibility to adapt the premises to the tenant&#8217;s wishes and needs;<br \/>Profesion\u0101la p\u0101rvald\u012bba.<\/p>\n<p><strong>Adress:<\/strong> Celtnieku street 3 -36, Ventspils<\/p>\n<p><strong>Total area:<\/strong> 793 m2<\/p>\n<div>\n<div class=\"field-label\">Object offers:<\/div>\n<\/div>\n<ul>\n<li>Free parking for both customers and visitors;<\/li>\n<li>It is possible to adapt the premises to the wishes and needs of the tenant;<\/li>\n<li>Easy access to suppliers;<\/li>\n<li>Profesion\u0101la p\u0101rvald\u012bba.<\/li>\n<\/ul>\n\t\t\t\t\t\t\t\t<\/div>\n\t\t\t\t<\/div>\n\t\t\t\t\t<\/div>\n\t\t<\/div>\n\t\t\t\t<div class=\"elementor-column elementor-col-33 elementor-inner-column elementor-element elementor-element-15117e8b\" data-id=\"15117e8b\" data-element_type=\"column\" data-e-type=\"column\">\n\t\t\t<div class=\"elementor-widget-wrap elementor-element-populated\">\n\t\t\t\t\t\t<div class=\"elementor-element elementor-element-37193a46 elementor-widget elementor-widget-heading\" data-id=\"37193a46\" data-element_type=\"widget\" data-e-type=\"widget\" data-widget_type=\"heading.default\">\n\t\t\t\t<div class=\"elementor-widget-container\">\n\t\t\t\t\t<h2 class=\"elementor-heading-title elementor-size-default\">Contacts:<\/h2>\t\t\t\t<\/div>\n\t\t\t\t<\/div>\n\t\t\t\t<div class=\"elementor-element elementor-element-38ef282f elementor-widget elementor-widget-image\" data-id=\"38ef282f\" data-element_type=\"widget\" data-e-type=\"widget\" data-widget_type=\"image.default\">\n\t\t\t\t<div class=\"elementor-widget-container\">\n\t\t\t\t\t\t\t\t\t\t\t\t\t\t\t<img decoding=\"async\" width=\"150\" height=\"150\" src=\"https:\/\/realto.lv\/wp-content\/uploads\/2019\/06\/dsc_5522_4.jpg\" class=\"attachment-large size-large wp-image-8081\" alt=\"inese krasovska\" srcset=\"https:\/\/realto.lv\/wp-content\/uploads\/2019\/06\/dsc_5522_4.jpg 150w, https:\/\/realto.lv\/wp-content\/uploads\/2019\/06\/dsc_5522_4-100x100.jpg 100w\" sizes=\"(max-width: 150px) 100vw, 150px\" \/>\t\t\t\t\t\t\t\t\t\t\t\t\t\t\t<\/div>\n\t\t\t\t<\/div>\n\t\t\t\t<div class=\"elementor-element elementor-element-24c65e32 elementor-widget elementor-widget-text-editor\" data-id=\"24c65e32\" data-element_type=\"widget\" data-e-type=\"widget\" data-widget_type=\"text-editor.default\">\n\t\t\t\t<div class=\"elementor-widget-container\">\n\t\t\t\t\t\t\t\t\t<h3>Inese Krasovska<\/h3>\n<p>Phone: +371 27700270<\/p>\n<p>inese.krasovska@realto.lv<\/p>\n\t\t\t\t\t\t\t\t<\/div>\n\t\t\t\t<\/div>\n\t\t\t\t\t<\/div>\n\t\t<\/div>\n\t\t\t\t\t<\/div>\n\t\t<\/section>\n\t\t\t\t\t<\/div>\n\t\t<\/div>\n\t\t\t\t\t<\/div>\n\t\t<\/section>\n\t\t\t\t<section class=\"elementor-section elementor-top-section elementor-element elementor-element-2f7099e4 elementor-section-boxed elementor-section-height-default elementor-section-height-default\" data-id=\"2f7099e4\" data-element_type=\"section\" data-e-type=\"section\">\n\t\t\t\t\t\t<div class=\"elementor-container elementor-column-gap-default\">\n\t\t\t\t\t<div class=\"elementor-column elementor-col-100 elementor-top-column elementor-element elementor-element-16d4d61\" data-id=\"16d4d61\" data-element_type=\"column\" data-e-type=\"column\">\n\t\t\t<div class=\"elementor-widget-wrap elementor-element-populated\">\n\t\t\t\t\t\t<div class=\"elementor-element elementor-element-62862c03 elementor-widget elementor-widget-heading\" data-id=\"62862c03\" data-element_type=\"widget\" data-e-type=\"widget\" data-widget_type=\"heading.default\">\n\t\t\t\t<div class=\"elementor-widget-container\">\n\t\t\t\t\t<h2 class=\"elementor-heading-title elementor-size-default\">Photo gallery:<\/h2>\t\t\t\t<\/div>\n\t\t\t\t<\/div>\n\t\t\t\t<div class=\"elementor-element elementor-element-3343af0c elementor-widget elementor-widget-image-gallery\" data-id=\"3343af0c\" data-element_type=\"widget\" data-e-type=\"widget\" data-widget_type=\"image-gallery.default\">\n\t\t\t\t<div class=\"elementor-widget-container\">\n\t\t\t\t\t\t\t<div class=\"elementor-image-gallery\">\n\t\t\t<div id='gallery-1' class='gallery galleryid-10666 gallery-columns-4 gallery-size-thumbnail'><figure class='gallery-item'>\n\t\t\t<div class='gallery-icon landscape'>\n\t\t\t\t<a data-elementor-open-lightbox=\"yes\" data-elementor-lightbox-slideshow=\"3343af0c\" data-elementor-lightbox-title=\"centnieku iela elvi ventspils\" data-e-action-hash=\"#elementor-action%3Aaction%3Dlightbox%26settings%3DeyJpZCI6MTAzMjcsInVybCI6Imh0dHBzOlwvXC9yZWFsdG8ubHZcL3dwLWNvbnRlbnRcL3VwbG9hZHNcLzIwMTlcLzExXC9jZW50bmlla3UtaWVsYS1lbHZpLXZlbnRzcGlscy5wbmciLCJzbGlkZXNob3ciOiIzMzQzYWYwYyJ9\" href='https:\/\/realto.lv\/wp-content\/uploads\/2019\/11\/centnieku-iela-elvi-ventspils.png'><img decoding=\"async\" width=\"150\" height=\"150\" src=\"https:\/\/realto.lv\/wp-content\/uploads\/2019\/11\/centnieku-iela-elvi-ventspils-150x150.png\" class=\"attachment-thumbnail size-thumbnail\" alt=\"centnieku iela elvi ventspils\" srcset=\"https:\/\/realto.lv\/wp-content\/uploads\/2019\/11\/centnieku-iela-elvi-ventspils-150x150.png 150w, https:\/\/realto.lv\/wp-content\/uploads\/2019\/11\/centnieku-iela-elvi-ventspils-300x300.png 300w, https:\/\/realto.lv\/wp-content\/uploads\/2019\/11\/centnieku-iela-elvi-ventspils-100x100.png 100w, https:\/\/realto.lv\/wp-content\/uploads\/2019\/11\/centnieku-iela-elvi-ventspils-350x350.png 350w\" sizes=\"(max-width: 150px) 100vw, 150px\" \/><\/a>\n\t\t\t<\/div><\/figure><figure class='gallery-item'>\n\t\t\t<div class='gallery-icon landscape'>\n\t\t\t\t<a data-elementor-open-lightbox=\"yes\" data-elementor-lightbox-slideshow=\"3343af0c\" data-elementor-lightbox-title=\"967_original\" data-e-action-hash=\"#elementor-action%3Aaction%3Dlightbox%26settings%3DeyJpZCI6MTAzMjksInVybCI6Imh0dHBzOlwvXC9yZWFsdG8ubHZcL3dwLWNvbnRlbnRcL3VwbG9hZHNcLzIwMTlcLzExXC85Njdfb3JpZ2luYWwucG5nIiwic2xpZGVzaG93IjoiMzM0M2FmMGMifQ%3D%3D\" href='https:\/\/realto.lv\/wp-content\/uploads\/2019\/11\/967_original.png'><img decoding=\"async\" width=\"150\" height=\"150\" src=\"https:\/\/realto.lv\/wp-content\/uploads\/2019\/11\/967_original-150x150.png\" class=\"attachment-thumbnail size-thumbnail\" alt=\"\" srcset=\"https:\/\/realto.lv\/wp-content\/uploads\/2019\/11\/967_original-150x150.png 150w, https:\/\/realto.lv\/wp-content\/uploads\/2019\/11\/967_original-300x300.png 300w, https:\/\/realto.lv\/wp-content\/uploads\/2019\/11\/967_original-100x100.png 100w, https:\/\/realto.lv\/wp-content\/uploads\/2019\/11\/967_original-350x350.png 350w\" sizes=\"(max-width: 150px) 100vw, 150px\" \/><\/a>\n\t\t\t<\/div><\/figure><figure class='gallery-item'>\n\t\t\t<div class='gallery-icon landscape'>\n\t\t\t\t<a data-elementor-open-lightbox=\"yes\" data-elementor-lightbox-slideshow=\"3343af0c\" data-elementor-lightbox-title=\"968_original\" data-e-action-hash=\"#elementor-action%3Aaction%3Dlightbox%26settings%3DeyJpZCI6MTAzMzEsInVybCI6Imh0dHBzOlwvXC9yZWFsdG8ubHZcL3dwLWNvbnRlbnRcL3VwbG9hZHNcLzIwMTlcLzExXC85Njhfb3JpZ2luYWwucG5nIiwic2xpZGVzaG93IjoiMzM0M2FmMGMifQ%3D%3D\" href='https:\/\/realto.lv\/wp-content\/uploads\/2019\/11\/968_original.png'><img loading=\"lazy\" decoding=\"async\" width=\"150\" height=\"150\" src=\"https:\/\/realto.lv\/wp-content\/uploads\/2019\/11\/968_original-150x150.png\" class=\"attachment-thumbnail size-thumbnail\" alt=\"\" srcset=\"https:\/\/realto.lv\/wp-content\/uploads\/2019\/11\/968_original-150x150.png 150w, https:\/\/realto.lv\/wp-content\/uploads\/2019\/11\/968_original-300x300.png 300w, https:\/\/realto.lv\/wp-content\/uploads\/2019\/11\/968_original-100x100.png 100w, https:\/\/realto.lv\/wp-content\/uploads\/2019\/11\/968_original-350x350.png 350w\" sizes=\"(max-width: 150px) 100vw, 150px\" \/><\/a>\n\t\t\t<\/div><\/figure><figure class='gallery-item'>\n\t\t\t<div class='gallery-icon landscape'>\n\t\t\t\t<a data-elementor-open-lightbox=\"yes\" data-elementor-lightbox-slideshow=\"3343af0c\" data-elementor-lightbox-title=\"969_original\" data-e-action-hash=\"#elementor-action%3Aaction%3Dlightbox%26settings%3DeyJpZCI6MTAzMzMsInVybCI6Imh0dHBzOlwvXC9yZWFsdG8ubHZcL3dwLWNvbnRlbnRcL3VwbG9hZHNcLzIwMTlcLzExXC85Njlfb3JpZ2luYWwucG5nIiwic2xpZGVzaG93IjoiMzM0M2FmMGMifQ%3D%3D\" href='https:\/\/realto.lv\/wp-content\/uploads\/2019\/11\/969_original.png'><img loading=\"lazy\" decoding=\"async\" width=\"150\" height=\"150\" src=\"https:\/\/realto.lv\/wp-content\/uploads\/2019\/11\/969_original-150x150.png\" class=\"attachment-thumbnail size-thumbnail\" alt=\"\" srcset=\"https:\/\/realto.lv\/wp-content\/uploads\/2019\/11\/969_original-150x150.png 150w, https:\/\/realto.lv\/wp-content\/uploads\/2019\/11\/969_original-300x300.png 300w, https:\/\/realto.lv\/wp-content\/uploads\/2019\/11\/969_original-100x100.png 100w, https:\/\/realto.lv\/wp-content\/uploads\/2019\/11\/969_original-350x350.png 350w\" sizes=\"(max-width: 150px) 100vw, 150px\" \/><\/a>\n\t\t\t<\/div><\/figure>\n\t\t<\/div>\n\t\t<\/div>\n\t\t\t\t\t\t<\/div>\n\t\t\t\t<\/div>\n\t\t\t\t\t<\/div>\n\t\t<\/div>\n\t\t\t\t\t<\/div>\n\t\t<\/section>\n\t\t\t\t<\/div>\n\t\t","protected":false},"excerpt":{"rendered":"<p>Available retail space in P\u0101rventa, Ventspils Around the building there is a food supermarket &#8220;IKI&#8221; and a building materials supermarket &#8220;M\u0101jai un d\u0101rzam&#8221;. Premises are allready leased by the supermarket Elvi and a cafe. Object offers: Free parking for both customers and visitors;Easy access;Possibility to adapt the premises to the tenant&#8217;s wishes and needs;Profesion\u0101la p\u0101rvald\u012bba. [&hellip;]<\/p>\n","protected":false},"author":1,"featured_media":0,"parent":0,"menu_order":0,"comment_status":"closed","ping_status":"closed","template":"","meta":{"footnotes":"","_links_to":"","_links_to_target":""},"class_list":["post-10666","page","type-page","status-publish","hentry"],"_links":{"self":[{"href":"https:\/\/realto.lv\/en\/wp-json\/wp\/v2\/pages\/10666","targetHints":{"allow":["GET"]}}],"collection":[{"href":"https:\/\/realto.lv\/en\/wp-json\/wp\/v2\/pages"}],"about":[{"href":"https:\/\/realto.lv\/en\/wp-json\/wp\/v2\/types\/page"}],"author":[{"embeddable":true,"href":"https:\/\/realto.lv\/en\/wp-json\/wp\/v2\/users\/1"}],"replies":[{"embeddable":true,"href":"https:\/\/realto.lv\/en\/wp-json\/wp\/v2\/comments?post=10666"}],"version-history":[{"count":0,"href":"https:\/\/realto.lv\/en\/wp-json\/wp\/v2\/pages\/10666\/revisions"}],"wp:attachment":[{"href":"https:\/\/realto.lv\/en\/wp-json\/wp\/v2\/media?parent=10666"}],"curies":[{"name":"wp","href":"https:\/\/api.w.org\/{rel}","templated":true}]}}