{"id":10639,"date":"2019-11-20T13:42:06","date_gmt":"2019-11-20T13:42:06","guid":{"rendered":"https:\/\/telpas.realto.lv\/commercial-premises\/premises-for-rent-in-raina-street-1-sigulda\/"},"modified":"2019-11-20T13:42:09","modified_gmt":"2019-11-20T13:42:09","slug":"premises-for-rent-in-raina-street-1-sigulda","status":"publish","type":"page","link":"https:\/\/realto.lv\/en\/premises-for-rent-in-raina-street-1-sigulda\/","title":{"rendered":"Premises for rent in Rai\u0146a street 1, Sigulda"},"content":{"rendered":"\t\t<div data-elementor-type=\"wp-page\" data-elementor-id=\"10639\" class=\"elementor elementor-10639 elementor-10397\">\n\t\t\t\t\t\t<section class=\"elementor-section elementor-top-section elementor-element elementor-element-351f4e00 elementor-section-boxed elementor-section-height-default elementor-section-height-default\" data-id=\"351f4e00\" data-element_type=\"section\" data-e-type=\"section\">\n\t\t\t\t\t\t<div class=\"elementor-container elementor-column-gap-default\">\n\t\t\t\t\t<div class=\"elementor-column elementor-col-100 elementor-top-column elementor-element elementor-element-3dc2004d\" data-id=\"3dc2004d\" data-element_type=\"column\" data-e-type=\"column\">\n\t\t\t<div class=\"elementor-widget-wrap elementor-element-populated\">\n\t\t\t\t\t\t<section class=\"elementor-section elementor-inner-section elementor-element elementor-element-3ea03291 elementor-section-boxed elementor-section-height-default elementor-section-height-default\" data-id=\"3ea03291\" data-element_type=\"section\" data-e-type=\"section\">\n\t\t\t\t\t\t<div class=\"elementor-container elementor-column-gap-default\">\n\t\t\t\t\t<div class=\"elementor-column elementor-col-66 elementor-inner-column elementor-element elementor-element-79496948\" data-id=\"79496948\" data-element_type=\"column\" data-e-type=\"column\">\n\t\t\t<div class=\"elementor-widget-wrap elementor-element-populated\">\n\t\t\t\t\t\t<div class=\"elementor-element elementor-element-6d34edae elementor-widget elementor-widget-text-editor\" data-id=\"6d34edae\" data-element_type=\"widget\" data-e-type=\"widget\" data-widget_type=\"text-editor.default\">\n\t\t\t\t<div class=\"elementor-widget-container\">\n\t\t\t\t\t\t\t\t\t<p>Located in the very center of Sigulda, the property boasts a diverse architecture and a business-friendly location. On the ground floor of the building there is a space for commercial premises and on the second floor &#8211; for offices.<\/p>\n<p>Easy access to the building is guaranteed by the surrounding traffic system and the availability of parking spaces.<\/p>\n<p><strong>Object offers:<\/strong><\/p>\n<ul>\n<li>Free parking for both customers and visitors;<\/li>\n<li>Convenient public transport (train, bus);<\/li>\n<li>Big windows;<\/li>\n<li>Landscaped courtyard;<\/li>\n<li>There is a bank branch nearby;<\/li>\n<li>It is possible to adapt the premises to the wishes and needs of the tenant;<\/li>\n<li>Profesion\u0101la p\u0101rvald\u012bba.<\/li>\n<\/ul>\n<p><strong>Adress:<\/strong> Rai\u0146a street 1, Sigulda<\/p>\n<p><strong>Total area:<\/strong> 1327 m2<\/p>\n<p><strong>Floors: <\/strong>2<\/p>\n\t\t\t\t\t\t\t\t<\/div>\n\t\t\t\t<\/div>\n\t\t\t\t\t<\/div>\n\t\t<\/div>\n\t\t\t\t<div class=\"elementor-column elementor-col-33 elementor-inner-column elementor-element elementor-element-19e5161e\" data-id=\"19e5161e\" data-element_type=\"column\" data-e-type=\"column\">\n\t\t\t<div class=\"elementor-widget-wrap elementor-element-populated\">\n\t\t\t\t\t\t<div class=\"elementor-element elementor-element-4a5209e8 elementor-widget elementor-widget-heading\" data-id=\"4a5209e8\" data-element_type=\"widget\" data-e-type=\"widget\" data-widget_type=\"heading.default\">\n\t\t\t\t<div class=\"elementor-widget-container\">\n\t\t\t\t\t<h2 class=\"elementor-heading-title elementor-size-default\">Contacts:<\/h2>\t\t\t\t<\/div>\n\t\t\t\t<\/div>\n\t\t\t\t<div class=\"elementor-element elementor-element-7261987a elementor-widget elementor-widget-image\" data-id=\"7261987a\" data-element_type=\"widget\" data-e-type=\"widget\" data-widget_type=\"image.default\">\n\t\t\t\t<div class=\"elementor-widget-container\">\n\t\t\t\t\t\t\t\t\t\t\t\t\t\t\t<img decoding=\"async\" width=\"150\" height=\"150\" src=\"https:\/\/realto.lv\/wp-content\/uploads\/2019\/06\/dsc_5522_4.jpg\" class=\"attachment-large size-large wp-image-8081\" alt=\"inese krasovska\" srcset=\"https:\/\/realto.lv\/wp-content\/uploads\/2019\/06\/dsc_5522_4.jpg 150w, https:\/\/realto.lv\/wp-content\/uploads\/2019\/06\/dsc_5522_4-100x100.jpg 100w\" sizes=\"(max-width: 150px) 100vw, 150px\" \/>\t\t\t\t\t\t\t\t\t\t\t\t\t\t\t<\/div>\n\t\t\t\t<\/div>\n\t\t\t\t<div class=\"elementor-element elementor-element-105aeacb elementor-widget elementor-widget-text-editor\" data-id=\"105aeacb\" data-element_type=\"widget\" data-e-type=\"widget\" data-widget_type=\"text-editor.default\">\n\t\t\t\t<div class=\"elementor-widget-container\">\n\t\t\t\t\t\t\t\t\t<h3>Inese Krasovska<\/h3>\n<p>Phone: +371 27700270<\/p>\n<p>inese.krasovska@realto.lv<\/p>\n\t\t\t\t\t\t\t\t<\/div>\n\t\t\t\t<\/div>\n\t\t\t\t\t<\/div>\n\t\t<\/div>\n\t\t\t\t\t<\/div>\n\t\t<\/section>\n\t\t\t\t\t<\/div>\n\t\t<\/div>\n\t\t\t\t\t<\/div>\n\t\t<\/section>\n\t\t\t\t<section class=\"elementor-section elementor-top-section elementor-element elementor-element-724e002d elementor-section-boxed elementor-section-height-default elementor-section-height-default\" data-id=\"724e002d\" data-element_type=\"section\" data-e-type=\"section\">\n\t\t\t\t\t\t<div class=\"elementor-container elementor-column-gap-default\">\n\t\t\t\t\t<div class=\"elementor-column elementor-col-100 elementor-top-column elementor-element elementor-element-4e125ce8\" data-id=\"4e125ce8\" data-element_type=\"column\" data-e-type=\"column\">\n\t\t\t<div class=\"elementor-widget-wrap elementor-element-populated\">\n\t\t\t\t\t\t<div class=\"elementor-element elementor-element-4e34cf6 elementor-widget elementor-widget-heading\" data-id=\"4e34cf6\" data-element_type=\"widget\" data-e-type=\"widget\" data-widget_type=\"heading.default\">\n\t\t\t\t<div class=\"elementor-widget-container\">\n\t\t\t\t\t<h2 class=\"elementor-heading-title elementor-size-default\">Photo gallery:<\/h2>\t\t\t\t<\/div>\n\t\t\t\t<\/div>\n\t\t\t\t<div class=\"elementor-element elementor-element-67389c90 elementor-widget elementor-widget-image-gallery\" data-id=\"67389c90\" data-element_type=\"widget\" data-e-type=\"widget\" data-widget_type=\"image-gallery.default\">\n\t\t\t\t<div class=\"elementor-widget-container\">\n\t\t\t\t\t\t\t<div class=\"elementor-image-gallery\">\n\t\t\t<div id='gallery-1' class='gallery galleryid-10639 gallery-columns-4 gallery-size-thumbnail'><figure class='gallery-item'>\n\t\t\t<div class='gallery-icon landscape'>\n\t\t\t\t<a data-elementor-open-lightbox=\"yes\" data-elementor-lightbox-slideshow=\"67389c90\" data-elementor-lightbox-title=\"DSC01900-HDR (Large)\" data-e-action-hash=\"#elementor-action%3Aaction%3Dlightbox%26settings%3DeyJpZCI6MTA0MDMsInVybCI6Imh0dHBzOlwvXC9yZWFsdG8ubHZcL3dwLWNvbnRlbnRcL3VwbG9hZHNcLzIwMTlcLzExXC9EU0MwMTkwMC1IRFItTGFyZ2UuanBnIiwic2xpZGVzaG93IjoiNjczODljOTAifQ%3D%3D\" href='https:\/\/realto.lv\/wp-content\/uploads\/2019\/11\/DSC01900-HDR-Large.jpg'><img decoding=\"async\" width=\"150\" height=\"150\" src=\"https:\/\/realto.lv\/wp-content\/uploads\/2019\/11\/DSC01900-HDR-Large-150x150.jpg\" class=\"attachment-thumbnail size-thumbnail\" alt=\"\" srcset=\"https:\/\/realto.lv\/wp-content\/uploads\/2019\/11\/DSC01900-HDR-Large-150x150.jpg 150w, https:\/\/realto.lv\/wp-content\/uploads\/2019\/11\/DSC01900-HDR-Large-300x300.jpg 300w, https:\/\/realto.lv\/wp-content\/uploads\/2019\/11\/DSC01900-HDR-Large-100x100.jpg 100w, https:\/\/realto.lv\/wp-content\/uploads\/2019\/11\/DSC01900-HDR-Large-350x350.jpg 350w\" sizes=\"(max-width: 150px) 100vw, 150px\" \/><\/a>\n\t\t\t<\/div><\/figure><figure class='gallery-item'>\n\t\t\t<div class='gallery-icon landscape'>\n\t\t\t\t<a data-elementor-open-lightbox=\"yes\" data-elementor-lightbox-slideshow=\"67389c90\" data-elementor-lightbox-title=\"DSC01903-HDR (Large)\" data-e-action-hash=\"#elementor-action%3Aaction%3Dlightbox%26settings%3DeyJpZCI6MTA0MDUsInVybCI6Imh0dHBzOlwvXC9yZWFsdG8ubHZcL3dwLWNvbnRlbnRcL3VwbG9hZHNcLzIwMTlcLzExXC9EU0MwMTkwMy1IRFItTGFyZ2UuanBnIiwic2xpZGVzaG93IjoiNjczODljOTAifQ%3D%3D\" href='https:\/\/realto.lv\/wp-content\/uploads\/2019\/11\/DSC01903-HDR-Large.jpg'><img decoding=\"async\" width=\"150\" height=\"150\" src=\"https:\/\/realto.lv\/wp-content\/uploads\/2019\/11\/DSC01903-HDR-Large-150x150.jpg\" class=\"attachment-thumbnail size-thumbnail\" alt=\"\" srcset=\"https:\/\/realto.lv\/wp-content\/uploads\/2019\/11\/DSC01903-HDR-Large-150x150.jpg 150w, https:\/\/realto.lv\/wp-content\/uploads\/2019\/11\/DSC01903-HDR-Large-300x300.jpg 300w, https:\/\/realto.lv\/wp-content\/uploads\/2019\/11\/DSC01903-HDR-Large-100x100.jpg 100w, https:\/\/realto.lv\/wp-content\/uploads\/2019\/11\/DSC01903-HDR-Large-350x350.jpg 350w\" sizes=\"(max-width: 150px) 100vw, 150px\" \/><\/a>\n\t\t\t<\/div><\/figure><figure class='gallery-item'>\n\t\t\t<div class='gallery-icon landscape'>\n\t\t\t\t<a data-elementor-open-lightbox=\"yes\" data-elementor-lightbox-slideshow=\"67389c90\" data-elementor-lightbox-title=\"DSC01908-HDR (Large)\" data-e-action-hash=\"#elementor-action%3Aaction%3Dlightbox%26settings%3DeyJpZCI6MTA0MDcsInVybCI6Imh0dHBzOlwvXC9yZWFsdG8ubHZcL3dwLWNvbnRlbnRcL3VwbG9hZHNcLzIwMTlcLzExXC9EU0MwMTkwOC1IRFItTGFyZ2UuanBnIiwic2xpZGVzaG93IjoiNjczODljOTAifQ%3D%3D\" href='https:\/\/realto.lv\/wp-content\/uploads\/2019\/11\/DSC01908-HDR-Large.jpg'><img loading=\"lazy\" decoding=\"async\" width=\"150\" height=\"150\" src=\"https:\/\/realto.lv\/wp-content\/uploads\/2019\/11\/DSC01908-HDR-Large-150x150.jpg\" class=\"attachment-thumbnail size-thumbnail\" alt=\"\" srcset=\"https:\/\/realto.lv\/wp-content\/uploads\/2019\/11\/DSC01908-HDR-Large-150x150.jpg 150w, https:\/\/realto.lv\/wp-content\/uploads\/2019\/11\/DSC01908-HDR-Large-300x300.jpg 300w, https:\/\/realto.lv\/wp-content\/uploads\/2019\/11\/DSC01908-HDR-Large-100x100.jpg 100w, https:\/\/realto.lv\/wp-content\/uploads\/2019\/11\/DSC01908-HDR-Large-350x350.jpg 350w\" sizes=\"(max-width: 150px) 100vw, 150px\" \/><\/a>\n\t\t\t<\/div><\/figure><figure class='gallery-item'>\n\t\t\t<div class='gallery-icon landscape'>\n\t\t\t\t<a data-elementor-open-lightbox=\"yes\" data-elementor-lightbox-slideshow=\"67389c90\" data-elementor-lightbox-title=\"DSC01917-HDR (Large)\" data-e-action-hash=\"#elementor-action%3Aaction%3Dlightbox%26settings%3DeyJpZCI6MTA0MDksInVybCI6Imh0dHBzOlwvXC9yZWFsdG8ubHZcL3dwLWNvbnRlbnRcL3VwbG9hZHNcLzIwMTlcLzExXC9EU0MwMTkxNy1IRFItTGFyZ2UuanBnIiwic2xpZGVzaG93IjoiNjczODljOTAifQ%3D%3D\" href='https:\/\/realto.lv\/wp-content\/uploads\/2019\/11\/DSC01917-HDR-Large.jpg'><img loading=\"lazy\" decoding=\"async\" width=\"150\" height=\"150\" src=\"https:\/\/realto.lv\/wp-content\/uploads\/2019\/11\/DSC01917-HDR-Large-150x150.jpg\" class=\"attachment-thumbnail size-thumbnail\" alt=\"\" srcset=\"https:\/\/realto.lv\/wp-content\/uploads\/2019\/11\/DSC01917-HDR-Large-150x150.jpg 150w, https:\/\/realto.lv\/wp-content\/uploads\/2019\/11\/DSC01917-HDR-Large-300x300.jpg 300w, https:\/\/realto.lv\/wp-content\/uploads\/2019\/11\/DSC01917-HDR-Large-100x100.jpg 100w, https:\/\/realto.lv\/wp-content\/uploads\/2019\/11\/DSC01917-HDR-Large-350x350.jpg 350w\" sizes=\"(max-width: 150px) 100vw, 150px\" \/><\/a>\n\t\t\t<\/div><\/figure><figure class='gallery-item'>\n\t\t\t<div class='gallery-icon landscape'>\n\t\t\t\t<a data-elementor-open-lightbox=\"yes\" data-elementor-lightbox-slideshow=\"67389c90\" data-elementor-lightbox-title=\"DSC01923-HDR (Large)\" data-e-action-hash=\"#elementor-action%3Aaction%3Dlightbox%26settings%3DeyJpZCI6MTA0MTEsInVybCI6Imh0dHBzOlwvXC9yZWFsdG8ubHZcL3dwLWNvbnRlbnRcL3VwbG9hZHNcLzIwMTlcLzExXC9EU0MwMTkyMy1IRFItTGFyZ2UuanBnIiwic2xpZGVzaG93IjoiNjczODljOTAifQ%3D%3D\" href='https:\/\/realto.lv\/wp-content\/uploads\/2019\/11\/DSC01923-HDR-Large.jpg'><img loading=\"lazy\" decoding=\"async\" width=\"150\" height=\"150\" src=\"https:\/\/realto.lv\/wp-content\/uploads\/2019\/11\/DSC01923-HDR-Large-150x150.jpg\" class=\"attachment-thumbnail size-thumbnail\" alt=\"\" srcset=\"https:\/\/realto.lv\/wp-content\/uploads\/2019\/11\/DSC01923-HDR-Large-150x150.jpg 150w, https:\/\/realto.lv\/wp-content\/uploads\/2019\/11\/DSC01923-HDR-Large-300x300.jpg 300w, https:\/\/realto.lv\/wp-content\/uploads\/2019\/11\/DSC01923-HDR-Large-100x100.jpg 100w, https:\/\/realto.lv\/wp-content\/uploads\/2019\/11\/DSC01923-HDR-Large-350x350.jpg 350w\" sizes=\"(max-width: 150px) 100vw, 150px\" \/><\/a>\n\t\t\t<\/div><\/figure><figure class='gallery-item'>\n\t\t\t<div class='gallery-icon landscape'>\n\t\t\t\t<a data-elementor-open-lightbox=\"yes\" data-elementor-lightbox-slideshow=\"67389c90\" data-elementor-lightbox-title=\"DSC01924-HDR (Large)\" data-e-action-hash=\"#elementor-action%3Aaction%3Dlightbox%26settings%3DeyJpZCI6MTA0MTMsInVybCI6Imh0dHBzOlwvXC9yZWFsdG8ubHZcL3dwLWNvbnRlbnRcL3VwbG9hZHNcLzIwMTlcLzExXC9EU0MwMTkyNC1IRFItTGFyZ2UuanBnIiwic2xpZGVzaG93IjoiNjczODljOTAifQ%3D%3D\" href='https:\/\/realto.lv\/wp-content\/uploads\/2019\/11\/DSC01924-HDR-Large.jpg'><img loading=\"lazy\" decoding=\"async\" width=\"150\" height=\"150\" src=\"https:\/\/realto.lv\/wp-content\/uploads\/2019\/11\/DSC01924-HDR-Large-150x150.jpg\" class=\"attachment-thumbnail size-thumbnail\" alt=\"\" srcset=\"https:\/\/realto.lv\/wp-content\/uploads\/2019\/11\/DSC01924-HDR-Large-150x150.jpg 150w, https:\/\/realto.lv\/wp-content\/uploads\/2019\/11\/DSC01924-HDR-Large-300x300.jpg 300w, https:\/\/realto.lv\/wp-content\/uploads\/2019\/11\/DSC01924-HDR-Large-100x100.jpg 100w, https:\/\/realto.lv\/wp-content\/uploads\/2019\/11\/DSC01924-HDR-Large-350x350.jpg 350w\" sizes=\"(max-width: 150px) 100vw, 150px\" \/><\/a>\n\t\t\t<\/div><\/figure>\n\t\t<\/div>\n\t\t<\/div>\n\t\t\t\t\t\t<\/div>\n\t\t\t\t<\/div>\n\t\t\t\t\t<\/div>\n\t\t<\/div>\n\t\t\t\t\t<\/div>\n\t\t<\/section>\n\t\t\t\t<\/div>\n\t\t","protected":false},"excerpt":{"rendered":"<p>Located in the very center of Sigulda, the property boasts a diverse architecture and a business-friendly location. On the ground floor of the building there is a space for commercial premises and on the second floor &#8211; for offices. Easy access to the building is guaranteed by the surrounding traffic system and the availability of [&hellip;]<\/p>\n","protected":false},"author":1,"featured_media":28549,"parent":0,"menu_order":0,"comment_status":"closed","ping_status":"closed","template":"","meta":{"footnotes":"","_links_to":"","_links_to_target":""},"class_list":["post-10639","page","type-page","status-publish","has-post-thumbnail","hentry"],"_links":{"self":[{"href":"https:\/\/realto.lv\/en\/wp-json\/wp\/v2\/pages\/10639","targetHints":{"allow":["GET"]}}],"collection":[{"href":"https:\/\/realto.lv\/en\/wp-json\/wp\/v2\/pages"}],"about":[{"href":"https:\/\/realto.lv\/en\/wp-json\/wp\/v2\/types\/page"}],"author":[{"embeddable":true,"href":"https:\/\/realto.lv\/en\/wp-json\/wp\/v2\/users\/1"}],"replies":[{"embeddable":true,"href":"https:\/\/realto.lv\/en\/wp-json\/wp\/v2\/comments?post=10639"}],"version-history":[{"count":0,"href":"https:\/\/realto.lv\/en\/wp-json\/wp\/v2\/pages\/10639\/revisions"}],"wp:featuredmedia":[{"embeddable":true,"href":"https:\/\/realto.lv\/en\/wp-json\/wp\/v2\/media\/28549"}],"wp:attachment":[{"href":"https:\/\/realto.lv\/en\/wp-json\/wp\/v2\/media?parent=10639"}],"curies":[{"name":"wp","href":"https:\/\/api.w.org\/{rel}","templated":true}]}}