{"id":10634,"date":"2019-11-20T13:39:20","date_gmt":"2019-11-20T13:39:20","guid":{"rendered":"https:\/\/telpas.realto.lv\/commercial-premises\/premises-for-rent-in-ventas-street-16-skrunda\/"},"modified":"2019-11-20T13:39:22","modified_gmt":"2019-11-20T13:39:22","slug":"premises-for-rent-in-ventas-street-16-skrunda","status":"publish","type":"page","link":"https:\/\/realto.lv\/en\/commercial-premises\/premises-for-rent-in-ventas-street-16-skrunda\/","title":{"rendered":"Premises for rent in Ventas street 16, Skrunda"},"content":{"rendered":"\t\t<div data-elementor-type=\"wp-page\" data-elementor-id=\"10634\" class=\"elementor elementor-10634 elementor-10313\">\n\t\t\t\t\t\t<section class=\"elementor-section elementor-top-section elementor-element elementor-element-73aa19e1 elementor-section-boxed elementor-section-height-default elementor-section-height-default\" data-id=\"73aa19e1\" data-element_type=\"section\" data-e-type=\"section\">\n\t\t\t\t\t\t<div class=\"elementor-container elementor-column-gap-default\">\n\t\t\t\t\t<div class=\"elementor-column elementor-col-100 elementor-top-column elementor-element elementor-element-3f1ac604\" data-id=\"3f1ac604\" data-element_type=\"column\" data-e-type=\"column\">\n\t\t\t<div class=\"elementor-widget-wrap elementor-element-populated\">\n\t\t\t\t\t\t<section class=\"elementor-section elementor-inner-section elementor-element elementor-element-5529e2c7 elementor-section-boxed elementor-section-height-default elementor-section-height-default\" data-id=\"5529e2c7\" data-element_type=\"section\" data-e-type=\"section\">\n\t\t\t\t\t\t<div class=\"elementor-container elementor-column-gap-default\">\n\t\t\t\t\t<div class=\"elementor-column elementor-col-66 elementor-inner-column elementor-element elementor-element-6ad7dba3\" data-id=\"6ad7dba3\" data-element_type=\"column\" data-e-type=\"column\">\n\t\t\t<div class=\"elementor-widget-wrap elementor-element-populated\">\n\t\t\t\t\t\t<div class=\"elementor-element elementor-element-730f2111 elementor-widget elementor-widget-text-editor\" data-id=\"730f2111\" data-element_type=\"widget\" data-e-type=\"widget\" data-widget_type=\"text-editor.default\">\n\t\t\t\t<div class=\"elementor-widget-container\">\n\t\t\t\t\t\t\t\t\t<p>There is a large sales hall, office, storage, cold storage and technical rooms. At the moment, the premises in the building are leased by a grocery store, caf\u00e9 and post office.<\/p>\n<p>Object offers:<\/p>\n<ul>\n<li>Free parking for both customers and visitors;<\/li>\n<li>Easy access;<\/li>\n<li>Possibility to adapt the premises to the tenant&#8217;s wishes and needs;<\/li>\n<li>Profesion\u0101la p\u0101rvald\u012bba.<\/li>\n<\/ul>\n<div class=\"field field-name-field-ap-address field-type-text field-label-inline clearfix\">\n<div class=\"field-label\"><strong>Adress:<\/strong> Ventas street 16<\/div>\n<div><strong>Total area:<\/strong> 1 071 m<sup>2<\/sup><\/div>\n<\/div>\n\t\t\t\t\t\t\t\t<\/div>\n\t\t\t\t<\/div>\n\t\t\t\t\t<\/div>\n\t\t<\/div>\n\t\t\t\t<div class=\"elementor-column elementor-col-33 elementor-inner-column elementor-element elementor-element-67400b05\" data-id=\"67400b05\" data-element_type=\"column\" data-e-type=\"column\">\n\t\t\t<div class=\"elementor-widget-wrap elementor-element-populated\">\n\t\t\t\t\t\t<div class=\"elementor-element elementor-element-1c34603a elementor-widget elementor-widget-heading\" data-id=\"1c34603a\" data-element_type=\"widget\" data-e-type=\"widget\" data-widget_type=\"heading.default\">\n\t\t\t\t<div class=\"elementor-widget-container\">\n\t\t\t\t\t<h2 class=\"elementor-heading-title elementor-size-default\">Contacts:<\/h2>\t\t\t\t<\/div>\n\t\t\t\t<\/div>\n\t\t\t\t<div class=\"elementor-element elementor-element-31df986e elementor-widget elementor-widget-image\" data-id=\"31df986e\" data-element_type=\"widget\" data-e-type=\"widget\" data-widget_type=\"image.default\">\n\t\t\t\t<div class=\"elementor-widget-container\">\n\t\t\t\t\t\t\t\t\t\t\t\t\t\t\t<img decoding=\"async\" width=\"150\" height=\"150\" src=\"https:\/\/realto.lv\/wp-content\/uploads\/2019\/06\/dsc_5522_4.jpg\" class=\"attachment-large size-large wp-image-8081\" alt=\"inese krasovska\" srcset=\"https:\/\/realto.lv\/wp-content\/uploads\/2019\/06\/dsc_5522_4.jpg 150w, https:\/\/realto.lv\/wp-content\/uploads\/2019\/06\/dsc_5522_4-100x100.jpg 100w\" sizes=\"(max-width: 150px) 100vw, 150px\" \/>\t\t\t\t\t\t\t\t\t\t\t\t\t\t\t<\/div>\n\t\t\t\t<\/div>\n\t\t\t\t<div class=\"elementor-element elementor-element-2fa2a6cc elementor-widget elementor-widget-text-editor\" data-id=\"2fa2a6cc\" data-element_type=\"widget\" data-e-type=\"widget\" data-widget_type=\"text-editor.default\">\n\t\t\t\t<div class=\"elementor-widget-container\">\n\t\t\t\t\t\t\t\t\t<h3>Inese Krasovska<\/h3>\n<p>Phone: +371 27700270<\/p>\n<p>inese.krasovska@realto.lv<\/p>\n\t\t\t\t\t\t\t\t<\/div>\n\t\t\t\t<\/div>\n\t\t\t\t\t<\/div>\n\t\t<\/div>\n\t\t\t\t\t<\/div>\n\t\t<\/section>\n\t\t\t\t\t<\/div>\n\t\t<\/div>\n\t\t\t\t\t<\/div>\n\t\t<\/section>\n\t\t\t\t<section class=\"elementor-section elementor-top-section elementor-element elementor-element-52e46128 elementor-section-boxed elementor-section-height-default elementor-section-height-default\" data-id=\"52e46128\" data-element_type=\"section\" data-e-type=\"section\">\n\t\t\t\t\t\t<div class=\"elementor-container elementor-column-gap-default\">\n\t\t\t\t\t<div class=\"elementor-column elementor-col-100 elementor-top-column elementor-element elementor-element-7346b042\" data-id=\"7346b042\" data-element_type=\"column\" data-e-type=\"column\">\n\t\t\t<div class=\"elementor-widget-wrap elementor-element-populated\">\n\t\t\t\t\t\t<div class=\"elementor-element elementor-element-76a7c1bf elementor-widget elementor-widget-heading\" data-id=\"76a7c1bf\" data-element_type=\"widget\" data-e-type=\"widget\" data-widget_type=\"heading.default\">\n\t\t\t\t<div class=\"elementor-widget-container\">\n\t\t\t\t\t<h2 class=\"elementor-heading-title elementor-size-default\">Photo gallery:<\/h2>\t\t\t\t<\/div>\n\t\t\t\t<\/div>\n\t\t\t\t<div class=\"elementor-element elementor-element-6dc13042 elementor-widget elementor-widget-image-gallery\" data-id=\"6dc13042\" data-element_type=\"widget\" data-e-type=\"widget\" data-widget_type=\"image-gallery.default\">\n\t\t\t\t<div class=\"elementor-widget-container\">\n\t\t\t\t\t\t\t<div class=\"elementor-image-gallery\">\n\t\t\t<div id='gallery-1' class='gallery galleryid-10634 gallery-columns-3 gallery-size-thumbnail'><figure class='gallery-item'>\n\t\t\t<div class='gallery-icon landscape'>\n\t\t\t\t<a data-elementor-open-lightbox=\"yes\" data-elementor-lightbox-slideshow=\"6dc13042\" data-elementor-lightbox-title=\"skrunda_small_2\" data-e-action-hash=\"#elementor-action%3Aaction%3Dlightbox%26settings%3DeyJpZCI6MTAzMTgsInVybCI6Imh0dHBzOlwvXC9yZWFsdG8ubHZcL3dwLWNvbnRlbnRcL3VwbG9hZHNcLzIwMTlcLzExXC9za3J1bmRhX3NtYWxsXzIucG5nIiwic2xpZGVzaG93IjoiNmRjMTMwNDIifQ%3D%3D\" href='https:\/\/realto.lv\/wp-content\/uploads\/2019\/11\/skrunda_small_2.png'><img decoding=\"async\" width=\"150\" height=\"150\" src=\"https:\/\/realto.lv\/wp-content\/uploads\/2019\/11\/skrunda_small_2-150x150.png\" class=\"attachment-thumbnail size-thumbnail\" alt=\"\" srcset=\"https:\/\/realto.lv\/wp-content\/uploads\/2019\/11\/skrunda_small_2-150x150.png 150w, https:\/\/realto.lv\/wp-content\/uploads\/2019\/11\/skrunda_small_2-300x300.png 300w, https:\/\/realto.lv\/wp-content\/uploads\/2019\/11\/skrunda_small_2-100x100.png 100w, https:\/\/realto.lv\/wp-content\/uploads\/2019\/11\/skrunda_small_2-350x350.png 350w\" sizes=\"(max-width: 150px) 100vw, 150px\" \/><\/a>\n\t\t\t<\/div><\/figure><figure class='gallery-item'>\n\t\t\t<div class='gallery-icon landscape'>\n\t\t\t\t<a data-elementor-open-lightbox=\"yes\" data-elementor-lightbox-slideshow=\"6dc13042\" data-elementor-lightbox-title=\"skrunda_small_1\" data-e-action-hash=\"#elementor-action%3Aaction%3Dlightbox%26settings%3DeyJpZCI6MTAzMTUsInVybCI6Imh0dHBzOlwvXC9yZWFsdG8ubHZcL3dwLWNvbnRlbnRcL3VwbG9hZHNcLzIwMTlcLzExXC9za3J1bmRhX3NtYWxsXzEucG5nIiwic2xpZGVzaG93IjoiNmRjMTMwNDIifQ%3D%3D\" href='https:\/\/realto.lv\/wp-content\/uploads\/2019\/11\/skrunda_small_1.png'><img decoding=\"async\" width=\"150\" height=\"150\" src=\"https:\/\/realto.lv\/wp-content\/uploads\/2019\/11\/skrunda_small_1-150x150.png\" class=\"attachment-thumbnail size-thumbnail\" alt=\"\" srcset=\"https:\/\/realto.lv\/wp-content\/uploads\/2019\/11\/skrunda_small_1-150x150.png 150w, https:\/\/realto.lv\/wp-content\/uploads\/2019\/11\/skrunda_small_1-300x300.png 300w, https:\/\/realto.lv\/wp-content\/uploads\/2019\/11\/skrunda_small_1-100x100.png 100w, https:\/\/realto.lv\/wp-content\/uploads\/2019\/11\/skrunda_small_1-350x350.png 350w\" sizes=\"(max-width: 150px) 100vw, 150px\" \/><\/a>\n\t\t\t<\/div><\/figure>\n\t\t<\/div>\n\t\t<\/div>\n\t\t\t\t\t\t<\/div>\n\t\t\t\t<\/div>\n\t\t\t\t\t<\/div>\n\t\t<\/div>\n\t\t\t\t\t<\/div>\n\t\t<\/section>\n\t\t\t\t<\/div>\n\t\t","protected":false},"excerpt":{"rendered":"<p>There is a large sales hall, office, storage, cold storage and technical rooms. At the moment, the premises in the building are leased by a grocery store, caf\u00e9 and post office. Object offers: Free parking for both customers and visitors; Easy access; Possibility to adapt the premises to the tenant&#8217;s wishes and needs; Profesion\u0101la p\u0101rvald\u012bba. [&hellip;]<\/p>\n","protected":false},"author":1,"featured_media":10314,"parent":10567,"menu_order":0,"comment_status":"closed","ping_status":"closed","template":"","meta":{"footnotes":"","_links_to":"","_links_to_target":""},"class_list":["post-10634","page","type-page","status-publish","has-post-thumbnail","hentry"],"_links":{"self":[{"href":"https:\/\/realto.lv\/en\/wp-json\/wp\/v2\/pages\/10634","targetHints":{"allow":["GET"]}}],"collection":[{"href":"https:\/\/realto.lv\/en\/wp-json\/wp\/v2\/pages"}],"about":[{"href":"https:\/\/realto.lv\/en\/wp-json\/wp\/v2\/types\/page"}],"author":[{"embeddable":true,"href":"https:\/\/realto.lv\/en\/wp-json\/wp\/v2\/users\/1"}],"replies":[{"embeddable":true,"href":"https:\/\/realto.lv\/en\/wp-json\/wp\/v2\/comments?post=10634"}],"version-history":[{"count":0,"href":"https:\/\/realto.lv\/en\/wp-json\/wp\/v2\/pages\/10634\/revisions"}],"up":[{"embeddable":true,"href":"https:\/\/realto.lv\/en\/wp-json\/wp\/v2\/pages\/10567"}],"wp:featuredmedia":[{"embeddable":true,"href":"https:\/\/realto.lv\/en\/wp-json\/wp\/v2\/media\/10314"}],"wp:attachment":[{"href":"https:\/\/realto.lv\/en\/wp-json\/wp\/v2\/media?parent=10634"}],"curies":[{"name":"wp","href":"https:\/\/api.w.org\/{rel}","templated":true}]}}