{"id":10629,"date":"2019-11-20T13:28:29","date_gmt":"2019-11-20T13:28:29","guid":{"rendered":"https:\/\/telpas.realto.lv\/commercial-premises\/shopping-center-raibais-suns-in-sigulda-city\/"},"modified":"2024-07-23T09:38:35","modified_gmt":"2024-07-23T09:38:35","slug":"shopping-center-raibais-suns-in-sigulda-city","status":"publish","type":"page","link":"https:\/\/realto.lv\/en\/commercial-premises\/shopping-center-raibais-suns-in-sigulda-city\/","title":{"rendered":"Shopping center Raibais Suns in Sigulda city"},"content":{"rendered":"\t\t<div data-elementor-type=\"wp-page\" data-elementor-id=\"10629\" class=\"elementor elementor-10629\">\n\t\t\t\t\t\t<section class=\"elementor-section elementor-top-section elementor-element elementor-element-8fe8332 elementor-section-boxed elementor-section-height-default elementor-section-height-default\" data-id=\"8fe8332\" data-element_type=\"section\" data-e-type=\"section\">\n\t\t\t\t\t\t<div class=\"elementor-container elementor-column-gap-default\">\n\t\t\t\t\t<div class=\"elementor-column elementor-col-100 elementor-top-column elementor-element elementor-element-7bebead\" data-id=\"7bebead\" data-element_type=\"column\" data-e-type=\"column\">\n\t\t\t<div class=\"elementor-widget-wrap elementor-element-populated\">\n\t\t\t\t\t\t<section class=\"elementor-section elementor-inner-section elementor-element elementor-element-cf0d3e7 elementor-section-boxed elementor-section-height-default elementor-section-height-default\" data-id=\"cf0d3e7\" data-element_type=\"section\" data-e-type=\"section\">\n\t\t\t\t\t\t<div class=\"elementor-container elementor-column-gap-default\">\n\t\t\t\t\t<div class=\"elementor-column elementor-col-66 elementor-inner-column elementor-element elementor-element-f0aa136\" data-id=\"f0aa136\" data-element_type=\"column\" data-e-type=\"column\">\n\t\t\t<div class=\"elementor-widget-wrap elementor-element-populated\">\n\t\t\t\t\t\t<div class=\"elementor-element elementor-element-53812a3 elementor-widget elementor-widget-text-editor\" data-id=\"53812a3\" data-element_type=\"widget\" data-e-type=\"widget\" data-widget_type=\"text-editor.default\">\n\t\t\t\t<div class=\"elementor-widget-container\">\n\t\t\t\t\t\t\t\t\t<p>Shopping center &#8220;Raibais suns&#8221; offers retail space for rent in Sigulda.<\/p>\n<p><strong>Adress:<\/strong> Vidzemes \u0161oseja 16<\/p>\n<p><strong>Total area:<\/strong> 4 230m2<\/p>\n<p><strong>Website:<\/strong><a href=\"https:\/\/raibais-suns.lv\/\"> www.raibais-suns.lv<\/a><\/p>\n<div>\n<div class=\"field-label\">In shopping center there is more than 15 shops, including Elvi grocery store, AlkOutlet drink store, Caffe \u0145amma and others.<\/div>\n<\/div>\n<p>Shopping center Raibais suns offers:<\/p>\n<ul>\n<li>Free parking for both customers and visitors;<\/li>\n<li>It is possible to adapt the premises to the wishes and needs of the tenant;<\/li>\n<li>Easy access to suppliers;<\/li>\n<li>Profesion\u0101la p\u0101rvald\u012bba.<\/li>\n<\/ul>\n\t\t\t\t\t\t\t\t<\/div>\n\t\t\t\t<\/div>\n\t\t\t\t\t<\/div>\n\t\t<\/div>\n\t\t\t\t<div class=\"elementor-column elementor-col-33 elementor-inner-column elementor-element elementor-element-ba48ed0\" data-id=\"ba48ed0\" data-element_type=\"column\" data-e-type=\"column\">\n\t\t\t<div class=\"elementor-widget-wrap elementor-element-populated\">\n\t\t\t\t\t\t<div class=\"elementor-element elementor-element-c405c42 elementor-widget elementor-widget-heading\" data-id=\"c405c42\" data-element_type=\"widget\" data-e-type=\"widget\" data-widget_type=\"heading.default\">\n\t\t\t\t<div class=\"elementor-widget-container\">\n\t\t\t\t\t<h2 class=\"elementor-heading-title elementor-size-default\">Contacts:<\/h2>\t\t\t\t<\/div>\n\t\t\t\t<\/div>\n\t\t\t\t<div class=\"elementor-element elementor-element-c1a6ad5 elementor-widget elementor-widget-image\" data-id=\"c1a6ad5\" data-element_type=\"widget\" data-e-type=\"widget\" data-widget_type=\"image.default\">\n\t\t\t\t<div class=\"elementor-widget-container\">\n\t\t\t\t\t\t\t\t\t\t\t\t\t\t\t<img decoding=\"async\" width=\"200\" height=\"200\" src=\"https:\/\/realto.lv\/wp-content\/uploads\/2022\/09\/RL1A6943_2-1.jpg\" class=\"attachment-large size-large wp-image-20662\" alt=\"\" srcset=\"https:\/\/realto.lv\/wp-content\/uploads\/2022\/09\/RL1A6943_2-1.jpg 200w, https:\/\/realto.lv\/wp-content\/uploads\/2022\/09\/RL1A6943_2-1-100x100.jpg 100w, https:\/\/realto.lv\/wp-content\/uploads\/2022\/09\/RL1A6943_2-1-150x150.jpg 150w\" sizes=\"(max-width: 200px) 100vw, 200px\" \/>\t\t\t\t\t\t\t\t\t\t\t\t\t\t\t<\/div>\n\t\t\t\t<\/div>\n\t\t\t\t<div class=\"elementor-element elementor-element-46fe408 elementor-widget elementor-widget-text-editor\" data-id=\"46fe408\" data-element_type=\"widget\" data-e-type=\"widget\" data-widget_type=\"text-editor.default\">\n\t\t\t\t<div class=\"elementor-widget-container\">\n\t\t\t\t\t\t\t\t\t<h3><span style=\"font-weight: 600; font-size: 16px; text-align: center; background-color: rgba(255, 255, 255, 0.9);\">Evita Gredzena<\/span><br><\/h3>\n<p>Phone: +371&nbsp;<span style=\"background-color: rgba(255, 255, 255, 0.9); text-align: center;\">20509000<\/span><\/p>\n<p><span style=\"text-align: center; background-color: rgba(255, 255, 255, 0.9);\">evita.gredzena@realto.lv<\/span><br><\/p>\t\t\t\t\t\t\t\t<\/div>\n\t\t\t\t<\/div>\n\t\t\t\t\t<\/div>\n\t\t<\/div>\n\t\t\t\t\t<\/div>\n\t\t<\/section>\n\t\t\t\t\t<\/div>\n\t\t<\/div>\n\t\t\t\t\t<\/div>\n\t\t<\/section>\n\t\t\t\t<section class=\"elementor-section elementor-top-section elementor-element elementor-element-be16d8e elementor-section-boxed elementor-section-height-default elementor-section-height-default\" data-id=\"be16d8e\" data-element_type=\"section\" data-e-type=\"section\">\n\t\t\t\t\t\t<div class=\"elementor-container elementor-column-gap-default\">\n\t\t\t\t\t<div class=\"elementor-column elementor-col-100 elementor-top-column elementor-element elementor-element-3da6473\" data-id=\"3da6473\" data-element_type=\"column\" data-e-type=\"column\">\n\t\t\t<div class=\"elementor-widget-wrap elementor-element-populated\">\n\t\t\t\t\t\t<div class=\"elementor-element elementor-element-0b929fc elementor-widget elementor-widget-heading\" data-id=\"0b929fc\" data-element_type=\"widget\" data-e-type=\"widget\" data-widget_type=\"heading.default\">\n\t\t\t\t<div class=\"elementor-widget-container\">\n\t\t\t\t\t<h2 class=\"elementor-heading-title elementor-size-default\">Photo gallery:<\/h2>\t\t\t\t<\/div>\n\t\t\t\t<\/div>\n\t\t\t\t<div class=\"elementor-element elementor-element-f0000a3 elementor-widget elementor-widget-image-gallery\" data-id=\"f0000a3\" data-element_type=\"widget\" data-e-type=\"widget\" data-widget_type=\"image-gallery.default\">\n\t\t\t\t<div class=\"elementor-widget-container\">\n\t\t\t\t\t\t\t<div class=\"elementor-image-gallery\">\n\t\t\t<div id='gallery-1' class='gallery galleryid-10629 gallery-columns-4 gallery-size-thumbnail'><figure class='gallery-item'>\n\t\t\t<div class='gallery-icon landscape'>\n\t\t\t\t<a data-elementor-open-lightbox=\"yes\" data-elementor-lightbox-slideshow=\"f0000a3\" data-elementor-lightbox-title=\"RL1A0191\" data-e-action-hash=\"#elementor-action%3Aaction%3Dlightbox%26settings%3DeyJpZCI6MTAyNzEsInVybCI6Imh0dHBzOlwvXC9yZWFsdG8ubHZcL3dwLWNvbnRlbnRcL3VwbG9hZHNcLzIwMTlcLzExXC9STDFBMDE5MS5qcGciLCJzbGlkZXNob3ciOiJmMDAwMGEzIn0%3D\" href='https:\/\/realto.lv\/wp-content\/uploads\/2019\/11\/RL1A0191.jpg'><img decoding=\"async\" width=\"150\" height=\"150\" src=\"https:\/\/realto.lv\/wp-content\/uploads\/2019\/11\/RL1A0191-150x150.jpg\" class=\"attachment-thumbnail size-thumbnail\" alt=\"\" srcset=\"https:\/\/realto.lv\/wp-content\/uploads\/2019\/11\/RL1A0191-150x150.jpg 150w, https:\/\/realto.lv\/wp-content\/uploads\/2019\/11\/RL1A0191-300x300.jpg 300w, https:\/\/realto.lv\/wp-content\/uploads\/2019\/11\/RL1A0191-100x100.jpg 100w, https:\/\/realto.lv\/wp-content\/uploads\/2019\/11\/RL1A0191-350x350.jpg 350w\" sizes=\"(max-width: 150px) 100vw, 150px\" \/><\/a>\n\t\t\t<\/div><\/figure><figure class='gallery-item'>\n\t\t\t<div class='gallery-icon landscape'>\n\t\t\t\t<a data-elementor-open-lightbox=\"yes\" data-elementor-lightbox-slideshow=\"f0000a3\" data-elementor-lightbox-title=\"RL1A0159\" data-e-action-hash=\"#elementor-action%3Aaction%3Dlightbox%26settings%3DeyJpZCI6MTAyNjksInVybCI6Imh0dHBzOlwvXC9yZWFsdG8ubHZcL3dwLWNvbnRlbnRcL3VwbG9hZHNcLzIwMTlcLzExXC9STDFBMDE1OS5qcGciLCJzbGlkZXNob3ciOiJmMDAwMGEzIn0%3D\" href='https:\/\/realto.lv\/wp-content\/uploads\/2019\/11\/RL1A0159.jpg'><img decoding=\"async\" width=\"150\" height=\"150\" src=\"https:\/\/realto.lv\/wp-content\/uploads\/2019\/11\/RL1A0159-150x150.jpg\" class=\"attachment-thumbnail size-thumbnail\" alt=\"\" srcset=\"https:\/\/realto.lv\/wp-content\/uploads\/2019\/11\/RL1A0159-150x150.jpg 150w, https:\/\/realto.lv\/wp-content\/uploads\/2019\/11\/RL1A0159-300x300.jpg 300w, https:\/\/realto.lv\/wp-content\/uploads\/2019\/11\/RL1A0159-100x100.jpg 100w, https:\/\/realto.lv\/wp-content\/uploads\/2019\/11\/RL1A0159-350x350.jpg 350w\" sizes=\"(max-width: 150px) 100vw, 150px\" \/><\/a>\n\t\t\t<\/div><\/figure><figure class='gallery-item'>\n\t\t\t<div class='gallery-icon landscape'>\n\t\t\t\t<a data-elementor-open-lightbox=\"yes\" data-elementor-lightbox-slideshow=\"f0000a3\" data-elementor-lightbox-title=\"RL1A0016\" data-e-action-hash=\"#elementor-action%3Aaction%3Dlightbox%26settings%3DeyJpZCI6MTAyNTQsInVybCI6Imh0dHBzOlwvXC9yZWFsdG8ubHZcL3dwLWNvbnRlbnRcL3VwbG9hZHNcLzIwMTlcLzExXC9STDFBMDAxNi5qcGciLCJzbGlkZXNob3ciOiJmMDAwMGEzIn0%3D\" href='https:\/\/realto.lv\/wp-content\/uploads\/2019\/11\/RL1A0016.jpg'><img loading=\"lazy\" decoding=\"async\" width=\"150\" height=\"150\" src=\"https:\/\/realto.lv\/wp-content\/uploads\/2019\/11\/RL1A0016-150x150.jpg\" class=\"attachment-thumbnail size-thumbnail\" alt=\"\" srcset=\"https:\/\/realto.lv\/wp-content\/uploads\/2019\/11\/RL1A0016-150x150.jpg 150w, https:\/\/realto.lv\/wp-content\/uploads\/2019\/11\/RL1A0016-300x300.jpg 300w, https:\/\/realto.lv\/wp-content\/uploads\/2019\/11\/RL1A0016-100x100.jpg 100w, https:\/\/realto.lv\/wp-content\/uploads\/2019\/11\/RL1A0016-350x350.jpg 350w\" sizes=\"(max-width: 150px) 100vw, 150px\" \/><\/a>\n\t\t\t<\/div><\/figure><figure class='gallery-item'>\n\t\t\t<div class='gallery-icon landscape'>\n\t\t\t\t<a data-elementor-open-lightbox=\"yes\" data-elementor-lightbox-slideshow=\"f0000a3\" data-elementor-lightbox-title=\"RL1A0025\" data-e-action-hash=\"#elementor-action%3Aaction%3Dlightbox%26settings%3DeyJpZCI6MTAyNTYsInVybCI6Imh0dHBzOlwvXC9yZWFsdG8ubHZcL3dwLWNvbnRlbnRcL3VwbG9hZHNcLzIwMTlcLzExXC9STDFBMDAyNS5qcGciLCJzbGlkZXNob3ciOiJmMDAwMGEzIn0%3D\" href='https:\/\/realto.lv\/wp-content\/uploads\/2019\/11\/RL1A0025.jpg'><img loading=\"lazy\" decoding=\"async\" width=\"150\" height=\"150\" src=\"https:\/\/realto.lv\/wp-content\/uploads\/2019\/11\/RL1A0025-150x150.jpg\" class=\"attachment-thumbnail size-thumbnail\" alt=\"\" srcset=\"https:\/\/realto.lv\/wp-content\/uploads\/2019\/11\/RL1A0025-150x150.jpg 150w, https:\/\/realto.lv\/wp-content\/uploads\/2019\/11\/RL1A0025-300x300.jpg 300w, https:\/\/realto.lv\/wp-content\/uploads\/2019\/11\/RL1A0025-100x100.jpg 100w, https:\/\/realto.lv\/wp-content\/uploads\/2019\/11\/RL1A0025-350x350.jpg 350w\" sizes=\"(max-width: 150px) 100vw, 150px\" \/><\/a>\n\t\t\t<\/div><\/figure><figure class='gallery-item'>\n\t\t\t<div class='gallery-icon landscape'>\n\t\t\t\t<a data-elementor-open-lightbox=\"yes\" data-elementor-lightbox-slideshow=\"f0000a3\" data-elementor-lightbox-title=\"RL1A0061\" data-e-action-hash=\"#elementor-action%3Aaction%3Dlightbox%26settings%3DeyJpZCI6MTAyNTgsInVybCI6Imh0dHBzOlwvXC9yZWFsdG8ubHZcL3dwLWNvbnRlbnRcL3VwbG9hZHNcLzIwMTlcLzExXC9STDFBMDA2MS5qcGciLCJzbGlkZXNob3ciOiJmMDAwMGEzIn0%3D\" href='https:\/\/realto.lv\/wp-content\/uploads\/2019\/11\/RL1A0061.jpg'><img loading=\"lazy\" decoding=\"async\" width=\"150\" height=\"150\" src=\"https:\/\/realto.lv\/wp-content\/uploads\/2019\/11\/RL1A0061-150x150.jpg\" class=\"attachment-thumbnail size-thumbnail\" alt=\"\" srcset=\"https:\/\/realto.lv\/wp-content\/uploads\/2019\/11\/RL1A0061-150x150.jpg 150w, https:\/\/realto.lv\/wp-content\/uploads\/2019\/11\/RL1A0061-300x300.jpg 300w, https:\/\/realto.lv\/wp-content\/uploads\/2019\/11\/RL1A0061-100x100.jpg 100w, https:\/\/realto.lv\/wp-content\/uploads\/2019\/11\/RL1A0061-350x350.jpg 350w\" sizes=\"(max-width: 150px) 100vw, 150px\" \/><\/a>\n\t\t\t<\/div><\/figure><figure class='gallery-item'>\n\t\t\t<div class='gallery-icon landscape'>\n\t\t\t\t<a data-elementor-open-lightbox=\"yes\" data-elementor-lightbox-slideshow=\"f0000a3\" data-elementor-lightbox-title=\"RL1A0080\" data-e-action-hash=\"#elementor-action%3Aaction%3Dlightbox%26settings%3DeyJpZCI6MTAyNjAsInVybCI6Imh0dHBzOlwvXC9yZWFsdG8ubHZcL3dwLWNvbnRlbnRcL3VwbG9hZHNcLzIwMTlcLzExXC9STDFBMDA4MC5qcGciLCJzbGlkZXNob3ciOiJmMDAwMGEzIn0%3D\" href='https:\/\/realto.lv\/wp-content\/uploads\/2019\/11\/RL1A0080.jpg'><img loading=\"lazy\" decoding=\"async\" width=\"150\" height=\"150\" src=\"https:\/\/realto.lv\/wp-content\/uploads\/2019\/11\/RL1A0080-150x150.jpg\" class=\"attachment-thumbnail size-thumbnail\" alt=\"\" srcset=\"https:\/\/realto.lv\/wp-content\/uploads\/2019\/11\/RL1A0080-150x150.jpg 150w, https:\/\/realto.lv\/wp-content\/uploads\/2019\/11\/RL1A0080-300x300.jpg 300w, https:\/\/realto.lv\/wp-content\/uploads\/2019\/11\/RL1A0080-100x100.jpg 100w, https:\/\/realto.lv\/wp-content\/uploads\/2019\/11\/RL1A0080-350x350.jpg 350w\" sizes=\"(max-width: 150px) 100vw, 150px\" \/><\/a>\n\t\t\t<\/div><\/figure><figure class='gallery-item'>\n\t\t\t<div class='gallery-icon landscape'>\n\t\t\t\t<a data-elementor-open-lightbox=\"yes\" data-elementor-lightbox-slideshow=\"f0000a3\" data-elementor-lightbox-title=\"RL1A0092\" data-e-action-hash=\"#elementor-action%3Aaction%3Dlightbox%26settings%3DeyJpZCI6MTAyNjIsInVybCI6Imh0dHBzOlwvXC9yZWFsdG8ubHZcL3dwLWNvbnRlbnRcL3VwbG9hZHNcLzIwMTlcLzExXC9STDFBMDA5Mi5qcGciLCJzbGlkZXNob3ciOiJmMDAwMGEzIn0%3D\" href='https:\/\/realto.lv\/wp-content\/uploads\/2019\/11\/RL1A0092.jpg'><img loading=\"lazy\" decoding=\"async\" width=\"150\" height=\"150\" src=\"https:\/\/realto.lv\/wp-content\/uploads\/2019\/11\/RL1A0092-150x150.jpg\" class=\"attachment-thumbnail size-thumbnail\" alt=\"\" srcset=\"https:\/\/realto.lv\/wp-content\/uploads\/2019\/11\/RL1A0092-150x150.jpg 150w, https:\/\/realto.lv\/wp-content\/uploads\/2019\/11\/RL1A0092-300x300.jpg 300w, https:\/\/realto.lv\/wp-content\/uploads\/2019\/11\/RL1A0092-100x100.jpg 100w, https:\/\/realto.lv\/wp-content\/uploads\/2019\/11\/RL1A0092-350x350.jpg 350w\" sizes=\"(max-width: 150px) 100vw, 150px\" \/><\/a>\n\t\t\t<\/div><\/figure><figure class='gallery-item'>\n\t\t\t<div class='gallery-icon landscape'>\n\t\t\t\t<a data-elementor-open-lightbox=\"yes\" data-elementor-lightbox-slideshow=\"f0000a3\" data-elementor-lightbox-title=\"RL1A0105\" data-e-action-hash=\"#elementor-action%3Aaction%3Dlightbox%26settings%3DeyJpZCI6MTAyNjQsInVybCI6Imh0dHBzOlwvXC9yZWFsdG8ubHZcL3dwLWNvbnRlbnRcL3VwbG9hZHNcLzIwMTlcLzExXC9STDFBMDEwNS5qcGciLCJzbGlkZXNob3ciOiJmMDAwMGEzIn0%3D\" href='https:\/\/realto.lv\/wp-content\/uploads\/2019\/11\/RL1A0105.jpg'><img loading=\"lazy\" decoding=\"async\" width=\"150\" height=\"150\" src=\"https:\/\/realto.lv\/wp-content\/uploads\/2019\/11\/RL1A0105-150x150.jpg\" class=\"attachment-thumbnail size-thumbnail\" alt=\"\" srcset=\"https:\/\/realto.lv\/wp-content\/uploads\/2019\/11\/RL1A0105-150x150.jpg 150w, https:\/\/realto.lv\/wp-content\/uploads\/2019\/11\/RL1A0105-300x300.jpg 300w, https:\/\/realto.lv\/wp-content\/uploads\/2019\/11\/RL1A0105-100x100.jpg 100w, https:\/\/realto.lv\/wp-content\/uploads\/2019\/11\/RL1A0105-350x350.jpg 350w\" sizes=\"(max-width: 150px) 100vw, 150px\" \/><\/a>\n\t\t\t<\/div><\/figure><figure class='gallery-item'>\n\t\t\t<div class='gallery-icon landscape'>\n\t\t\t\t<a data-elementor-open-lightbox=\"yes\" data-elementor-lightbox-slideshow=\"f0000a3\" data-elementor-lightbox-title=\"RL1A0132\" data-e-action-hash=\"#elementor-action%3Aaction%3Dlightbox%26settings%3DeyJpZCI6MTAyNjYsInVybCI6Imh0dHBzOlwvXC9yZWFsdG8ubHZcL3dwLWNvbnRlbnRcL3VwbG9hZHNcLzIwMTlcLzExXC9STDFBMDEzMi5qcGciLCJzbGlkZXNob3ciOiJmMDAwMGEzIn0%3D\" href='https:\/\/realto.lv\/wp-content\/uploads\/2019\/11\/RL1A0132.jpg'><img loading=\"lazy\" decoding=\"async\" width=\"150\" height=\"150\" src=\"https:\/\/realto.lv\/wp-content\/uploads\/2019\/11\/RL1A0132-150x150.jpg\" class=\"attachment-thumbnail size-thumbnail\" alt=\"\" srcset=\"https:\/\/realto.lv\/wp-content\/uploads\/2019\/11\/RL1A0132-150x150.jpg 150w, https:\/\/realto.lv\/wp-content\/uploads\/2019\/11\/RL1A0132-300x300.jpg 300w, https:\/\/realto.lv\/wp-content\/uploads\/2019\/11\/RL1A0132-100x100.jpg 100w, https:\/\/realto.lv\/wp-content\/uploads\/2019\/11\/RL1A0132-350x350.jpg 350w\" sizes=\"(max-width: 150px) 100vw, 150px\" \/><\/a>\n\t\t\t<\/div><\/figure><figure class='gallery-item'>\n\t\t\t<div class='gallery-icon landscape'>\n\t\t\t\t<a data-elementor-open-lightbox=\"yes\" data-elementor-lightbox-slideshow=\"f0000a3\" data-elementor-lightbox-title=\"WhatsApp Image 2022-08-31 at 16.53.27\" data-e-action-hash=\"#elementor-action%3Aaction%3Dlightbox%26settings%3DeyJpZCI6MjE2NjMsInVybCI6Imh0dHBzOlwvXC9yZWFsdG8ubHZcL3dwLWNvbnRlbnRcL3VwbG9hZHNcLzIwMjNcLzAxXC9XaGF0c0FwcC1JbWFnZS0yMDIyLTA4LTMxLWF0LTE2LjUzLjI3LmpwZWciLCJzbGlkZXNob3ciOiJmMDAwMGEzIn0%3D\" href='https:\/\/realto.lv\/wp-content\/uploads\/2023\/01\/WhatsApp-Image-2022-08-31-at-16.53.27.jpeg'><img loading=\"lazy\" decoding=\"async\" width=\"150\" height=\"150\" src=\"https:\/\/realto.lv\/wp-content\/uploads\/2023\/01\/WhatsApp-Image-2022-08-31-at-16.53.27-150x150.jpeg\" class=\"attachment-thumbnail size-thumbnail\" alt=\"\" srcset=\"https:\/\/realto.lv\/wp-content\/uploads\/2023\/01\/WhatsApp-Image-2022-08-31-at-16.53.27-150x150.jpeg 150w, https:\/\/realto.lv\/wp-content\/uploads\/2023\/01\/WhatsApp-Image-2022-08-31-at-16.53.27-300x300.jpeg 300w, https:\/\/realto.lv\/wp-content\/uploads\/2023\/01\/WhatsApp-Image-2022-08-31-at-16.53.27-100x100.jpeg 100w\" sizes=\"(max-width: 150px) 100vw, 150px\" \/><\/a>\n\t\t\t<\/div><\/figure>\n\t\t<\/div>\n\t\t<\/div>\n\t\t\t\t\t\t<\/div>\n\t\t\t\t<\/div>\n\t\t\t\t\t<\/div>\n\t\t<\/div>\n\t\t\t\t\t<\/div>\n\t\t<\/section>\n\t\t\t\t<\/div>\n\t\t","protected":false},"excerpt":{"rendered":"<p>Shopping center &#8220;Raibais suns&#8221; offers retail space for rent in Sigulda. Adress: Vidzemes \u0161oseja 16 Total area: 4 230m2 Website: www.raibais-suns.lv In shopping center there is more than 15 shops, including Elvi grocery store, AlkOutlet drink store, Caffe \u0145amma and others. Shopping center Raibais suns offers: Free parking for both customers and visitors; It is [&hellip;]<\/p>\n","protected":false},"author":1,"featured_media":23448,"parent":10567,"menu_order":0,"comment_status":"closed","ping_status":"closed","template":"","meta":{"footnotes":"","_links_to":"","_links_to_target":""},"class_list":["post-10629","page","type-page","status-publish","has-post-thumbnail","hentry"],"_links":{"self":[{"href":"https:\/\/realto.lv\/en\/wp-json\/wp\/v2\/pages\/10629","targetHints":{"allow":["GET"]}}],"collection":[{"href":"https:\/\/realto.lv\/en\/wp-json\/wp\/v2\/pages"}],"about":[{"href":"https:\/\/realto.lv\/en\/wp-json\/wp\/v2\/types\/page"}],"author":[{"embeddable":true,"href":"https:\/\/realto.lv\/en\/wp-json\/wp\/v2\/users\/1"}],"replies":[{"embeddable":true,"href":"https:\/\/realto.lv\/en\/wp-json\/wp\/v2\/comments?post=10629"}],"version-history":[{"count":0,"href":"https:\/\/realto.lv\/en\/wp-json\/wp\/v2\/pages\/10629\/revisions"}],"up":[{"embeddable":true,"href":"https:\/\/realto.lv\/en\/wp-json\/wp\/v2\/pages\/10567"}],"wp:featuredmedia":[{"embeddable":true,"href":"https:\/\/realto.lv\/en\/wp-json\/wp\/v2\/media\/23448"}],"wp:attachment":[{"href":"https:\/\/realto.lv\/en\/wp-json\/wp\/v2\/media?parent=10629"}],"curies":[{"name":"wp","href":"https:\/\/api.w.org\/{rel}","templated":true}]}}