{"id":10619,"date":"2019-11-20T13:19:31","date_gmt":"2019-11-20T13:19:31","guid":{"rendered":"https:\/\/telpas.realto.lv\/commercial-premises\/tirgus-laukums-1-ventspils\/"},"modified":"2019-11-20T13:19:35","modified_gmt":"2019-11-20T13:19:35","slug":"tirgus-laukums-1-ventspils","status":"publish","type":"page","link":"https:\/\/realto.lv\/en\/commercial-premises\/tirgus-laukums-1-ventspils\/","title":{"rendered":"Tirgus laukums 1, Ventspils"},"content":{"rendered":"\t\t<div data-elementor-type=\"wp-page\" data-elementor-id=\"10619\" class=\"elementor elementor-10619 elementor-10277\">\n\t\t\t\t\t\t<section class=\"elementor-section elementor-top-section elementor-element elementor-element-3940bdaa elementor-section-boxed elementor-section-height-default elementor-section-height-default\" data-id=\"3940bdaa\" data-element_type=\"section\" data-e-type=\"section\">\n\t\t\t\t\t\t<div class=\"elementor-container elementor-column-gap-default\">\n\t\t\t\t\t<div class=\"elementor-column elementor-col-100 elementor-top-column elementor-element elementor-element-65803c08\" data-id=\"65803c08\" data-element_type=\"column\" data-e-type=\"column\">\n\t\t\t<div class=\"elementor-widget-wrap elementor-element-populated\">\n\t\t\t\t\t\t<section class=\"elementor-section elementor-inner-section elementor-element elementor-element-22bbcb2f elementor-section-boxed elementor-section-height-default elementor-section-height-default\" data-id=\"22bbcb2f\" data-element_type=\"section\" data-e-type=\"section\">\n\t\t\t\t\t\t<div class=\"elementor-container elementor-column-gap-default\">\n\t\t\t\t\t<div class=\"elementor-column elementor-col-66 elementor-inner-column elementor-element elementor-element-267f0955\" data-id=\"267f0955\" data-element_type=\"column\" data-e-type=\"column\">\n\t\t\t<div class=\"elementor-widget-wrap elementor-element-populated\">\n\t\t\t\t\t\t<div class=\"elementor-element elementor-element-6ea903f5 elementor-widget elementor-widget-text-editor\" data-id=\"6ea903f5\" data-element_type=\"widget\" data-e-type=\"widget\" data-widget_type=\"text-editor.default\">\n\t\t\t\t<div class=\"elementor-widget-container\">\n\t\t\t\t\t\t\t\t\t<p>Trade and service premises are available in Tirgus laukums 1, Ventspils.<\/p>\n<p><strong>Adress:<\/strong> Tirgus laukums 1, Ventspils.<\/p>\n<p><strong>Total area:<\/strong> <\/p>\n<p>Available premises in a building of wooden structures built in 1900. year. The object is located near the city center, next to the ferry terminal and Ventspils County Council. Next to the building is the Ostas Street Promenade &#8211; a popular walking spot for city residents and tourists. The ground floor of the building is already occupied by the &#8216;Alkoutlet&#8217; store.<\/p>\n<p>Tirgus laukums object offers:<\/p>\n<ul>\n<li>Free parking for both customers and visitors;<\/li>\n<li>It is possible to adapt the premises to the wishes and needs of the tenant;<\/li>\n<li>Easy access to suppliers;<\/li>\n<li>Profesion\u0101la p\u0101rvald\u012bba.<\/li>\n<\/ul>\n\t\t\t\t\t\t\t\t<\/div>\n\t\t\t\t<\/div>\n\t\t\t\t\t<\/div>\n\t\t<\/div>\n\t\t\t\t<div class=\"elementor-column elementor-col-33 elementor-inner-column elementor-element elementor-element-22a9599c\" data-id=\"22a9599c\" data-element_type=\"column\" data-e-type=\"column\">\n\t\t\t<div class=\"elementor-widget-wrap elementor-element-populated\">\n\t\t\t\t\t\t<div class=\"elementor-element elementor-element-45ec5696 elementor-widget elementor-widget-heading\" data-id=\"45ec5696\" data-element_type=\"widget\" data-e-type=\"widget\" data-widget_type=\"heading.default\">\n\t\t\t\t<div class=\"elementor-widget-container\">\n\t\t\t\t\t<h2 class=\"elementor-heading-title elementor-size-default\">Contacts:<\/h2>\t\t\t\t<\/div>\n\t\t\t\t<\/div>\n\t\t\t\t<div class=\"elementor-element elementor-element-73e1034 elementor-widget elementor-widget-image\" data-id=\"73e1034\" data-element_type=\"widget\" data-e-type=\"widget\" data-widget_type=\"image.default\">\n\t\t\t\t<div class=\"elementor-widget-container\">\n\t\t\t\t\t\t\t\t\t\t\t\t\t\t\t<img decoding=\"async\" width=\"150\" height=\"150\" src=\"https:\/\/realto.lv\/wp-content\/uploads\/2019\/06\/dsc_5522_4.jpg\" class=\"attachment-large size-large wp-image-8081\" alt=\"inese krasovska\" srcset=\"https:\/\/realto.lv\/wp-content\/uploads\/2019\/06\/dsc_5522_4.jpg 150w, https:\/\/realto.lv\/wp-content\/uploads\/2019\/06\/dsc_5522_4-100x100.jpg 100w\" sizes=\"(max-width: 150px) 100vw, 150px\" \/>\t\t\t\t\t\t\t\t\t\t\t\t\t\t\t<\/div>\n\t\t\t\t<\/div>\n\t\t\t\t<div class=\"elementor-element elementor-element-44f0827f elementor-widget elementor-widget-text-editor\" data-id=\"44f0827f\" data-element_type=\"widget\" data-e-type=\"widget\" data-widget_type=\"text-editor.default\">\n\t\t\t\t<div class=\"elementor-widget-container\">\n\t\t\t\t\t\t\t\t\t<h3>Inese Krasovska<\/h3>\n<p>Phone: +371 27700270<\/p>\n<p>inese.krasovska@realto.lv<\/p>\n\t\t\t\t\t\t\t\t<\/div>\n\t\t\t\t<\/div>\n\t\t\t\t\t<\/div>\n\t\t<\/div>\n\t\t\t\t\t<\/div>\n\t\t<\/section>\n\t\t\t\t\t<\/div>\n\t\t<\/div>\n\t\t\t\t\t<\/div>\n\t\t<\/section>\n\t\t\t\t<section class=\"elementor-section elementor-top-section elementor-element elementor-element-5e247a59 elementor-section-boxed elementor-section-height-default elementor-section-height-default\" data-id=\"5e247a59\" data-element_type=\"section\" data-e-type=\"section\">\n\t\t\t\t\t\t<div class=\"elementor-container elementor-column-gap-default\">\n\t\t\t\t\t<div class=\"elementor-column elementor-col-100 elementor-top-column elementor-element elementor-element-764fb38d\" data-id=\"764fb38d\" data-element_type=\"column\" data-e-type=\"column\">\n\t\t\t<div class=\"elementor-widget-wrap elementor-element-populated\">\n\t\t\t\t\t\t<div class=\"elementor-element elementor-element-d0fe50c elementor-widget elementor-widget-heading\" data-id=\"d0fe50c\" data-element_type=\"widget\" data-e-type=\"widget\" data-widget_type=\"heading.default\">\n\t\t\t\t<div class=\"elementor-widget-container\">\n\t\t\t\t\t<h2 class=\"elementor-heading-title elementor-size-default\">Photo gallery:<\/h2>\t\t\t\t<\/div>\n\t\t\t\t<\/div>\n\t\t\t\t<div class=\"elementor-element elementor-element-61986a1b elementor-widget elementor-widget-image-gallery\" data-id=\"61986a1b\" data-element_type=\"widget\" data-e-type=\"widget\" data-widget_type=\"image-gallery.default\">\n\t\t\t\t<div class=\"elementor-widget-container\">\n\t\t\t\t\t\t\t<div class=\"elementor-image-gallery\">\n\t\t\t<div id='gallery-1' class='gallery galleryid-10619 gallery-columns-4 gallery-size-thumbnail'><figure class='gallery-item'>\n\t\t\t<div class='gallery-icon landscape'>\n\t\t\t\t<a data-elementor-open-lightbox=\"yes\" data-elementor-lightbox-slideshow=\"61986a1b\" data-elementor-lightbox-title=\"tirgus laukums 1 ventspils\" data-e-action-hash=\"#elementor-action%3Aaction%3Dlightbox%26settings%3DeyJpZCI6MTAyODQsInVybCI6Imh0dHBzOlwvXC9yZWFsdG8ubHZcL3dwLWNvbnRlbnRcL3VwbG9hZHNcLzIwMTlcLzExXC9JTUdfMjAxOTA2MTlfMTE1MzMxLmpwZyIsInNsaWRlc2hvdyI6IjYxOTg2YTFiIn0%3D\" href='https:\/\/realto.lv\/wp-content\/uploads\/2019\/11\/IMG_20190619_115331.jpg'><img decoding=\"async\" width=\"150\" height=\"150\" src=\"https:\/\/realto.lv\/wp-content\/uploads\/2019\/11\/IMG_20190619_115331-150x150.jpg\" class=\"attachment-thumbnail size-thumbnail\" alt=\"tirgus laukums 1 ventspils\" aria-describedby=\"gallery-1-10284\" srcset=\"https:\/\/realto.lv\/wp-content\/uploads\/2019\/11\/IMG_20190619_115331-150x150.jpg 150w, https:\/\/realto.lv\/wp-content\/uploads\/2019\/11\/IMG_20190619_115331-300x300.jpg 300w, https:\/\/realto.lv\/wp-content\/uploads\/2019\/11\/IMG_20190619_115331-100x100.jpg 100w, https:\/\/realto.lv\/wp-content\/uploads\/2019\/11\/IMG_20190619_115331-350x350.jpg 350w\" sizes=\"(max-width: 150px) 100vw, 150px\" \/><\/a>\n\t\t\t<\/div>\n\t\t\t\t<figcaption class='wp-caption-text gallery-caption' id='gallery-1-10284'>\n\t\t\t\thdrpl\n\t\t\t\t<\/figcaption><\/figure><figure class='gallery-item'>\n\t\t\t<div class='gallery-icon landscape'>\n\t\t\t\t<a data-elementor-open-lightbox=\"yes\" data-elementor-lightbox-slideshow=\"61986a1b\" data-elementor-lightbox-title=\"DSC05127 (Large)\" data-e-action-hash=\"#elementor-action%3Aaction%3Dlightbox%26settings%3DeyJpZCI6MTAyODcsInVybCI6Imh0dHBzOlwvXC9yZWFsdG8ubHZcL3dwLWNvbnRlbnRcL3VwbG9hZHNcLzIwMTlcLzExXC9EU0MwNTEyNy1MYXJnZS5qcGciLCJzbGlkZXNob3ciOiI2MTk4NmExYiJ9\" href='https:\/\/realto.lv\/wp-content\/uploads\/2019\/11\/DSC05127-Large.jpg'><img decoding=\"async\" width=\"150\" height=\"150\" src=\"https:\/\/realto.lv\/wp-content\/uploads\/2019\/11\/DSC05127-Large-150x150.jpg\" class=\"attachment-thumbnail size-thumbnail\" alt=\"\" srcset=\"https:\/\/realto.lv\/wp-content\/uploads\/2019\/11\/DSC05127-Large-150x150.jpg 150w, https:\/\/realto.lv\/wp-content\/uploads\/2019\/11\/DSC05127-Large-300x300.jpg 300w, https:\/\/realto.lv\/wp-content\/uploads\/2019\/11\/DSC05127-Large-100x100.jpg 100w, https:\/\/realto.lv\/wp-content\/uploads\/2019\/11\/DSC05127-Large-350x350.jpg 350w\" sizes=\"(max-width: 150px) 100vw, 150px\" \/><\/a>\n\t\t\t<\/div><\/figure><figure class='gallery-item'>\n\t\t\t<div class='gallery-icon landscape'>\n\t\t\t\t<a data-elementor-open-lightbox=\"yes\" data-elementor-lightbox-slideshow=\"61986a1b\" data-elementor-lightbox-title=\"hdrpl\" data-e-action-hash=\"#elementor-action%3Aaction%3Dlightbox%26settings%3DeyJpZCI6MTAyODksInVybCI6Imh0dHBzOlwvXC9yZWFsdG8ubHZcL3dwLWNvbnRlbnRcL3VwbG9hZHNcLzIwMTlcLzExXC9JTUdfMjAxOTA2MTlfMTEyNjU5LmpwZyIsInNsaWRlc2hvdyI6IjYxOTg2YTFiIn0%3D\" href='https:\/\/realto.lv\/wp-content\/uploads\/2019\/11\/IMG_20190619_112659.jpg'><img loading=\"lazy\" decoding=\"async\" width=\"150\" height=\"150\" src=\"https:\/\/realto.lv\/wp-content\/uploads\/2019\/11\/IMG_20190619_112659-150x150.jpg\" class=\"attachment-thumbnail size-thumbnail\" alt=\"\" aria-describedby=\"gallery-1-10289\" srcset=\"https:\/\/realto.lv\/wp-content\/uploads\/2019\/11\/IMG_20190619_112659-150x150.jpg 150w, https:\/\/realto.lv\/wp-content\/uploads\/2019\/11\/IMG_20190619_112659-300x300.jpg 300w, https:\/\/realto.lv\/wp-content\/uploads\/2019\/11\/IMG_20190619_112659-100x100.jpg 100w, https:\/\/realto.lv\/wp-content\/uploads\/2019\/11\/IMG_20190619_112659-350x350.jpg 350w\" sizes=\"(max-width: 150px) 100vw, 150px\" \/><\/a>\n\t\t\t<\/div>\n\t\t\t\t<figcaption class='wp-caption-text gallery-caption' id='gallery-1-10289'>\n\t\t\t\thdrpl\n\t\t\t\t<\/figcaption><\/figure><figure class='gallery-item'>\n\t\t\t<div class='gallery-icon landscape'>\n\t\t\t\t<a data-elementor-open-lightbox=\"yes\" data-elementor-lightbox-slideshow=\"61986a1b\" data-elementor-lightbox-title=\"hdrpl\" data-e-action-hash=\"#elementor-action%3Aaction%3Dlightbox%26settings%3DeyJpZCI6MTAyOTEsInVybCI6Imh0dHBzOlwvXC9yZWFsdG8ubHZcL3dwLWNvbnRlbnRcL3VwbG9hZHNcLzIwMTlcLzExXC9JTUdfMjAxOTA2MTlfMTEyODE3LmpwZyIsInNsaWRlc2hvdyI6IjYxOTg2YTFiIn0%3D\" href='https:\/\/realto.lv\/wp-content\/uploads\/2019\/11\/IMG_20190619_112817.jpg'><img loading=\"lazy\" decoding=\"async\" width=\"150\" height=\"150\" src=\"https:\/\/realto.lv\/wp-content\/uploads\/2019\/11\/IMG_20190619_112817-150x150.jpg\" class=\"attachment-thumbnail size-thumbnail\" alt=\"\" aria-describedby=\"gallery-1-10291\" srcset=\"https:\/\/realto.lv\/wp-content\/uploads\/2019\/11\/IMG_20190619_112817-150x150.jpg 150w, https:\/\/realto.lv\/wp-content\/uploads\/2019\/11\/IMG_20190619_112817-300x300.jpg 300w, https:\/\/realto.lv\/wp-content\/uploads\/2019\/11\/IMG_20190619_112817-100x100.jpg 100w, https:\/\/realto.lv\/wp-content\/uploads\/2019\/11\/IMG_20190619_112817-350x350.jpg 350w\" sizes=\"(max-width: 150px) 100vw, 150px\" \/><\/a>\n\t\t\t<\/div>\n\t\t\t\t<figcaption class='wp-caption-text gallery-caption' id='gallery-1-10291'>\n\t\t\t\thdrpl\n\t\t\t\t<\/figcaption><\/figure>\n\t\t<\/div>\n\t\t<\/div>\n\t\t\t\t\t\t<\/div>\n\t\t\t\t<\/div>\n\t\t\t\t\t<\/div>\n\t\t<\/div>\n\t\t\t\t\t<\/div>\n\t\t<\/section>\n\t\t\t\t<\/div>\n\t\t","protected":false},"excerpt":{"rendered":"<p>Trade and service premises are available in Tirgus laukums 1, Ventspils. Adress: Tirgus laukums 1, Ventspils. Total area: Available premises in a building of wooden structures built in 1900. year. The object is located near the city center, next to the ferry terminal and Ventspils County Council. Next to the building is the Ostas Street [&hellip;]<\/p>\n","protected":false},"author":1,"featured_media":20114,"parent":10567,"menu_order":0,"comment_status":"closed","ping_status":"closed","template":"","meta":{"footnotes":"","_links_to":"","_links_to_target":""},"class_list":["post-10619","page","type-page","status-publish","has-post-thumbnail","hentry"],"_links":{"self":[{"href":"https:\/\/realto.lv\/en\/wp-json\/wp\/v2\/pages\/10619","targetHints":{"allow":["GET"]}}],"collection":[{"href":"https:\/\/realto.lv\/en\/wp-json\/wp\/v2\/pages"}],"about":[{"href":"https:\/\/realto.lv\/en\/wp-json\/wp\/v2\/types\/page"}],"author":[{"embeddable":true,"href":"https:\/\/realto.lv\/en\/wp-json\/wp\/v2\/users\/1"}],"replies":[{"embeddable":true,"href":"https:\/\/realto.lv\/en\/wp-json\/wp\/v2\/comments?post=10619"}],"version-history":[{"count":0,"href":"https:\/\/realto.lv\/en\/wp-json\/wp\/v2\/pages\/10619\/revisions"}],"up":[{"embeddable":true,"href":"https:\/\/realto.lv\/en\/wp-json\/wp\/v2\/pages\/10567"}],"wp:featuredmedia":[{"embeddable":true,"href":"https:\/\/realto.lv\/en\/wp-json\/wp\/v2\/media\/20114"}],"wp:attachment":[{"href":"https:\/\/realto.lv\/en\/wp-json\/wp\/v2\/media?parent=10619"}],"curies":[{"name":"wp","href":"https:\/\/api.w.org\/{rel}","templated":true}]}}