{"id":10614,"date":"2019-11-20T13:16:18","date_gmt":"2019-11-20T13:16:18","guid":{"rendered":"https:\/\/telpas.realto.lv\/commercial-premises\/premises-for-rent-in-murjanu-street-91-jugla-riga\/"},"modified":"2019-11-20T13:16:22","modified_gmt":"2019-11-20T13:16:22","slug":"premises-for-rent-in-murjanu-street-91-jugla-riga","status":"publish","type":"page","link":"https:\/\/realto.lv\/en\/commercial-premises\/premises-for-rent-in-murjanu-street-91-jugla-riga\/","title":{"rendered":"Premises for rent in Murj\u0101\u0146u street 91, Jugla, R\u012bga"},"content":{"rendered":"\t\t<div data-elementor-type=\"wp-page\" data-elementor-id=\"10614\" class=\"elementor elementor-10614 elementor-10383\">\n\t\t\t\t\t\t<section class=\"elementor-section elementor-top-section elementor-element elementor-element-1529684c elementor-section-boxed elementor-section-height-default elementor-section-height-default\" data-id=\"1529684c\" data-element_type=\"section\">\n\t\t\t\t\t\t<div class=\"elementor-container elementor-column-gap-default\">\n\t\t\t\t\t<div class=\"elementor-column elementor-col-100 elementor-top-column elementor-element elementor-element-27f674f6\" data-id=\"27f674f6\" data-element_type=\"column\">\n\t\t\t<div class=\"elementor-widget-wrap elementor-element-populated\">\n\t\t\t\t\t\t<section class=\"elementor-section elementor-inner-section elementor-element elementor-element-722e21e1 elementor-section-boxed elementor-section-height-default elementor-section-height-default\" data-id=\"722e21e1\" data-element_type=\"section\">\n\t\t\t\t\t\t<div class=\"elementor-container elementor-column-gap-default\">\n\t\t\t\t\t<div class=\"elementor-column elementor-col-66 elementor-inner-column elementor-element elementor-element-27f891f1\" data-id=\"27f891f1\" data-element_type=\"column\">\n\t\t\t<div class=\"elementor-widget-wrap elementor-element-populated\">\n\t\t\t\t\t\t<div class=\"elementor-element elementor-element-21b37a43 elementor-widget elementor-widget-text-editor\" data-id=\"21b37a43\" data-element_type=\"widget\" data-widget_type=\"text-editor.default\">\n\t\t\t\t<div class=\"elementor-widget-container\">\n\t\t\t\t\t\t\t\t\t<p>The 91 house on Murj\u0101\u0146u Street is located in Jugla, an area with developed infrastructure and regular pedestrian flow. The total area of \u200b\u200bthe two-storey building is 1153 m2. The premises are suitable for retail spaces and office spaces.<\/p>\n<p>The second floor of the building has a spacious and unique outdoor terrace.<\/p>\n<p><strong>Murj\u0101\u0146u 91 object offers:<\/strong><\/p>\n<ul>\n<li>Easy access to public transport (Stop: Murj\u0101\u0146u Street);<\/li>\n<li>Free parking for both customers and visitors;<\/li>\n<li>It is possible to adapt the premises to the wishes and needs of the tenant;<\/li>\n<li>Profesion\u0101la p\u0101rvald\u012bba.<\/li>\n<\/ul>\n<p><strong>Adress:<\/strong> Murj\u0101\u0146u street 91, R\u012bga<\/p>\n<p><strong>Total area:<\/strong> 1153 m2<\/p>\n\t\t\t\t\t\t\t\t<\/div>\n\t\t\t\t<\/div>\n\t\t\t\t\t<\/div>\n\t\t<\/div>\n\t\t\t\t<div class=\"elementor-column elementor-col-33 elementor-inner-column elementor-element elementor-element-344ec725\" data-id=\"344ec725\" data-element_type=\"column\">\n\t\t\t<div class=\"elementor-widget-wrap elementor-element-populated\">\n\t\t\t\t\t\t<div class=\"elementor-element elementor-element-5b158a15 elementor-widget elementor-widget-heading\" data-id=\"5b158a15\" data-element_type=\"widget\" data-widget_type=\"heading.default\">\n\t\t\t\t<div class=\"elementor-widget-container\">\n\t\t\t\t\t<h2 class=\"elementor-heading-title elementor-size-default\">Contacts:<\/h2>\t\t\t\t<\/div>\n\t\t\t\t<\/div>\n\t\t\t\t<div class=\"elementor-element elementor-element-6c804421 elementor-widget elementor-widget-image\" data-id=\"6c804421\" data-element_type=\"widget\" data-widget_type=\"image.default\">\n\t\t\t\t<div class=\"elementor-widget-container\">\n\t\t\t\t\t\t\t\t\t\t\t\t\t\t\t<img decoding=\"async\" width=\"150\" height=\"150\" src=\"https:\/\/realto.lv\/wp-content\/uploads\/2019\/07\/ineta.jpg\" class=\"attachment-large size-large wp-image-8967\" alt=\"\" srcset=\"https:\/\/realto.lv\/wp-content\/uploads\/2019\/07\/ineta.jpg 150w, https:\/\/realto.lv\/wp-content\/uploads\/2019\/07\/ineta-100x100.jpg 100w\" sizes=\"(max-width: 150px) 100vw, 150px\" \/>\t\t\t\t\t\t\t\t\t\t\t\t\t\t\t<\/div>\n\t\t\t\t<\/div>\n\t\t\t\t<div class=\"elementor-element elementor-element-4f38df90 elementor-widget elementor-widget-text-editor\" data-id=\"4f38df90\" data-element_type=\"widget\" data-widget_type=\"text-editor.default\">\n\t\t\t\t<div class=\"elementor-widget-container\">\n\t\t\t\t\t\t\t\t\t<h2 style=\"color: #6f6f6f; font-size: 21px; font-weight: lighter; margin-top: 15px; margin-bottom: 15px; line-height: 20px; font-family: Arial, sans-serif; text-rendering: optimizelegibility; text-align: start;\">Ineta M\u016brniece &#8211; Muceniece<\/h2>\n<p>Phone: +371 27390001 <\/p>\n<p>Ineta.muceniece@realto.lv<\/p>\n\t\t\t\t\t\t\t\t<\/div>\n\t\t\t\t<\/div>\n\t\t\t\t\t<\/div>\n\t\t<\/div>\n\t\t\t\t\t<\/div>\n\t\t<\/section>\n\t\t\t\t\t<\/div>\n\t\t<\/div>\n\t\t\t\t\t<\/div>\n\t\t<\/section>\n\t\t\t\t<section class=\"elementor-section elementor-top-section elementor-element elementor-element-4ecf0e3e elementor-section-boxed elementor-section-height-default elementor-section-height-default\" data-id=\"4ecf0e3e\" data-element_type=\"section\">\n\t\t\t\t\t\t<div class=\"elementor-container elementor-column-gap-default\">\n\t\t\t\t\t<div class=\"elementor-column elementor-col-100 elementor-top-column elementor-element elementor-element-65a560a\" data-id=\"65a560a\" data-element_type=\"column\">\n\t\t\t<div class=\"elementor-widget-wrap elementor-element-populated\">\n\t\t\t\t\t\t<div class=\"elementor-element elementor-element-561206d elementor-widget elementor-widget-heading\" data-id=\"561206d\" data-element_type=\"widget\" data-widget_type=\"heading.default\">\n\t\t\t\t<div class=\"elementor-widget-container\">\n\t\t\t\t\t<h2 class=\"elementor-heading-title elementor-size-default\">Photo gallery:<\/h2>\t\t\t\t<\/div>\n\t\t\t\t<\/div>\n\t\t\t\t<div class=\"elementor-element elementor-element-4c3b6e6e elementor-widget elementor-widget-image-gallery\" data-id=\"4c3b6e6e\" data-element_type=\"widget\" data-widget_type=\"image-gallery.default\">\n\t\t\t\t<div class=\"elementor-widget-container\">\n\t\t\t\t\t\t\t<div class=\"elementor-image-gallery\">\n\t\t\t<div id='gallery-1' class='gallery galleryid-10614 gallery-columns-3 gallery-size-thumbnail'><figure class='gallery-item'>\n\t\t\t<div class='gallery-icon landscape'>\n\t\t\t\t<a data-elementor-open-lightbox=\"yes\" data-elementor-lightbox-slideshow=\"4c3b6e6e\" data-elementor-lightbox-title=\"DSC01817-HDR (Large)\" data-e-action-hash=\"#elementor-action%3Aaction%3Dlightbox%26settings%3DeyJpZCI6MTAzODgsInVybCI6Imh0dHBzOlwvXC9yZWFsdG8ubHZcL3dwLWNvbnRlbnRcL3VwbG9hZHNcLzIwMTlcLzExXC9EU0MwMTgxNy1IRFItTGFyZ2UuanBnIiwic2xpZGVzaG93IjoiNGMzYjZlNmUifQ%3D%3D\" href='https:\/\/realto.lv\/wp-content\/uploads\/2019\/11\/DSC01817-HDR-Large.jpg'><img decoding=\"async\" width=\"150\" height=\"150\" src=\"https:\/\/realto.lv\/wp-content\/uploads\/2019\/11\/DSC01817-HDR-Large-150x150.jpg\" class=\"attachment-thumbnail size-thumbnail\" alt=\"\" srcset=\"https:\/\/realto.lv\/wp-content\/uploads\/2019\/11\/DSC01817-HDR-Large-150x150.jpg 150w, https:\/\/realto.lv\/wp-content\/uploads\/2019\/11\/DSC01817-HDR-Large-300x300.jpg 300w, https:\/\/realto.lv\/wp-content\/uploads\/2019\/11\/DSC01817-HDR-Large-100x100.jpg 100w, https:\/\/realto.lv\/wp-content\/uploads\/2019\/11\/DSC01817-HDR-Large-350x350.jpg 350w\" sizes=\"(max-width: 150px) 100vw, 150px\" \/><\/a>\n\t\t\t<\/div><\/figure><figure class='gallery-item'>\n\t\t\t<div class='gallery-icon landscape'>\n\t\t\t\t<a data-elementor-open-lightbox=\"yes\" data-elementor-lightbox-slideshow=\"4c3b6e6e\" data-elementor-lightbox-title=\"murjanu iela 91\" data-e-action-hash=\"#elementor-action%3Aaction%3Dlightbox%26settings%3DeyJpZCI6MTAzODUsInVybCI6Imh0dHBzOlwvXC9yZWFsdG8ubHZcL3dwLWNvbnRlbnRcL3VwbG9hZHNcLzIwMTlcLzExXC9tdXJqYW51OTFfbm9mZW5pa3NfOTEtTGFyZ2UuanBnIiwic2xpZGVzaG93IjoiNGMzYjZlNmUifQ%3D%3D\" href='https:\/\/realto.lv\/wp-content\/uploads\/2019\/11\/murjanu91_nofeniks_91-Large.jpg'><img decoding=\"async\" width=\"150\" height=\"150\" src=\"https:\/\/realto.lv\/wp-content\/uploads\/2019\/11\/murjanu91_nofeniks_91-Large-150x150.jpg\" class=\"attachment-thumbnail size-thumbnail\" alt=\"murjanu iela 91\" srcset=\"https:\/\/realto.lv\/wp-content\/uploads\/2019\/11\/murjanu91_nofeniks_91-Large-150x150.jpg 150w, https:\/\/realto.lv\/wp-content\/uploads\/2019\/11\/murjanu91_nofeniks_91-Large-300x300.jpg 300w, https:\/\/realto.lv\/wp-content\/uploads\/2019\/11\/murjanu91_nofeniks_91-Large-100x100.jpg 100w, https:\/\/realto.lv\/wp-content\/uploads\/2019\/11\/murjanu91_nofeniks_91-Large-350x350.jpg 350w\" sizes=\"(max-width: 150px) 100vw, 150px\" \/><\/a>\n\t\t\t<\/div><\/figure>\n\t\t<\/div>\n\t\t<\/div>\n\t\t\t\t\t\t<\/div>\n\t\t\t\t<\/div>\n\t\t\t\t\t<\/div>\n\t\t<\/div>\n\t\t\t\t\t<\/div>\n\t\t<\/section>\n\t\t\t\t<\/div>\n\t\t","protected":false},"excerpt":{"rendered":"<p>The 91 house on Murj\u0101\u0146u Street is located in Jugla, an area with developed infrastructure and regular pedestrian flow. The total area of \u200b\u200bthe two-storey building is 1153 m2. The premises are suitable for retail spaces and office spaces. The second floor of the building has a spacious and unique outdoor terrace. Murj\u0101\u0146u 91 object [&hellip;]<\/p>\n","protected":false},"author":1,"featured_media":27220,"parent":10567,"menu_order":0,"comment_status":"closed","ping_status":"closed","template":"","meta":{"footnotes":"","_links_to":"","_links_to_target":""},"class_list":["post-10614","page","type-page","status-publish","has-post-thumbnail","hentry"],"_links":{"self":[{"href":"https:\/\/realto.lv\/en\/wp-json\/wp\/v2\/pages\/10614","targetHints":{"allow":["GET"]}}],"collection":[{"href":"https:\/\/realto.lv\/en\/wp-json\/wp\/v2\/pages"}],"about":[{"href":"https:\/\/realto.lv\/en\/wp-json\/wp\/v2\/types\/page"}],"author":[{"embeddable":true,"href":"https:\/\/realto.lv\/en\/wp-json\/wp\/v2\/users\/1"}],"replies":[{"embeddable":true,"href":"https:\/\/realto.lv\/en\/wp-json\/wp\/v2\/comments?post=10614"}],"version-history":[{"count":0,"href":"https:\/\/realto.lv\/en\/wp-json\/wp\/v2\/pages\/10614\/revisions"}],"up":[{"embeddable":true,"href":"https:\/\/realto.lv\/en\/wp-json\/wp\/v2\/pages\/10567"}],"wp:featuredmedia":[{"embeddable":true,"href":"https:\/\/realto.lv\/en\/wp-json\/wp\/v2\/media\/27220"}],"wp:attachment":[{"href":"https:\/\/realto.lv\/en\/wp-json\/wp\/v2\/media?parent=10614"}],"curies":[{"name":"wp","href":"https:\/\/api.w.org\/{rel}","templated":true}]}}