{"id":10609,"date":"2019-11-20T13:11:33","date_gmt":"2019-11-20T13:11:33","guid":{"rendered":"https:\/\/telpas.realto.lv\/commercial-premises\/kuldigas-street-123-ventspils\/"},"modified":"2019-11-20T13:11:37","modified_gmt":"2019-11-20T13:11:37","slug":"kuldigas-street-123-ventspils","status":"publish","type":"page","link":"https:\/\/realto.lv\/en\/commercial-premises\/kuldigas-street-123-ventspils\/","title":{"rendered":"Kuld\u012bgas street 123, Ventspils"},"content":{"rendered":"\t\t<div data-elementor-type=\"wp-page\" data-elementor-id=\"10609\" class=\"elementor elementor-10609 elementor-10320\">\n\t\t\t\t\t\t<section class=\"elementor-section elementor-top-section elementor-element elementor-element-23d032d1 elementor-section-boxed elementor-section-height-default elementor-section-height-default\" data-id=\"23d032d1\" data-element_type=\"section\" data-e-type=\"section\">\n\t\t\t\t\t\t<div class=\"elementor-container elementor-column-gap-default\">\n\t\t\t\t\t<div class=\"elementor-column elementor-col-100 elementor-top-column elementor-element elementor-element-57280ce6\" data-id=\"57280ce6\" data-element_type=\"column\" data-e-type=\"column\">\n\t\t\t<div class=\"elementor-widget-wrap elementor-element-populated\">\n\t\t\t\t\t\t<section class=\"elementor-section elementor-inner-section elementor-element elementor-element-6e241a1e elementor-section-boxed elementor-section-height-default elementor-section-height-default\" data-id=\"6e241a1e\" data-element_type=\"section\" data-e-type=\"section\">\n\t\t\t\t\t\t<div class=\"elementor-container elementor-column-gap-default\">\n\t\t\t\t\t<div class=\"elementor-column elementor-col-66 elementor-inner-column elementor-element elementor-element-734b24f5\" data-id=\"734b24f5\" data-element_type=\"column\" data-e-type=\"column\">\n\t\t\t<div class=\"elementor-widget-wrap elementor-element-populated\">\n\t\t\t\t\t\t<div class=\"elementor-element elementor-element-5a3f6c0c elementor-widget elementor-widget-text-editor\" data-id=\"5a3f6c0c\" data-element_type=\"widget\" data-e-type=\"widget\" data-widget_type=\"text-editor.default\">\n\t\t\t\t<div class=\"elementor-widget-container\">\n\t\t\t\t\t\t\t\t\t<p>The object is located in well maintained residential area of \u200b\u200bVentspils city. The retail space is currently used by Elvi retail chain.<\/p>\n<p><strong>Object offers:<\/strong><\/p>\n<ul>\n<li>Free parking for both customers and visitors;<\/li>\n<li>It is possible to adapt the premises to the wishes and needs of the tenant;<\/li>\n<li>Easy access to suppliers;<\/li>\n<li>Profesion\u0101la p\u0101rvald\u012bba.<\/li>\n<\/ul>\n<p><strong>AdresS:<\/strong> Kuld\u012bgas street 123, Ventspils<\/p>\n<p><strong>Total area:<\/strong> 212 m2<\/p>\n\t\t\t\t\t\t\t\t<\/div>\n\t\t\t\t<\/div>\n\t\t\t\t\t<\/div>\n\t\t<\/div>\n\t\t\t\t<div class=\"elementor-column elementor-col-33 elementor-inner-column elementor-element elementor-element-75c7543e\" data-id=\"75c7543e\" data-element_type=\"column\" data-e-type=\"column\">\n\t\t\t<div class=\"elementor-widget-wrap elementor-element-populated\">\n\t\t\t\t\t\t<div class=\"elementor-element elementor-element-429f2d0d elementor-widget elementor-widget-heading\" data-id=\"429f2d0d\" data-element_type=\"widget\" data-e-type=\"widget\" data-widget_type=\"heading.default\">\n\t\t\t\t<div class=\"elementor-widget-container\">\n\t\t\t\t\t<h2 class=\"elementor-heading-title elementor-size-default\">Contacts:<\/h2>\t\t\t\t<\/div>\n\t\t\t\t<\/div>\n\t\t\t\t<div class=\"elementor-element elementor-element-31cb0fda elementor-widget elementor-widget-image\" data-id=\"31cb0fda\" data-element_type=\"widget\" data-e-type=\"widget\" data-widget_type=\"image.default\">\n\t\t\t\t<div class=\"elementor-widget-container\">\n\t\t\t\t\t\t\t\t\t\t\t\t\t\t\t<img decoding=\"async\" width=\"150\" height=\"150\" src=\"https:\/\/realto.lv\/wp-content\/uploads\/2019\/06\/dsc_5522_4.jpg\" class=\"attachment-large size-large wp-image-8081\" alt=\"inese krasovska\" srcset=\"https:\/\/realto.lv\/wp-content\/uploads\/2019\/06\/dsc_5522_4.jpg 150w, https:\/\/realto.lv\/wp-content\/uploads\/2019\/06\/dsc_5522_4-100x100.jpg 100w\" sizes=\"(max-width: 150px) 100vw, 150px\" \/>\t\t\t\t\t\t\t\t\t\t\t\t\t\t\t<\/div>\n\t\t\t\t<\/div>\n\t\t\t\t<div class=\"elementor-element elementor-element-65ae9717 elementor-widget elementor-widget-text-editor\" data-id=\"65ae9717\" data-element_type=\"widget\" data-e-type=\"widget\" data-widget_type=\"text-editor.default\">\n\t\t\t\t<div class=\"elementor-widget-container\">\n\t\t\t\t\t\t\t\t\t<h3>Inese Krasovska<\/h3>\n<p>Phone: +371 27700270<\/p>\n<p>inese.krasovska@realto.lv<\/p>\n\t\t\t\t\t\t\t\t<\/div>\n\t\t\t\t<\/div>\n\t\t\t\t\t<\/div>\n\t\t<\/div>\n\t\t\t\t\t<\/div>\n\t\t<\/section>\n\t\t\t\t\t<\/div>\n\t\t<\/div>\n\t\t\t\t\t<\/div>\n\t\t<\/section>\n\t\t\t\t<section class=\"elementor-section elementor-top-section elementor-element elementor-element-485fbaaa elementor-section-boxed elementor-section-height-default elementor-section-height-default\" data-id=\"485fbaaa\" data-element_type=\"section\" data-e-type=\"section\">\n\t\t\t\t\t\t<div class=\"elementor-container elementor-column-gap-default\">\n\t\t\t\t\t<div class=\"elementor-column elementor-col-100 elementor-top-column elementor-element elementor-element-4726d\" data-id=\"4726d\" data-element_type=\"column\" data-e-type=\"column\">\n\t\t\t<div class=\"elementor-widget-wrap elementor-element-populated\">\n\t\t\t\t\t\t<div class=\"elementor-element elementor-element-2d463bb4 elementor-widget elementor-widget-heading\" data-id=\"2d463bb4\" data-element_type=\"widget\" data-e-type=\"widget\" data-widget_type=\"heading.default\">\n\t\t\t\t<div class=\"elementor-widget-container\">\n\t\t\t\t\t<h2 class=\"elementor-heading-title elementor-size-default\">Photo gallery:<\/h2>\t\t\t\t<\/div>\n\t\t\t\t<\/div>\n\t\t\t\t<div class=\"elementor-element elementor-element-443860e2 elementor-widget elementor-widget-image-gallery\" data-id=\"443860e2\" data-element_type=\"widget\" data-e-type=\"widget\" data-widget_type=\"image-gallery.default\">\n\t\t\t\t<div class=\"elementor-widget-container\">\n\t\t\t\t\t\t\t<div class=\"elementor-image-gallery\">\n\t\t\t<div id='gallery-1' class='gallery galleryid-10609 gallery-columns-3 gallery-size-thumbnail'><figure class='gallery-item'>\n\t\t\t<div class='gallery-icon landscape'>\n\t\t\t\t<a data-elementor-open-lightbox=\"yes\" data-elementor-lightbox-slideshow=\"443860e2\" data-elementor-lightbox-title=\"kuldigas 123 ventspils\" data-e-action-hash=\"#elementor-action%3Aaction%3Dlightbox%26settings%3DeyJpZCI6MTAzMjIsInVybCI6Imh0dHBzOlwvXC9yZWFsdG8ubHZcL3dwLWNvbnRlbnRcL3VwbG9hZHNcLzIwMTlcLzExXC9rdWxkaWdhcy0xMjMtdmVudHNwaWxzLmpwZyIsInNsaWRlc2hvdyI6IjQ0Mzg2MGUyIn0%3D\" href='https:\/\/realto.lv\/wp-content\/uploads\/2019\/11\/kuldigas-123-ventspils.jpg'><img decoding=\"async\" width=\"150\" height=\"150\" src=\"https:\/\/realto.lv\/wp-content\/uploads\/2019\/11\/kuldigas-123-ventspils-150x150.jpg\" class=\"attachment-thumbnail size-thumbnail\" alt=\"kuldigas 123 ventspils\" srcset=\"https:\/\/realto.lv\/wp-content\/uploads\/2019\/11\/kuldigas-123-ventspils-150x150.jpg 150w, https:\/\/realto.lv\/wp-content\/uploads\/2019\/11\/kuldigas-123-ventspils-300x300.jpg 300w, https:\/\/realto.lv\/wp-content\/uploads\/2019\/11\/kuldigas-123-ventspils-100x100.jpg 100w, https:\/\/realto.lv\/wp-content\/uploads\/2019\/11\/kuldigas-123-ventspils-350x350.jpg 350w\" sizes=\"(max-width: 150px) 100vw, 150px\" \/><\/a>\n\t\t\t<\/div><\/figure>\n\t\t<\/div>\n\t\t<\/div>\n\t\t\t\t\t\t<\/div>\n\t\t\t\t<\/div>\n\t\t\t\t\t<\/div>\n\t\t<\/div>\n\t\t\t\t\t<\/div>\n\t\t<\/section>\n\t\t\t\t<\/div>\n\t\t","protected":false},"excerpt":{"rendered":"<p>The object is located in well maintained residential area of \u200b\u200bVentspils city. The retail space is currently used by Elvi retail chain. Object offers: Free parking for both customers and visitors; It is possible to adapt the premises to the wishes and needs of the tenant; Easy access to suppliers; Profesion\u0101la p\u0101rvald\u012bba. AdresS: Kuld\u012bgas street [&hellip;]<\/p>\n","protected":false},"author":1,"featured_media":0,"parent":10567,"menu_order":0,"comment_status":"closed","ping_status":"closed","template":"","meta":{"footnotes":"","_links_to":"","_links_to_target":""},"class_list":["post-10609","page","type-page","status-publish","hentry"],"_links":{"self":[{"href":"https:\/\/realto.lv\/en\/wp-json\/wp\/v2\/pages\/10609","targetHints":{"allow":["GET"]}}],"collection":[{"href":"https:\/\/realto.lv\/en\/wp-json\/wp\/v2\/pages"}],"about":[{"href":"https:\/\/realto.lv\/en\/wp-json\/wp\/v2\/types\/page"}],"author":[{"embeddable":true,"href":"https:\/\/realto.lv\/en\/wp-json\/wp\/v2\/users\/1"}],"replies":[{"embeddable":true,"href":"https:\/\/realto.lv\/en\/wp-json\/wp\/v2\/comments?post=10609"}],"version-history":[{"count":0,"href":"https:\/\/realto.lv\/en\/wp-json\/wp\/v2\/pages\/10609\/revisions"}],"up":[{"embeddable":true,"href":"https:\/\/realto.lv\/en\/wp-json\/wp\/v2\/pages\/10567"}],"wp:attachment":[{"href":"https:\/\/realto.lv\/en\/wp-json\/wp\/v2\/media?parent=10609"}],"curies":[{"name":"wp","href":"https:\/\/api.w.org\/{rel}","templated":true}]}}