{"id":10599,"date":"2019-11-20T13:09:14","date_gmt":"2019-11-20T13:09:14","guid":{"rendered":"https:\/\/telpas.realto.lv\/commercial-premises\/gravas-street-1-kuldiga\/"},"modified":"2019-11-20T13:09:18","modified_gmt":"2019-11-20T13:09:18","slug":"gravas-street-1-kuldiga","status":"publish","type":"page","link":"https:\/\/realto.lv\/en\/commercial-premises\/gravas-street-1-kuldiga\/","title":{"rendered":"Gravas street 1, Kuld\u012bga"},"content":{"rendered":"\t\t<div data-elementor-type=\"wp-page\" data-elementor-id=\"10599\" class=\"elementor elementor-10599 elementor-10349\">\n\t\t\t\t\t\t<section class=\"elementor-section elementor-top-section elementor-element elementor-element-5b007f3a elementor-section-boxed elementor-section-height-default elementor-section-height-default\" data-id=\"5b007f3a\" data-element_type=\"section\" data-e-type=\"section\">\n\t\t\t\t\t\t<div class=\"elementor-container elementor-column-gap-default\">\n\t\t\t\t\t<div class=\"elementor-column elementor-col-100 elementor-top-column elementor-element elementor-element-d7af7e6\" data-id=\"d7af7e6\" data-element_type=\"column\" data-e-type=\"column\">\n\t\t\t<div class=\"elementor-widget-wrap elementor-element-populated\">\n\t\t\t\t\t\t<section class=\"elementor-section elementor-inner-section elementor-element elementor-element-176ddb67 elementor-section-boxed elementor-section-height-default elementor-section-height-default\" data-id=\"176ddb67\" data-element_type=\"section\" data-e-type=\"section\">\n\t\t\t\t\t\t<div class=\"elementor-container elementor-column-gap-default\">\n\t\t\t\t\t<div class=\"elementor-column elementor-col-66 elementor-inner-column elementor-element elementor-element-1467aa8a\" data-id=\"1467aa8a\" data-element_type=\"column\" data-e-type=\"column\">\n\t\t\t<div class=\"elementor-widget-wrap elementor-element-populated\">\n\t\t\t\t\t\t<div class=\"elementor-element elementor-element-171ddc7c elementor-widget elementor-widget-text-editor\" data-id=\"171ddc7c\" data-element_type=\"widget\" data-e-type=\"widget\" data-widget_type=\"text-editor.default\">\n\t\t\t\t<div class=\"elementor-widget-container\">\n\t\t\t\t\t\t\t\t\t<p>A modern two-storey building is located near the center of Kuldiga, where the Elvi grocery store and the \u0145amma cafe are located. The facility premises are adapted for retail and catering services. Next to the object there is a high school and a sports hall.<\/p>\n<p><strong>Elvi Kuldiga offers:<\/strong><\/p>\n<ul>\n<li>Free parking for both customers and visitors;<\/li>\n<li>It is possible to adapt the premises to the wishes and needs of the tenant;<\/li>\n<li>Easy access to suppliers;<\/li>\n<li>Profesion\u0101la p\u0101rvald\u012bba.<\/li>\n<\/ul>\n<p><strong>Adress:<\/strong> Gravas street 1, Kuld\u012bga<\/p>\n<p><strong>Total area:<\/strong> 1301 m2<\/p>\n<p><strong>Floors: <\/strong>2<\/p>\n\t\t\t\t\t\t\t\t<\/div>\n\t\t\t\t<\/div>\n\t\t\t\t\t<\/div>\n\t\t<\/div>\n\t\t\t\t<div class=\"elementor-column elementor-col-33 elementor-inner-column elementor-element elementor-element-17996caa\" data-id=\"17996caa\" data-element_type=\"column\" data-e-type=\"column\">\n\t\t\t<div class=\"elementor-widget-wrap elementor-element-populated\">\n\t\t\t\t\t\t<div class=\"elementor-element elementor-element-4385e9ad elementor-widget elementor-widget-heading\" data-id=\"4385e9ad\" data-element_type=\"widget\" data-e-type=\"widget\" data-widget_type=\"heading.default\">\n\t\t\t\t<div class=\"elementor-widget-container\">\n\t\t\t\t\t<h2 class=\"elementor-heading-title elementor-size-default\">Contacts:<\/h2>\t\t\t\t<\/div>\n\t\t\t\t<\/div>\n\t\t\t\t<div class=\"elementor-element elementor-element-1b4052c9 elementor-widget elementor-widget-image\" data-id=\"1b4052c9\" data-element_type=\"widget\" data-e-type=\"widget\" data-widget_type=\"image.default\">\n\t\t\t\t<div class=\"elementor-widget-container\">\n\t\t\t\t\t\t\t\t\t\t\t\t\t\t\t<img decoding=\"async\" width=\"150\" height=\"150\" src=\"https:\/\/realto.lv\/wp-content\/uploads\/2019\/06\/dsc_5522_4.jpg\" class=\"attachment-large size-large wp-image-8081\" alt=\"inese krasovska\" srcset=\"https:\/\/realto.lv\/wp-content\/uploads\/2019\/06\/dsc_5522_4.jpg 150w, https:\/\/realto.lv\/wp-content\/uploads\/2019\/06\/dsc_5522_4-100x100.jpg 100w\" sizes=\"(max-width: 150px) 100vw, 150px\" \/>\t\t\t\t\t\t\t\t\t\t\t\t\t\t\t<\/div>\n\t\t\t\t<\/div>\n\t\t\t\t<div class=\"elementor-element elementor-element-579fef8c elementor-widget elementor-widget-text-editor\" data-id=\"579fef8c\" data-element_type=\"widget\" data-e-type=\"widget\" data-widget_type=\"text-editor.default\">\n\t\t\t\t<div class=\"elementor-widget-container\">\n\t\t\t\t\t\t\t\t\t<h3>Inese Krasovska<\/h3>\n<p>Phone: +371 27700270<\/p>\n<p>inese.krasovska@realto.lv<\/p>\n\t\t\t\t\t\t\t\t<\/div>\n\t\t\t\t<\/div>\n\t\t\t\t\t<\/div>\n\t\t<\/div>\n\t\t\t\t\t<\/div>\n\t\t<\/section>\n\t\t\t\t\t<\/div>\n\t\t<\/div>\n\t\t\t\t\t<\/div>\n\t\t<\/section>\n\t\t\t\t<section class=\"elementor-section elementor-top-section elementor-element elementor-element-6f382af3 elementor-section-boxed elementor-section-height-default elementor-section-height-default\" data-id=\"6f382af3\" data-element_type=\"section\" data-e-type=\"section\">\n\t\t\t\t\t\t<div class=\"elementor-container elementor-column-gap-default\">\n\t\t\t\t\t<div class=\"elementor-column elementor-col-100 elementor-top-column elementor-element elementor-element-71149a22\" data-id=\"71149a22\" data-element_type=\"column\" data-e-type=\"column\">\n\t\t\t<div class=\"elementor-widget-wrap elementor-element-populated\">\n\t\t\t\t\t\t<div class=\"elementor-element elementor-element-1b0ba581 elementor-widget elementor-widget-heading\" data-id=\"1b0ba581\" data-element_type=\"widget\" data-e-type=\"widget\" data-widget_type=\"heading.default\">\n\t\t\t\t<div class=\"elementor-widget-container\">\n\t\t\t\t\t<h2 class=\"elementor-heading-title elementor-size-default\">Photo gallery:<\/h2>\t\t\t\t<\/div>\n\t\t\t\t<\/div>\n\t\t\t\t<div class=\"elementor-element elementor-element-6790bac0 elementor-widget elementor-widget-image-gallery\" data-id=\"6790bac0\" data-element_type=\"widget\" data-e-type=\"widget\" data-widget_type=\"image-gallery.default\">\n\t\t\t\t<div class=\"elementor-widget-container\">\n\t\t\t\t\t\t\t<div class=\"elementor-image-gallery\">\n\t\t\t<div id='gallery-1' class='gallery galleryid-10599 gallery-columns-3 gallery-size-thumbnail'><figure class='gallery-item'>\n\t\t\t<div class='gallery-icon landscape'>\n\t\t\t\t<a data-elementor-open-lightbox=\"yes\" data-elementor-lightbox-slideshow=\"6790bac0\" data-elementor-lightbox-title=\"elvi kuldiga druvas iela\" data-e-action-hash=\"#elementor-action%3Aaction%3Dlightbox%26settings%3DeyJpZCI6MTAzNTEsInVybCI6Imh0dHBzOlwvXC9yZWFsdG8ubHZcL3dwLWNvbnRlbnRcL3VwbG9hZHNcLzIwMTlcLzExXC9lbHZpX2t1bGRpZ2FfbW9kLmpwZyIsInNsaWRlc2hvdyI6IjY3OTBiYWMwIn0%3D\" href='https:\/\/realto.lv\/wp-content\/uploads\/2019\/11\/elvi_kuldiga_mod.jpg'><img decoding=\"async\" width=\"150\" height=\"150\" src=\"https:\/\/realto.lv\/wp-content\/uploads\/2019\/11\/elvi_kuldiga_mod-150x150.jpg\" class=\"attachment-thumbnail size-thumbnail\" alt=\"elvi kuldiga druvas iela\" srcset=\"https:\/\/realto.lv\/wp-content\/uploads\/2019\/11\/elvi_kuldiga_mod-150x150.jpg 150w, https:\/\/realto.lv\/wp-content\/uploads\/2019\/11\/elvi_kuldiga_mod-300x300.jpg 300w, https:\/\/realto.lv\/wp-content\/uploads\/2019\/11\/elvi_kuldiga_mod-100x100.jpg 100w, https:\/\/realto.lv\/wp-content\/uploads\/2019\/11\/elvi_kuldiga_mod-350x350.jpg 350w\" sizes=\"(max-width: 150px) 100vw, 150px\" \/><\/a>\n\t\t\t<\/div><\/figure><figure class='gallery-item'>\n\t\t\t<div class='gallery-icon landscape'>\n\t\t\t\t<a data-elementor-open-lightbox=\"yes\" data-elementor-lightbox-slideshow=\"6790bac0\" data-elementor-lightbox-title=\"973_original\" data-e-action-hash=\"#elementor-action%3Aaction%3Dlightbox%26settings%3DeyJpZCI6MTAzNTgsInVybCI6Imh0dHBzOlwvXC9yZWFsdG8ubHZcL3dwLWNvbnRlbnRcL3VwbG9hZHNcLzIwMTlcLzExXC85NzNfb3JpZ2luYWwucG5nIiwic2xpZGVzaG93IjoiNjc5MGJhYzAifQ%3D%3D\" href='https:\/\/realto.lv\/wp-content\/uploads\/2019\/11\/973_original.png'><img decoding=\"async\" width=\"150\" height=\"150\" src=\"https:\/\/realto.lv\/wp-content\/uploads\/2019\/11\/973_original-150x150.png\" class=\"attachment-thumbnail size-thumbnail\" alt=\"\" srcset=\"https:\/\/realto.lv\/wp-content\/uploads\/2019\/11\/973_original-150x150.png 150w, https:\/\/realto.lv\/wp-content\/uploads\/2019\/11\/973_original-300x300.png 300w, https:\/\/realto.lv\/wp-content\/uploads\/2019\/11\/973_original-100x100.png 100w, https:\/\/realto.lv\/wp-content\/uploads\/2019\/11\/973_original-350x350.png 350w\" sizes=\"(max-width: 150px) 100vw, 150px\" \/><\/a>\n\t\t\t<\/div><\/figure><figure class='gallery-item'>\n\t\t\t<div class='gallery-icon landscape'>\n\t\t\t\t<a data-elementor-open-lightbox=\"yes\" data-elementor-lightbox-slideshow=\"6790bac0\" data-elementor-lightbox-title=\"978_original\" data-e-action-hash=\"#elementor-action%3Aaction%3Dlightbox%26settings%3DeyJpZCI6MTAzNjIsInVybCI6Imh0dHBzOlwvXC9yZWFsdG8ubHZcL3dwLWNvbnRlbnRcL3VwbG9hZHNcLzIwMTlcLzExXC85Nzhfb3JpZ2luYWwucG5nIiwic2xpZGVzaG93IjoiNjc5MGJhYzAifQ%3D%3D\" href='https:\/\/realto.lv\/wp-content\/uploads\/2019\/11\/978_original.png'><img loading=\"lazy\" decoding=\"async\" width=\"150\" height=\"150\" src=\"https:\/\/realto.lv\/wp-content\/uploads\/2019\/11\/978_original-150x150.png\" class=\"attachment-thumbnail size-thumbnail\" alt=\"\" srcset=\"https:\/\/realto.lv\/wp-content\/uploads\/2019\/11\/978_original-150x150.png 150w, https:\/\/realto.lv\/wp-content\/uploads\/2019\/11\/978_original-300x300.png 300w, https:\/\/realto.lv\/wp-content\/uploads\/2019\/11\/978_original-100x100.png 100w, https:\/\/realto.lv\/wp-content\/uploads\/2019\/11\/978_original-350x350.png 350w\" sizes=\"(max-width: 150px) 100vw, 150px\" \/><\/a>\n\t\t\t<\/div><\/figure><figure class='gallery-item'>\n\t\t\t<div class='gallery-icon landscape'>\n\t\t\t\t<a data-elementor-open-lightbox=\"yes\" data-elementor-lightbox-slideshow=\"6790bac0\" data-elementor-lightbox-title=\"971_original\" data-e-action-hash=\"#elementor-action%3Aaction%3Dlightbox%26settings%3DeyJpZCI6MTAzNTQsInVybCI6Imh0dHBzOlwvXC9yZWFsdG8ubHZcL3dwLWNvbnRlbnRcL3VwbG9hZHNcLzIwMTlcLzExXC85NzFfb3JpZ2luYWwucG5nIiwic2xpZGVzaG93IjoiNjc5MGJhYzAifQ%3D%3D\" href='https:\/\/realto.lv\/wp-content\/uploads\/2019\/11\/971_original.png'><img loading=\"lazy\" decoding=\"async\" width=\"150\" height=\"150\" src=\"https:\/\/realto.lv\/wp-content\/uploads\/2019\/11\/971_original-150x150.png\" class=\"attachment-thumbnail size-thumbnail\" alt=\"\" srcset=\"https:\/\/realto.lv\/wp-content\/uploads\/2019\/11\/971_original-150x150.png 150w, https:\/\/realto.lv\/wp-content\/uploads\/2019\/11\/971_original-300x300.png 300w, https:\/\/realto.lv\/wp-content\/uploads\/2019\/11\/971_original-100x100.png 100w, https:\/\/realto.lv\/wp-content\/uploads\/2019\/11\/971_original-350x350.png 350w\" sizes=\"(max-width: 150px) 100vw, 150px\" \/><\/a>\n\t\t\t<\/div><\/figure><figure class='gallery-item'>\n\t\t\t<div class='gallery-icon landscape'>\n\t\t\t\t<a data-elementor-open-lightbox=\"yes\" data-elementor-lightbox-slideshow=\"6790bac0\" data-elementor-lightbox-title=\"972_original\" data-e-action-hash=\"#elementor-action%3Aaction%3Dlightbox%26settings%3DeyJpZCI6MTAzNTYsInVybCI6Imh0dHBzOlwvXC9yZWFsdG8ubHZcL3dwLWNvbnRlbnRcL3VwbG9hZHNcLzIwMTlcLzExXC85NzJfb3JpZ2luYWwucG5nIiwic2xpZGVzaG93IjoiNjc5MGJhYzAifQ%3D%3D\" href='https:\/\/realto.lv\/wp-content\/uploads\/2019\/11\/972_original.png'><img loading=\"lazy\" decoding=\"async\" width=\"150\" height=\"150\" src=\"https:\/\/realto.lv\/wp-content\/uploads\/2019\/11\/972_original-150x150.png\" class=\"attachment-thumbnail size-thumbnail\" alt=\"\" srcset=\"https:\/\/realto.lv\/wp-content\/uploads\/2019\/11\/972_original-150x150.png 150w, https:\/\/realto.lv\/wp-content\/uploads\/2019\/11\/972_original-300x300.png 300w, https:\/\/realto.lv\/wp-content\/uploads\/2019\/11\/972_original-100x100.png 100w, https:\/\/realto.lv\/wp-content\/uploads\/2019\/11\/972_original-350x350.png 350w\" sizes=\"(max-width: 150px) 100vw, 150px\" \/><\/a>\n\t\t\t<\/div><\/figure><figure class='gallery-item'>\n\t\t\t<div class='gallery-icon landscape'>\n\t\t\t\t<a data-elementor-open-lightbox=\"yes\" data-elementor-lightbox-slideshow=\"6790bac0\" data-elementor-lightbox-title=\"977_original\" data-e-action-hash=\"#elementor-action%3Aaction%3Dlightbox%26settings%3DeyJpZCI6MTAzNjAsInVybCI6Imh0dHBzOlwvXC9yZWFsdG8ubHZcL3dwLWNvbnRlbnRcL3VwbG9hZHNcLzIwMTlcLzExXC85Nzdfb3JpZ2luYWwucG5nIiwic2xpZGVzaG93IjoiNjc5MGJhYzAifQ%3D%3D\" href='https:\/\/realto.lv\/wp-content\/uploads\/2019\/11\/977_original.png'><img loading=\"lazy\" decoding=\"async\" width=\"150\" height=\"150\" src=\"https:\/\/realto.lv\/wp-content\/uploads\/2019\/11\/977_original-150x150.png\" class=\"attachment-thumbnail size-thumbnail\" alt=\"\" srcset=\"https:\/\/realto.lv\/wp-content\/uploads\/2019\/11\/977_original-150x150.png 150w, https:\/\/realto.lv\/wp-content\/uploads\/2019\/11\/977_original-300x300.png 300w, https:\/\/realto.lv\/wp-content\/uploads\/2019\/11\/977_original-100x100.png 100w, https:\/\/realto.lv\/wp-content\/uploads\/2019\/11\/977_original-350x350.png 350w\" sizes=\"(max-width: 150px) 100vw, 150px\" \/><\/a>\n\t\t\t<\/div><\/figure>\n\t\t<\/div>\n\t\t<\/div>\n\t\t\t\t\t\t<\/div>\n\t\t\t\t<\/div>\n\t\t\t\t\t<\/div>\n\t\t<\/div>\n\t\t\t\t\t<\/div>\n\t\t<\/section>\n\t\t\t\t<\/div>\n\t\t","protected":false},"excerpt":{"rendered":"<p>A modern two-storey building is located near the center of Kuldiga, where the Elvi grocery store and the \u0145amma cafe are located. The facility premises are adapted for retail and catering services. Next to the object there is a high school and a sports hall. Elvi Kuldiga offers: Free parking for both customers and visitors; [&hellip;]<\/p>\n","protected":false},"author":1,"featured_media":10350,"parent":10567,"menu_order":0,"comment_status":"closed","ping_status":"closed","template":"","meta":{"footnotes":"","_links_to":"","_links_to_target":""},"class_list":["post-10599","page","type-page","status-publish","has-post-thumbnail","hentry"],"_links":{"self":[{"href":"https:\/\/realto.lv\/en\/wp-json\/wp\/v2\/pages\/10599","targetHints":{"allow":["GET"]}}],"collection":[{"href":"https:\/\/realto.lv\/en\/wp-json\/wp\/v2\/pages"}],"about":[{"href":"https:\/\/realto.lv\/en\/wp-json\/wp\/v2\/types\/page"}],"author":[{"embeddable":true,"href":"https:\/\/realto.lv\/en\/wp-json\/wp\/v2\/users\/1"}],"replies":[{"embeddable":true,"href":"https:\/\/realto.lv\/en\/wp-json\/wp\/v2\/comments?post=10599"}],"version-history":[{"count":0,"href":"https:\/\/realto.lv\/en\/wp-json\/wp\/v2\/pages\/10599\/revisions"}],"up":[{"embeddable":true,"href":"https:\/\/realto.lv\/en\/wp-json\/wp\/v2\/pages\/10567"}],"wp:featuredmedia":[{"embeddable":true,"href":"https:\/\/realto.lv\/en\/wp-json\/wp\/v2\/media\/10350"}],"wp:attachment":[{"href":"https:\/\/realto.lv\/en\/wp-json\/wp\/v2\/media?parent=10599"}],"curies":[{"name":"wp","href":"https:\/\/api.w.org\/{rel}","templated":true}]}}