{"id":10594,"date":"2019-11-20T13:06:21","date_gmt":"2019-11-20T13:06:21","guid":{"rendered":"https:\/\/telpas.realto.lv\/commercial-premises\/vienibas-street-4-druva\/"},"modified":"2019-11-20T13:09:54","modified_gmt":"2019-11-20T13:09:54","slug":"vienibas-street-4-druva","status":"publish","type":"page","link":"https:\/\/realto.lv\/en\/commercial-premises\/vienibas-street-4-druva\/","title":{"rendered":"Vien\u012bbas street 4, Druva"},"content":{"rendered":"\t\t<div data-elementor-type=\"wp-page\" data-elementor-id=\"10594\" class=\"elementor elementor-10594 elementor-10337\">\n\t\t\t\t\t\t<section class=\"elementor-section elementor-top-section elementor-element elementor-element-40b89973 elementor-section-boxed elementor-section-height-default elementor-section-height-default\" data-id=\"40b89973\" data-element_type=\"section\" data-e-type=\"section\">\n\t\t\t\t\t\t<div class=\"elementor-container elementor-column-gap-default\">\n\t\t\t\t\t<div class=\"elementor-column elementor-col-100 elementor-top-column elementor-element elementor-element-270d4831\" data-id=\"270d4831\" data-element_type=\"column\" data-e-type=\"column\">\n\t\t\t<div class=\"elementor-widget-wrap elementor-element-populated\">\n\t\t\t\t\t\t<section class=\"elementor-section elementor-inner-section elementor-element elementor-element-1f73244d elementor-section-boxed elementor-section-height-default elementor-section-height-default\" data-id=\"1f73244d\" data-element_type=\"section\" data-e-type=\"section\">\n\t\t\t\t\t\t<div class=\"elementor-container elementor-column-gap-default\">\n\t\t\t\t\t<div class=\"elementor-column elementor-col-66 elementor-inner-column elementor-element elementor-element-4b833bce\" data-id=\"4b833bce\" data-element_type=\"column\" data-e-type=\"column\">\n\t\t\t<div class=\"elementor-widget-wrap elementor-element-populated\">\n\t\t\t\t\t\t<div class=\"elementor-element elementor-element-35162ec5 elementor-widget elementor-widget-text-editor\" data-id=\"35162ec5\" data-element_type=\"widget\" data-e-type=\"widget\" data-widget_type=\"text-editor.default\">\n\t\t\t\t<div class=\"elementor-widget-container\">\n\t\t\t\t\t\t\t\t\t<p>Elvi and Alkoutlet premises in Druva, Saldus district.<\/p>\n<p>The object is located in the quiet Druva village of Saldus Parish, about 50 meters from the Kuld\u012bga highway. The ground floor of the building is used by supermarket chain &#8216;Elvi&#8217; and &#8216;Alkoutlet&#8217; shops, but the second floor of the building has a living space of 47.1 to 111.6 m2.<\/p>\n<p><strong>Object offers:<\/strong><\/p>\n<ul>\n<li>Free parking for both customers and visitors;<\/li>\n<li>It is possible to adapt the premises to the wishes and needs of the tenant;<\/li>\n<li>Easy access to suppliers;<\/li>\n<li>Profesion\u0101la p\u0101rvald\u012bba.<\/li>\n<\/ul>\n<p><strong>Adress:<\/strong> Vien\u012bbas street 4, Druva, Saldus rajons<\/p>\n<p><strong>Total area:<\/strong> 633 m2<\/p>\n\t\t\t\t\t\t\t\t<\/div>\n\t\t\t\t<\/div>\n\t\t\t\t\t<\/div>\n\t\t<\/div>\n\t\t\t\t<div class=\"elementor-column elementor-col-33 elementor-inner-column elementor-element elementor-element-49ce1c7d\" data-id=\"49ce1c7d\" data-element_type=\"column\" data-e-type=\"column\">\n\t\t\t<div class=\"elementor-widget-wrap elementor-element-populated\">\n\t\t\t\t\t\t<div class=\"elementor-element elementor-element-118b77fd elementor-widget elementor-widget-heading\" data-id=\"118b77fd\" data-element_type=\"widget\" data-e-type=\"widget\" data-widget_type=\"heading.default\">\n\t\t\t\t<div class=\"elementor-widget-container\">\n\t\t\t\t\t<h2 class=\"elementor-heading-title elementor-size-default\">Contacts:<\/h2>\t\t\t\t<\/div>\n\t\t\t\t<\/div>\n\t\t\t\t<div class=\"elementor-element elementor-element-183adb0e elementor-widget elementor-widget-image\" data-id=\"183adb0e\" data-element_type=\"widget\" data-e-type=\"widget\" data-widget_type=\"image.default\">\n\t\t\t\t<div class=\"elementor-widget-container\">\n\t\t\t\t\t\t\t\t\t\t\t\t\t\t\t<img decoding=\"async\" width=\"150\" height=\"150\" src=\"https:\/\/realto.lv\/wp-content\/uploads\/2019\/06\/dsc_5522_4.jpg\" class=\"attachment-large size-large wp-image-8081\" alt=\"inese krasovska\" srcset=\"https:\/\/realto.lv\/wp-content\/uploads\/2019\/06\/dsc_5522_4.jpg 150w, https:\/\/realto.lv\/wp-content\/uploads\/2019\/06\/dsc_5522_4-100x100.jpg 100w\" sizes=\"(max-width: 150px) 100vw, 150px\" \/>\t\t\t\t\t\t\t\t\t\t\t\t\t\t\t<\/div>\n\t\t\t\t<\/div>\n\t\t\t\t<div class=\"elementor-element elementor-element-4f50be2e elementor-widget elementor-widget-text-editor\" data-id=\"4f50be2e\" data-element_type=\"widget\" data-e-type=\"widget\" data-widget_type=\"text-editor.default\">\n\t\t\t\t<div class=\"elementor-widget-container\">\n\t\t\t\t\t\t\t\t\t<h3>Inese Krasovska<\/h3>\n<p>Phone: +371 27700270<\/p>\n<p>inese.krasovska@realto.lv<\/p>\n\t\t\t\t\t\t\t\t<\/div>\n\t\t\t\t<\/div>\n\t\t\t\t\t<\/div>\n\t\t<\/div>\n\t\t\t\t\t<\/div>\n\t\t<\/section>\n\t\t\t\t\t<\/div>\n\t\t<\/div>\n\t\t\t\t\t<\/div>\n\t\t<\/section>\n\t\t\t\t<section class=\"elementor-section elementor-top-section elementor-element elementor-element-70660b2f elementor-section-boxed elementor-section-height-default elementor-section-height-default\" data-id=\"70660b2f\" data-element_type=\"section\" data-e-type=\"section\">\n\t\t\t\t\t\t<div class=\"elementor-container elementor-column-gap-default\">\n\t\t\t\t\t<div class=\"elementor-column elementor-col-100 elementor-top-column elementor-element elementor-element-25d9e68b\" data-id=\"25d9e68b\" data-element_type=\"column\" data-e-type=\"column\">\n\t\t\t<div class=\"elementor-widget-wrap elementor-element-populated\">\n\t\t\t\t\t\t<div class=\"elementor-element elementor-element-1b3a7fc elementor-widget elementor-widget-heading\" data-id=\"1b3a7fc\" data-element_type=\"widget\" data-e-type=\"widget\" data-widget_type=\"heading.default\">\n\t\t\t\t<div class=\"elementor-widget-container\">\n\t\t\t\t\t<h2 class=\"elementor-heading-title elementor-size-default\">Photo gallery:<\/h2>\t\t\t\t<\/div>\n\t\t\t\t<\/div>\n\t\t\t\t<div class=\"elementor-element elementor-element-7388c9ac elementor-widget elementor-widget-image-gallery\" data-id=\"7388c9ac\" data-element_type=\"widget\" data-e-type=\"widget\" data-widget_type=\"image-gallery.default\">\n\t\t\t\t<div class=\"elementor-widget-container\">\n\t\t\t\t\t\t\t<div class=\"elementor-image-gallery\">\n\t\t\t<div id='gallery-1' class='gallery galleryid-10594 gallery-columns-4 gallery-size-thumbnail'><figure class='gallery-item'>\n\t\t\t<div class='gallery-icon landscape'>\n\t\t\t\t<a data-elementor-open-lightbox=\"yes\" data-elementor-lightbox-slideshow=\"7388c9ac\" data-elementor-lightbox-title=\"druva_1_mod_small\" data-e-action-hash=\"#elementor-action%3Aaction%3Dlightbox%26settings%3DeyJpZCI6MTAzNDIsInVybCI6Imh0dHBzOlwvXC9yZWFsdG8ubHZcL3dwLWNvbnRlbnRcL3VwbG9hZHNcLzIwMTlcLzExXC9kcnV2YV8xX21vZF9zbWFsbC5wbmciLCJzbGlkZXNob3ciOiI3Mzg4YzlhYyJ9\" href='https:\/\/realto.lv\/wp-content\/uploads\/2019\/11\/druva_1_mod_small.png'><img decoding=\"async\" width=\"150\" height=\"150\" src=\"https:\/\/realto.lv\/wp-content\/uploads\/2019\/11\/druva_1_mod_small-150x150.png\" class=\"attachment-thumbnail size-thumbnail\" alt=\"\" srcset=\"https:\/\/realto.lv\/wp-content\/uploads\/2019\/11\/druva_1_mod_small-150x150.png 150w, https:\/\/realto.lv\/wp-content\/uploads\/2019\/11\/druva_1_mod_small-300x300.png 300w, https:\/\/realto.lv\/wp-content\/uploads\/2019\/11\/druva_1_mod_small-100x100.png 100w, https:\/\/realto.lv\/wp-content\/uploads\/2019\/11\/druva_1_mod_small-350x350.png 350w\" sizes=\"(max-width: 150px) 100vw, 150px\" \/><\/a>\n\t\t\t<\/div><\/figure><figure class='gallery-item'>\n\t\t\t<div class='gallery-icon landscape'>\n\t\t\t\t<a data-elementor-open-lightbox=\"yes\" data-elementor-lightbox-slideshow=\"7388c9ac\" data-elementor-lightbox-title=\"druva_11_mod_small\" data-e-action-hash=\"#elementor-action%3Aaction%3Dlightbox%26settings%3DeyJpZCI6MTAzNDQsInVybCI6Imh0dHBzOlwvXC9yZWFsdG8ubHZcL3dwLWNvbnRlbnRcL3VwbG9hZHNcLzIwMTlcLzExXC9kcnV2YV8xMV9tb2Rfc21hbGwucG5nIiwic2xpZGVzaG93IjoiNzM4OGM5YWMifQ%3D%3D\" href='https:\/\/realto.lv\/wp-content\/uploads\/2019\/11\/druva_11_mod_small.png'><img decoding=\"async\" width=\"150\" height=\"150\" src=\"https:\/\/realto.lv\/wp-content\/uploads\/2019\/11\/druva_11_mod_small-150x150.png\" class=\"attachment-thumbnail size-thumbnail\" alt=\"\" srcset=\"https:\/\/realto.lv\/wp-content\/uploads\/2019\/11\/druva_11_mod_small-150x150.png 150w, https:\/\/realto.lv\/wp-content\/uploads\/2019\/11\/druva_11_mod_small-300x300.png 300w, https:\/\/realto.lv\/wp-content\/uploads\/2019\/11\/druva_11_mod_small-100x100.png 100w, https:\/\/realto.lv\/wp-content\/uploads\/2019\/11\/druva_11_mod_small-350x350.png 350w\" sizes=\"(max-width: 150px) 100vw, 150px\" \/><\/a>\n\t\t\t<\/div><\/figure><figure class='gallery-item'>\n\t\t\t<div class='gallery-icon landscape'>\n\t\t\t\t<a data-elementor-open-lightbox=\"yes\" data-elementor-lightbox-slideshow=\"7388c9ac\" data-elementor-lightbox-title=\"saldus elvi\" data-e-action-hash=\"#elementor-action%3Aaction%3Dlightbox%26settings%3DeyJpZCI6MTAzNDYsInVybCI6Imh0dHBzOlwvXC9yZWFsdG8ubHZcL3dwLWNvbnRlbnRcL3VwbG9hZHNcLzIwMTlcLzExXC9zYWxkdXMtZWx2aS5qcGciLCJzbGlkZXNob3ciOiI3Mzg4YzlhYyJ9\" href='https:\/\/realto.lv\/wp-content\/uploads\/2019\/11\/saldus-elvi.jpg'><img loading=\"lazy\" decoding=\"async\" width=\"150\" height=\"150\" src=\"https:\/\/realto.lv\/wp-content\/uploads\/2019\/11\/saldus-elvi-150x150.jpg\" class=\"attachment-thumbnail size-thumbnail\" alt=\"\" srcset=\"https:\/\/realto.lv\/wp-content\/uploads\/2019\/11\/saldus-elvi-150x150.jpg 150w, https:\/\/realto.lv\/wp-content\/uploads\/2019\/11\/saldus-elvi-300x300.jpg 300w, https:\/\/realto.lv\/wp-content\/uploads\/2019\/11\/saldus-elvi-100x100.jpg 100w, https:\/\/realto.lv\/wp-content\/uploads\/2019\/11\/saldus-elvi-350x350.jpg 350w\" sizes=\"(max-width: 150px) 100vw, 150px\" \/><\/a>\n\t\t\t<\/div><\/figure><figure class='gallery-item'>\n\t\t\t<div class='gallery-icon landscape'>\n\t\t\t\t<a data-elementor-open-lightbox=\"yes\" data-elementor-lightbox-slideshow=\"7388c9ac\" data-elementor-lightbox-title=\"alkoutlet-druva\" data-e-action-hash=\"#elementor-action%3Aaction%3Dlightbox%26settings%3DeyJpZCI6MTAzMzksInVybCI6Imh0dHBzOlwvXC9yZWFsdG8ubHZcL3dwLWNvbnRlbnRcL3VwbG9hZHNcLzIwMTlcLzExXC9hbGtvdXRsZXQtZHJ1dmEucG5nIiwic2xpZGVzaG93IjoiNzM4OGM5YWMifQ%3D%3D\" href='https:\/\/realto.lv\/wp-content\/uploads\/2019\/11\/alkoutlet-druva.png'><img loading=\"lazy\" decoding=\"async\" width=\"150\" height=\"150\" src=\"https:\/\/realto.lv\/wp-content\/uploads\/2019\/11\/alkoutlet-druva-150x150.png\" class=\"attachment-thumbnail size-thumbnail\" alt=\"alkoutlet druva\" srcset=\"https:\/\/realto.lv\/wp-content\/uploads\/2019\/11\/alkoutlet-druva-150x150.png 150w, https:\/\/realto.lv\/wp-content\/uploads\/2019\/11\/alkoutlet-druva-300x300.png 300w, https:\/\/realto.lv\/wp-content\/uploads\/2019\/11\/alkoutlet-druva-100x100.png 100w, https:\/\/realto.lv\/wp-content\/uploads\/2019\/11\/alkoutlet-druva-350x350.png 350w\" sizes=\"(max-width: 150px) 100vw, 150px\" \/><\/a>\n\t\t\t<\/div><\/figure>\n\t\t<\/div>\n\t\t<\/div>\n\t\t\t\t\t\t<\/div>\n\t\t\t\t<\/div>\n\t\t\t\t\t<\/div>\n\t\t<\/div>\n\t\t\t\t\t<\/div>\n\t\t<\/section>\n\t\t\t\t<\/div>\n\t\t","protected":false},"excerpt":{"rendered":"<p>Elvi and Alkoutlet premises in Druva, Saldus district. The object is located in the quiet Druva village of Saldus Parish, about 50 meters from the Kuld\u012bga highway. The ground floor of the building is used by supermarket chain &#8216;Elvi&#8217; and &#8216;Alkoutlet&#8217; shops, but the second floor of the building has a living space of 47.1 [&hellip;]<\/p>\n","protected":false},"author":1,"featured_media":10338,"parent":10567,"menu_order":0,"comment_status":"closed","ping_status":"closed","template":"","meta":{"footnotes":"","_links_to":"","_links_to_target":""},"class_list":["post-10594","page","type-page","status-publish","has-post-thumbnail","hentry"],"_links":{"self":[{"href":"https:\/\/realto.lv\/en\/wp-json\/wp\/v2\/pages\/10594","targetHints":{"allow":["GET"]}}],"collection":[{"href":"https:\/\/realto.lv\/en\/wp-json\/wp\/v2\/pages"}],"about":[{"href":"https:\/\/realto.lv\/en\/wp-json\/wp\/v2\/types\/page"}],"author":[{"embeddable":true,"href":"https:\/\/realto.lv\/en\/wp-json\/wp\/v2\/users\/1"}],"replies":[{"embeddable":true,"href":"https:\/\/realto.lv\/en\/wp-json\/wp\/v2\/comments?post=10594"}],"version-history":[{"count":0,"href":"https:\/\/realto.lv\/en\/wp-json\/wp\/v2\/pages\/10594\/revisions"}],"up":[{"embeddable":true,"href":"https:\/\/realto.lv\/en\/wp-json\/wp\/v2\/pages\/10567"}],"wp:featuredmedia":[{"embeddable":true,"href":"https:\/\/realto.lv\/en\/wp-json\/wp\/v2\/media\/10338"}],"wp:attachment":[{"href":"https:\/\/realto.lv\/en\/wp-json\/wp\/v2\/media?parent=10594"}],"curies":[{"name":"wp","href":"https:\/\/api.w.org\/{rel}","templated":true}]}}