{"id":10589,"date":"2019-11-20T13:00:58","date_gmt":"2019-11-20T13:00:58","guid":{"rendered":"https:\/\/telpas.realto.lv\/commercial-premises\/elvi-ventspils-siguldas-street-20\/"},"modified":"2019-11-20T13:01:02","modified_gmt":"2019-11-20T13:01:02","slug":"elvi-ventspils-siguldas-street-20","status":"publish","type":"page","link":"https:\/\/realto.lv\/en\/commercial-premises\/elvi-ventspils-siguldas-street-20\/","title":{"rendered":"Elvi Ventspils, Siguldas street 20"},"content":{"rendered":"\t\t<div data-elementor-type=\"wp-page\" data-elementor-id=\"10589\" class=\"elementor elementor-10589 elementor-10392\">\n\t\t\t\t\t\t<section class=\"elementor-section elementor-top-section elementor-element elementor-element-3addd657 elementor-section-boxed elementor-section-height-default elementor-section-height-default\" data-id=\"3addd657\" data-element_type=\"section\" data-e-type=\"section\">\n\t\t\t\t\t\t<div class=\"elementor-container elementor-column-gap-default\">\n\t\t\t\t\t<div class=\"elementor-column elementor-col-100 elementor-top-column elementor-element elementor-element-23a7ef6a\" data-id=\"23a7ef6a\" data-element_type=\"column\" data-e-type=\"column\">\n\t\t\t<div class=\"elementor-widget-wrap elementor-element-populated\">\n\t\t\t\t\t\t<section class=\"elementor-section elementor-inner-section elementor-element elementor-element-4215ec3f elementor-section-boxed elementor-section-height-default elementor-section-height-default\" data-id=\"4215ec3f\" data-element_type=\"section\" data-e-type=\"section\">\n\t\t\t\t\t\t<div class=\"elementor-container elementor-column-gap-default\">\n\t\t\t\t\t<div class=\"elementor-column elementor-col-66 elementor-inner-column elementor-element elementor-element-6061a6ba\" data-id=\"6061a6ba\" data-element_type=\"column\" data-e-type=\"column\">\n\t\t\t<div class=\"elementor-widget-wrap elementor-element-populated\">\n\t\t\t\t\t\t<div class=\"elementor-element elementor-element-53d6fc8e elementor-widget elementor-widget-text-editor\" data-id=\"53d6fc8e\" data-element_type=\"widget\" data-e-type=\"widget\" data-widget_type=\"text-editor.default\">\n\t\t\t\t<div class=\"elementor-widget-container\">\n\t\t\t\t\t\t\t\t\t<p>There is a large sales hall, office, storage, cold storage and technical rooms. The building is used for the needs of the food supermarket Elvi. The building is located in P\u0101rventa, a residential area.<\/p>\n<p><strong>Object offers:<\/strong><\/p>\n<ul>\n<li>Free parking for both customers and visitors;<\/li>\n<li>It is possible to adapt the premises to the wishes and needs of the tenant;<\/li>\n<li>Easy access to suppliers;<\/li>\n<li>Profesion\u0101la p\u0101rvald\u012bba.<\/li>\n<\/ul>\n<p><strong>Adress:<\/strong> Siguldas street 20, Ventspils<\/p>\n<p><strong>Total area:<\/strong> 548 m2<\/p>\n\t\t\t\t\t\t\t\t<\/div>\n\t\t\t\t<\/div>\n\t\t\t\t\t<\/div>\n\t\t<\/div>\n\t\t\t\t<div class=\"elementor-column elementor-col-33 elementor-inner-column elementor-element elementor-element-8ba888c\" data-id=\"8ba888c\" data-element_type=\"column\" data-e-type=\"column\">\n\t\t\t<div class=\"elementor-widget-wrap elementor-element-populated\">\n\t\t\t\t\t\t<div class=\"elementor-element elementor-element-3bdfdf68 elementor-widget elementor-widget-heading\" data-id=\"3bdfdf68\" data-element_type=\"widget\" data-e-type=\"widget\" data-widget_type=\"heading.default\">\n\t\t\t\t<div class=\"elementor-widget-container\">\n\t\t\t\t\t<h2 class=\"elementor-heading-title elementor-size-default\">Contacts:<\/h2>\t\t\t\t<\/div>\n\t\t\t\t<\/div>\n\t\t\t\t<div class=\"elementor-element elementor-element-6b43b118 elementor-widget elementor-widget-image\" data-id=\"6b43b118\" data-element_type=\"widget\" data-e-type=\"widget\" data-widget_type=\"image.default\">\n\t\t\t\t<div class=\"elementor-widget-container\">\n\t\t\t\t\t\t\t\t\t\t\t\t\t\t\t<img decoding=\"async\" width=\"150\" height=\"150\" src=\"https:\/\/realto.lv\/wp-content\/uploads\/2019\/06\/dsc_5522_4.jpg\" class=\"attachment-large size-large wp-image-8081\" alt=\"inese krasovska\" srcset=\"https:\/\/realto.lv\/wp-content\/uploads\/2019\/06\/dsc_5522_4.jpg 150w, https:\/\/realto.lv\/wp-content\/uploads\/2019\/06\/dsc_5522_4-100x100.jpg 100w\" sizes=\"(max-width: 150px) 100vw, 150px\" \/>\t\t\t\t\t\t\t\t\t\t\t\t\t\t\t<\/div>\n\t\t\t\t<\/div>\n\t\t\t\t<div class=\"elementor-element elementor-element-6eb43706 elementor-widget elementor-widget-text-editor\" data-id=\"6eb43706\" data-element_type=\"widget\" data-e-type=\"widget\" data-widget_type=\"text-editor.default\">\n\t\t\t\t<div class=\"elementor-widget-container\">\n\t\t\t\t\t\t\t\t\t<h3>Inese Krasovska<\/h3>\n<p>Phone: +371 27700270<\/p>\n<p>inese.krasovska@realto.lv<\/p>\n\t\t\t\t\t\t\t\t<\/div>\n\t\t\t\t<\/div>\n\t\t\t\t\t<\/div>\n\t\t<\/div>\n\t\t\t\t\t<\/div>\n\t\t<\/section>\n\t\t\t\t\t<\/div>\n\t\t<\/div>\n\t\t\t\t\t<\/div>\n\t\t<\/section>\n\t\t\t\t<section class=\"elementor-section elementor-top-section elementor-element elementor-element-92e1b28 elementor-section-boxed elementor-section-height-default elementor-section-height-default\" data-id=\"92e1b28\" data-element_type=\"section\" data-e-type=\"section\">\n\t\t\t\t\t\t<div class=\"elementor-container elementor-column-gap-default\">\n\t\t\t\t\t<div class=\"elementor-column elementor-col-100 elementor-top-column elementor-element elementor-element-5b23dcee\" data-id=\"5b23dcee\" data-element_type=\"column\" data-e-type=\"column\">\n\t\t\t<div class=\"elementor-widget-wrap elementor-element-populated\">\n\t\t\t\t\t\t<div class=\"elementor-element elementor-element-1229cf38 elementor-widget elementor-widget-heading\" data-id=\"1229cf38\" data-element_type=\"widget\" data-e-type=\"widget\" data-widget_type=\"heading.default\">\n\t\t\t\t<div class=\"elementor-widget-container\">\n\t\t\t\t\t<h2 class=\"elementor-heading-title elementor-size-default\">Photo gallery:<\/h2>\t\t\t\t<\/div>\n\t\t\t\t<\/div>\n\t\t\t\t<div class=\"elementor-element elementor-element-5aeb0c9e elementor-widget elementor-widget-image-gallery\" data-id=\"5aeb0c9e\" data-element_type=\"widget\" data-e-type=\"widget\" data-widget_type=\"image-gallery.default\">\n\t\t\t\t<div class=\"elementor-widget-container\">\n\t\t\t\t\t\t\t<div class=\"elementor-image-gallery\">\n\t\t\t<div id='gallery-1' class='gallery galleryid-10589 gallery-columns-3 gallery-size-thumbnail'><figure class='gallery-item'>\n\t\t\t<div class='gallery-icon landscape'>\n\t\t\t\t<a data-elementor-open-lightbox=\"yes\" data-elementor-lightbox-slideshow=\"5aeb0c9e\" data-elementor-lightbox-title=\"elvi-ventspils-siguldas\" data-e-action-hash=\"#elementor-action%3Aaction%3Dlightbox%26settings%3DeyJpZCI6MTAzOTQsInVybCI6Imh0dHBzOlwvXC9yZWFsdG8ubHZcL3dwLWNvbnRlbnRcL3VwbG9hZHNcLzIwMTlcLzExXC9lbHZpLXZlbnRzcGlscy1zaWd1bGRhcy5wbmciLCJzbGlkZXNob3ciOiI1YWViMGM5ZSJ9\" href='https:\/\/realto.lv\/wp-content\/uploads\/2019\/11\/elvi-ventspils-siguldas.png'><img decoding=\"async\" width=\"150\" height=\"150\" src=\"https:\/\/realto.lv\/wp-content\/uploads\/2019\/11\/elvi-ventspils-siguldas-150x150.png\" class=\"attachment-thumbnail size-thumbnail\" alt=\"elvi ventspils siguldas\" srcset=\"https:\/\/realto.lv\/wp-content\/uploads\/2019\/11\/elvi-ventspils-siguldas-150x150.png 150w, https:\/\/realto.lv\/wp-content\/uploads\/2019\/11\/elvi-ventspils-siguldas-300x300.png 300w, https:\/\/realto.lv\/wp-content\/uploads\/2019\/11\/elvi-ventspils-siguldas-100x100.png 100w, https:\/\/realto.lv\/wp-content\/uploads\/2019\/11\/elvi-ventspils-siguldas-350x350.png 350w\" sizes=\"(max-width: 150px) 100vw, 150px\" \/><\/a>\n\t\t\t<\/div><\/figure>\n\t\t<\/div>\n\t\t<\/div>\n\t\t\t\t\t\t<\/div>\n\t\t\t\t<\/div>\n\t\t\t\t\t<\/div>\n\t\t<\/div>\n\t\t\t\t\t<\/div>\n\t\t<\/section>\n\t\t\t\t<\/div>\n\t\t","protected":false},"excerpt":{"rendered":"<p>There is a large sales hall, office, storage, cold storage and technical rooms. The building is used for the needs of the food supermarket Elvi. The building is located in P\u0101rventa, a residential area. Object offers: Free parking for both customers and visitors; It is possible to adapt the premises to the wishes and needs [&hellip;]<\/p>\n","protected":false},"author":1,"featured_media":10394,"parent":10567,"menu_order":0,"comment_status":"closed","ping_status":"closed","template":"","meta":{"footnotes":"","_links_to":"","_links_to_target":""},"class_list":["post-10589","page","type-page","status-publish","has-post-thumbnail","hentry"],"_links":{"self":[{"href":"https:\/\/realto.lv\/en\/wp-json\/wp\/v2\/pages\/10589","targetHints":{"allow":["GET"]}}],"collection":[{"href":"https:\/\/realto.lv\/en\/wp-json\/wp\/v2\/pages"}],"about":[{"href":"https:\/\/realto.lv\/en\/wp-json\/wp\/v2\/types\/page"}],"author":[{"embeddable":true,"href":"https:\/\/realto.lv\/en\/wp-json\/wp\/v2\/users\/1"}],"replies":[{"embeddable":true,"href":"https:\/\/realto.lv\/en\/wp-json\/wp\/v2\/comments?post=10589"}],"version-history":[{"count":0,"href":"https:\/\/realto.lv\/en\/wp-json\/wp\/v2\/pages\/10589\/revisions"}],"up":[{"embeddable":true,"href":"https:\/\/realto.lv\/en\/wp-json\/wp\/v2\/pages\/10567"}],"wp:featuredmedia":[{"embeddable":true,"href":"https:\/\/realto.lv\/en\/wp-json\/wp\/v2\/media\/10394"}],"wp:attachment":[{"href":"https:\/\/realto.lv\/en\/wp-json\/wp\/v2\/media?parent=10589"}],"curies":[{"name":"wp","href":"https:\/\/api.w.org\/{rel}","templated":true}]}}