{"id":10586,"date":"2019-11-20T12:57:41","date_gmt":"2019-11-20T12:57:41","guid":{"rendered":"https:\/\/telpas.realto.lv\/commercial-premises\/offices-at-aleksandra-street-6-ventspils\/"},"modified":"2019-11-20T12:57:43","modified_gmt":"2019-11-20T12:57:43","slug":"offices-at-aleksandra-street-6-ventspils","status":"publish","type":"page","link":"https:\/\/realto.lv\/en\/commercial-premises\/offices-at-aleksandra-street-6-ventspils\/","title":{"rendered":"Offices at Aleksandra street 6, Ventspils"},"content":{"rendered":"\t\t<div data-elementor-type=\"wp-page\" data-elementor-id=\"10586\" class=\"elementor elementor-10586 elementor-10296\">\n\t\t\t\t\t\t<section class=\"elementor-section elementor-top-section elementor-element elementor-element-429e3d68 elementor-section-boxed elementor-section-height-default elementor-section-height-default\" data-id=\"429e3d68\" data-element_type=\"section\" data-e-type=\"section\">\n\t\t\t\t\t\t<div class=\"elementor-container elementor-column-gap-default\">\n\t\t\t\t\t<div class=\"elementor-column elementor-col-100 elementor-top-column elementor-element elementor-element-3561276a\" data-id=\"3561276a\" data-element_type=\"column\" data-e-type=\"column\">\n\t\t\t<div class=\"elementor-widget-wrap elementor-element-populated\">\n\t\t\t\t\t\t<section class=\"elementor-section elementor-inner-section elementor-element elementor-element-4bd03e81 elementor-section-boxed elementor-section-height-default elementor-section-height-default\" data-id=\"4bd03e81\" data-element_type=\"section\" data-e-type=\"section\">\n\t\t\t\t\t\t<div class=\"elementor-container elementor-column-gap-default\">\n\t\t\t\t\t<div class=\"elementor-column elementor-col-66 elementor-inner-column elementor-element elementor-element-2aaea743\" data-id=\"2aaea743\" data-element_type=\"column\" data-e-type=\"column\">\n\t\t\t<div class=\"elementor-widget-wrap elementor-element-populated\">\n\t\t\t\t\t\t<div class=\"elementor-element elementor-element-6f33c999 elementor-widget elementor-widget-text-editor\" data-id=\"6f33c999\" data-element_type=\"widget\" data-e-type=\"widget\" data-widget_type=\"text-editor.default\">\n\t\t\t\t<div class=\"elementor-widget-container\">\n\t\t\t\t\t\t\t\t\t<p>It is possible to rent commercial, service and office space in Aleksandra Street 6, Ventspils.<\/p>\n<p><strong>Adress:<\/strong> Aleksandra street 6, Ventspils<\/p>\n<p><strong>Total area:<\/strong> 500 m2<\/p>\n<p>Facilities for office space or public utilities are available. The building is located near the Old Town of Ventspils. The site has essentially been developed as a business, public and residential area.<\/p>\n<p>Object offers:<\/p>\n<ul>\n<li>Free parking for both customers and visitors;<\/li>\n<li>It is possible to adapt the premises to the wishes and needs of the tenant;<\/li>\n<li>Easy access to suppliers;<\/li>\n<li>Profesion\u0101la p\u0101rvald\u012bba.<\/li>\n<\/ul>\n\t\t\t\t\t\t\t\t<\/div>\n\t\t\t\t<\/div>\n\t\t\t\t\t<\/div>\n\t\t<\/div>\n\t\t\t\t<div class=\"elementor-column elementor-col-33 elementor-inner-column elementor-element elementor-element-7ebe88d4\" data-id=\"7ebe88d4\" data-element_type=\"column\" data-e-type=\"column\">\n\t\t\t<div class=\"elementor-widget-wrap elementor-element-populated\">\n\t\t\t\t\t\t<div class=\"elementor-element elementor-element-5116cf70 elementor-widget elementor-widget-heading\" data-id=\"5116cf70\" data-element_type=\"widget\" data-e-type=\"widget\" data-widget_type=\"heading.default\">\n\t\t\t\t<div class=\"elementor-widget-container\">\n\t\t\t\t\t<h2 class=\"elementor-heading-title elementor-size-default\">Contacts:<\/h2>\t\t\t\t<\/div>\n\t\t\t\t<\/div>\n\t\t\t\t<div class=\"elementor-element elementor-element-525aa2a0 elementor-widget elementor-widget-image\" data-id=\"525aa2a0\" data-element_type=\"widget\" data-e-type=\"widget\" data-widget_type=\"image.default\">\n\t\t\t\t<div class=\"elementor-widget-container\">\n\t\t\t\t\t\t\t\t\t\t\t\t\t\t\t<img decoding=\"async\" width=\"150\" height=\"150\" src=\"https:\/\/realto.lv\/wp-content\/uploads\/2019\/06\/dsc_5522_4.jpg\" class=\"attachment-large size-large wp-image-8081\" alt=\"inese krasovska\" srcset=\"https:\/\/realto.lv\/wp-content\/uploads\/2019\/06\/dsc_5522_4.jpg 150w, https:\/\/realto.lv\/wp-content\/uploads\/2019\/06\/dsc_5522_4-100x100.jpg 100w\" sizes=\"(max-width: 150px) 100vw, 150px\" \/>\t\t\t\t\t\t\t\t\t\t\t\t\t\t\t<\/div>\n\t\t\t\t<\/div>\n\t\t\t\t<div class=\"elementor-element elementor-element-7eeb2aca elementor-widget elementor-widget-text-editor\" data-id=\"7eeb2aca\" data-element_type=\"widget\" data-e-type=\"widget\" data-widget_type=\"text-editor.default\">\n\t\t\t\t<div class=\"elementor-widget-container\">\n\t\t\t\t\t\t\t\t\t<h3>Inese Krasovska<\/h3>\n<p>Phone: +371 27700270<\/p>\n<p>inese.krasovska@realto.lv<\/p>\n\t\t\t\t\t\t\t\t<\/div>\n\t\t\t\t<\/div>\n\t\t\t\t\t<\/div>\n\t\t<\/div>\n\t\t\t\t\t<\/div>\n\t\t<\/section>\n\t\t\t\t\t<\/div>\n\t\t<\/div>\n\t\t\t\t\t<\/div>\n\t\t<\/section>\n\t\t\t\t<section class=\"elementor-section elementor-top-section elementor-element elementor-element-7e63ac2c elementor-section-boxed elementor-section-height-default elementor-section-height-default\" data-id=\"7e63ac2c\" data-element_type=\"section\" data-e-type=\"section\">\n\t\t\t\t\t\t<div class=\"elementor-container elementor-column-gap-default\">\n\t\t\t\t\t<div class=\"elementor-column elementor-col-100 elementor-top-column elementor-element elementor-element-2662de28\" data-id=\"2662de28\" data-element_type=\"column\" data-e-type=\"column\">\n\t\t\t<div class=\"elementor-widget-wrap elementor-element-populated\">\n\t\t\t\t\t\t<div class=\"elementor-element elementor-element-4c5a1d52 elementor-widget elementor-widget-heading\" data-id=\"4c5a1d52\" data-element_type=\"widget\" data-e-type=\"widget\" data-widget_type=\"heading.default\">\n\t\t\t\t<div class=\"elementor-widget-container\">\n\t\t\t\t\t<h2 class=\"elementor-heading-title elementor-size-default\">Photo gallery:<\/h2>\t\t\t\t<\/div>\n\t\t\t\t<\/div>\n\t\t\t\t<div class=\"elementor-element elementor-element-35e16334 elementor-widget elementor-widget-image-gallery\" data-id=\"35e16334\" data-element_type=\"widget\" data-e-type=\"widget\" data-widget_type=\"image-gallery.default\">\n\t\t\t\t<div class=\"elementor-widget-container\">\n\t\t\t\t\t\t\t<div class=\"elementor-image-gallery\">\n\t\t\t<div id='gallery-1' class='gallery galleryid-10586 gallery-columns-4 gallery-size-thumbnail'><figure class='gallery-item'>\n\t\t\t<div class='gallery-icon landscape'>\n\t\t\t\t<a data-elementor-open-lightbox=\"yes\" data-elementor-lightbox-slideshow=\"35e16334\" data-elementor-lightbox-title=\"aleksandra 6 ventspils\" data-e-action-hash=\"#elementor-action%3Aaction%3Dlightbox%26settings%3DeyJpZCI6OTM1OSwidXJsIjoiaHR0cHM6XC9cL3JlYWx0by5sdlwvd3AtY29udGVudFwvdXBsb2Fkc1wvMjAxOVwvMDdcL2FsZWtzYW5kcmE2LmpwZyIsInNsaWRlc2hvdyI6IjM1ZTE2MzM0In0%3D\" href='https:\/\/realto.lv\/wp-content\/uploads\/2019\/07\/aleksandra6.jpg'><img decoding=\"async\" width=\"150\" height=\"150\" src=\"https:\/\/realto.lv\/wp-content\/uploads\/2019\/07\/aleksandra6-150x150.jpg\" class=\"attachment-thumbnail size-thumbnail\" alt=\"aleksandra 6 ventspils\" srcset=\"https:\/\/realto.lv\/wp-content\/uploads\/2019\/07\/aleksandra6-150x150.jpg 150w, https:\/\/realto.lv\/wp-content\/uploads\/2019\/07\/aleksandra6-300x300.jpg 300w, https:\/\/realto.lv\/wp-content\/uploads\/2019\/07\/aleksandra6-100x100.jpg 100w, https:\/\/realto.lv\/wp-content\/uploads\/2019\/07\/aleksandra6-350x350.jpg 350w\" sizes=\"(max-width: 150px) 100vw, 150px\" \/><\/a>\n\t\t\t<\/div><\/figure><figure class='gallery-item'>\n\t\t\t<div class='gallery-icon landscape'>\n\t\t\t\t<a data-elementor-open-lightbox=\"yes\" data-elementor-lightbox-slideshow=\"35e16334\" data-elementor-lightbox-title=\"IMG_20190619_111453\" data-e-action-hash=\"#elementor-action%3Aaction%3Dlightbox%26settings%3DeyJpZCI6OTM1NywidXJsIjoiaHR0cHM6XC9cL3JlYWx0by5sdlwvd3AtY29udGVudFwvdXBsb2Fkc1wvMjAxOVwvMDdcL0lNR18yMDE5MDYxOV8xMTE0NTMuanBnIiwic2xpZGVzaG93IjoiMzVlMTYzMzQifQ%3D%3D\" href='https:\/\/realto.lv\/wp-content\/uploads\/2019\/07\/IMG_20190619_111453.jpg'><img decoding=\"async\" width=\"150\" height=\"150\" src=\"https:\/\/realto.lv\/wp-content\/uploads\/2019\/07\/IMG_20190619_111453-150x150.jpg\" class=\"attachment-thumbnail size-thumbnail\" alt=\"\" srcset=\"https:\/\/realto.lv\/wp-content\/uploads\/2019\/07\/IMG_20190619_111453-150x150.jpg 150w, https:\/\/realto.lv\/wp-content\/uploads\/2019\/07\/IMG_20190619_111453-300x300.jpg 300w, https:\/\/realto.lv\/wp-content\/uploads\/2019\/07\/IMG_20190619_111453-100x100.jpg 100w, https:\/\/realto.lv\/wp-content\/uploads\/2019\/07\/IMG_20190619_111453-350x350.jpg 350w\" sizes=\"(max-width: 150px) 100vw, 150px\" \/><\/a>\n\t\t\t<\/div><\/figure><figure class='gallery-item'>\n\t\t\t<div class='gallery-icon portrait'>\n\t\t\t\t<a data-elementor-open-lightbox=\"yes\" data-elementor-lightbox-slideshow=\"35e16334\" data-elementor-lightbox-title=\"IMG_20190619_110858\" data-e-action-hash=\"#elementor-action%3Aaction%3Dlightbox%26settings%3DeyJpZCI6OTM1NSwidXJsIjoiaHR0cHM6XC9cL3JlYWx0by5sdlwvd3AtY29udGVudFwvdXBsb2Fkc1wvMjAxOVwvMDdcL0lNR18yMDE5MDYxOV8xMTA4NTguanBnIiwic2xpZGVzaG93IjoiMzVlMTYzMzQifQ%3D%3D\" href='https:\/\/realto.lv\/wp-content\/uploads\/2019\/07\/IMG_20190619_110858.jpg'><img loading=\"lazy\" decoding=\"async\" width=\"150\" height=\"150\" src=\"https:\/\/realto.lv\/wp-content\/uploads\/2019\/07\/IMG_20190619_110858-150x150.jpg\" class=\"attachment-thumbnail size-thumbnail\" alt=\"\" srcset=\"https:\/\/realto.lv\/wp-content\/uploads\/2019\/07\/IMG_20190619_110858-150x150.jpg 150w, https:\/\/realto.lv\/wp-content\/uploads\/2019\/07\/IMG_20190619_110858-300x300.jpg 300w, https:\/\/realto.lv\/wp-content\/uploads\/2019\/07\/IMG_20190619_110858-100x100.jpg 100w, https:\/\/realto.lv\/wp-content\/uploads\/2019\/07\/IMG_20190619_110858-350x350.jpg 350w\" sizes=\"(max-width: 150px) 100vw, 150px\" \/><\/a>\n\t\t\t<\/div><\/figure><figure class='gallery-item'>\n\t\t\t<div class='gallery-icon portrait'>\n\t\t\t\t<a data-elementor-open-lightbox=\"yes\" data-elementor-lightbox-slideshow=\"35e16334\" data-elementor-lightbox-title=\"IMG_20190619_110442\" data-e-action-hash=\"#elementor-action%3Aaction%3Dlightbox%26settings%3DeyJpZCI6OTM1MywidXJsIjoiaHR0cHM6XC9cL3JlYWx0by5sdlwvd3AtY29udGVudFwvdXBsb2Fkc1wvMjAxOVwvMDdcL0lNR18yMDE5MDYxOV8xMTA0NDIuanBnIiwic2xpZGVzaG93IjoiMzVlMTYzMzQifQ%3D%3D\" href='https:\/\/realto.lv\/wp-content\/uploads\/2019\/07\/IMG_20190619_110442.jpg'><img loading=\"lazy\" decoding=\"async\" width=\"150\" height=\"150\" src=\"https:\/\/realto.lv\/wp-content\/uploads\/2019\/07\/IMG_20190619_110442-150x150.jpg\" class=\"attachment-thumbnail size-thumbnail\" alt=\"\" srcset=\"https:\/\/realto.lv\/wp-content\/uploads\/2019\/07\/IMG_20190619_110442-150x150.jpg 150w, https:\/\/realto.lv\/wp-content\/uploads\/2019\/07\/IMG_20190619_110442-300x300.jpg 300w, https:\/\/realto.lv\/wp-content\/uploads\/2019\/07\/IMG_20190619_110442-100x100.jpg 100w, https:\/\/realto.lv\/wp-content\/uploads\/2019\/07\/IMG_20190619_110442-350x350.jpg 350w\" sizes=\"(max-width: 150px) 100vw, 150px\" \/><\/a>\n\t\t\t<\/div><\/figure><figure class='gallery-item'>\n\t\t\t<div class='gallery-icon landscape'>\n\t\t\t\t<a data-elementor-open-lightbox=\"yes\" data-elementor-lightbox-slideshow=\"35e16334\" data-elementor-lightbox-title=\"IMG_20190619_110318\" data-e-action-hash=\"#elementor-action%3Aaction%3Dlightbox%26settings%3DeyJpZCI6OTM1MSwidXJsIjoiaHR0cHM6XC9cL3JlYWx0by5sdlwvd3AtY29udGVudFwvdXBsb2Fkc1wvMjAxOVwvMDdcL0lNR18yMDE5MDYxOV8xMTAzMTguanBnIiwic2xpZGVzaG93IjoiMzVlMTYzMzQifQ%3D%3D\" href='https:\/\/realto.lv\/wp-content\/uploads\/2019\/07\/IMG_20190619_110318.jpg'><img loading=\"lazy\" decoding=\"async\" width=\"150\" height=\"150\" src=\"https:\/\/realto.lv\/wp-content\/uploads\/2019\/07\/IMG_20190619_110318-150x150.jpg\" class=\"attachment-thumbnail size-thumbnail\" alt=\"\" srcset=\"https:\/\/realto.lv\/wp-content\/uploads\/2019\/07\/IMG_20190619_110318-150x150.jpg 150w, https:\/\/realto.lv\/wp-content\/uploads\/2019\/07\/IMG_20190619_110318-300x300.jpg 300w, https:\/\/realto.lv\/wp-content\/uploads\/2019\/07\/IMG_20190619_110318-100x100.jpg 100w, https:\/\/realto.lv\/wp-content\/uploads\/2019\/07\/IMG_20190619_110318-350x350.jpg 350w\" sizes=\"(max-width: 150px) 100vw, 150px\" \/><\/a>\n\t\t\t<\/div><\/figure><figure class='gallery-item'>\n\t\t\t<div class='gallery-icon landscape'>\n\t\t\t\t<a data-elementor-open-lightbox=\"yes\" data-elementor-lightbox-slideshow=\"35e16334\" data-elementor-lightbox-title=\"IMG_20190619_105012\" data-e-action-hash=\"#elementor-action%3Aaction%3Dlightbox%26settings%3DeyJpZCI6OTM0OSwidXJsIjoiaHR0cHM6XC9cL3JlYWx0by5sdlwvd3AtY29udGVudFwvdXBsb2Fkc1wvMjAxOVwvMDdcL0lNR18yMDE5MDYxOV8xMDUwMTIuanBnIiwic2xpZGVzaG93IjoiMzVlMTYzMzQifQ%3D%3D\" href='https:\/\/realto.lv\/wp-content\/uploads\/2019\/07\/IMG_20190619_105012.jpg'><img loading=\"lazy\" decoding=\"async\" width=\"150\" height=\"150\" src=\"https:\/\/realto.lv\/wp-content\/uploads\/2019\/07\/IMG_20190619_105012-150x150.jpg\" class=\"attachment-thumbnail size-thumbnail\" alt=\"\" srcset=\"https:\/\/realto.lv\/wp-content\/uploads\/2019\/07\/IMG_20190619_105012-150x150.jpg 150w, https:\/\/realto.lv\/wp-content\/uploads\/2019\/07\/IMG_20190619_105012-300x300.jpg 300w, https:\/\/realto.lv\/wp-content\/uploads\/2019\/07\/IMG_20190619_105012-100x100.jpg 100w, https:\/\/realto.lv\/wp-content\/uploads\/2019\/07\/IMG_20190619_105012-350x350.jpg 350w\" sizes=\"(max-width: 150px) 100vw, 150px\" \/><\/a>\n\t\t\t<\/div><\/figure><figure class='gallery-item'>\n\t\t\t<div class='gallery-icon landscape'>\n\t\t\t\t<a data-elementor-open-lightbox=\"yes\" data-elementor-lightbox-slideshow=\"35e16334\" data-elementor-lightbox-title=\"IMG_20190619_104858\" data-e-action-hash=\"#elementor-action%3Aaction%3Dlightbox%26settings%3DeyJpZCI6OTM0NywidXJsIjoiaHR0cHM6XC9cL3JlYWx0by5sdlwvd3AtY29udGVudFwvdXBsb2Fkc1wvMjAxOVwvMDdcL0lNR18yMDE5MDYxOV8xMDQ4NTguanBnIiwic2xpZGVzaG93IjoiMzVlMTYzMzQifQ%3D%3D\" href='https:\/\/realto.lv\/wp-content\/uploads\/2019\/07\/IMG_20190619_104858.jpg'><img loading=\"lazy\" decoding=\"async\" width=\"150\" height=\"150\" src=\"https:\/\/realto.lv\/wp-content\/uploads\/2019\/07\/IMG_20190619_104858-150x150.jpg\" class=\"attachment-thumbnail size-thumbnail\" alt=\"\" srcset=\"https:\/\/realto.lv\/wp-content\/uploads\/2019\/07\/IMG_20190619_104858-150x150.jpg 150w, https:\/\/realto.lv\/wp-content\/uploads\/2019\/07\/IMG_20190619_104858-300x300.jpg 300w, https:\/\/realto.lv\/wp-content\/uploads\/2019\/07\/IMG_20190619_104858-100x100.jpg 100w, https:\/\/realto.lv\/wp-content\/uploads\/2019\/07\/IMG_20190619_104858-350x350.jpg 350w\" sizes=\"(max-width: 150px) 100vw, 150px\" \/><\/a>\n\t\t\t<\/div><\/figure><figure class='gallery-item'>\n\t\t\t<div class='gallery-icon landscape'>\n\t\t\t\t<a data-elementor-open-lightbox=\"yes\" data-elementor-lightbox-slideshow=\"35e16334\" data-elementor-lightbox-title=\"IMG_20190619_104832\" data-e-action-hash=\"#elementor-action%3Aaction%3Dlightbox%26settings%3DeyJpZCI6OTM0NSwidXJsIjoiaHR0cHM6XC9cL3JlYWx0by5sdlwvd3AtY29udGVudFwvdXBsb2Fkc1wvMjAxOVwvMDdcL0lNR18yMDE5MDYxOV8xMDQ4MzIuanBnIiwic2xpZGVzaG93IjoiMzVlMTYzMzQifQ%3D%3D\" href='https:\/\/realto.lv\/wp-content\/uploads\/2019\/07\/IMG_20190619_104832.jpg'><img loading=\"lazy\" decoding=\"async\" width=\"150\" height=\"150\" src=\"https:\/\/realto.lv\/wp-content\/uploads\/2019\/07\/IMG_20190619_104832-150x150.jpg\" class=\"attachment-thumbnail size-thumbnail\" alt=\"\" srcset=\"https:\/\/realto.lv\/wp-content\/uploads\/2019\/07\/IMG_20190619_104832-150x150.jpg 150w, https:\/\/realto.lv\/wp-content\/uploads\/2019\/07\/IMG_20190619_104832-300x300.jpg 300w, https:\/\/realto.lv\/wp-content\/uploads\/2019\/07\/IMG_20190619_104832-100x100.jpg 100w, https:\/\/realto.lv\/wp-content\/uploads\/2019\/07\/IMG_20190619_104832-350x350.jpg 350w\" sizes=\"(max-width: 150px) 100vw, 150px\" \/><\/a>\n\t\t\t<\/div><\/figure><figure class='gallery-item'>\n\t\t\t<div class='gallery-icon landscape'>\n\t\t\t\t<a data-elementor-open-lightbox=\"yes\" data-elementor-lightbox-slideshow=\"35e16334\" data-elementor-lightbox-title=\"IMG_20190619_104746\" data-e-action-hash=\"#elementor-action%3Aaction%3Dlightbox%26settings%3DeyJpZCI6OTM0MywidXJsIjoiaHR0cHM6XC9cL3JlYWx0by5sdlwvd3AtY29udGVudFwvdXBsb2Fkc1wvMjAxOVwvMDdcL0lNR18yMDE5MDYxOV8xMDQ3NDYuanBnIiwic2xpZGVzaG93IjoiMzVlMTYzMzQifQ%3D%3D\" href='https:\/\/realto.lv\/wp-content\/uploads\/2019\/07\/IMG_20190619_104746.jpg'><img loading=\"lazy\" decoding=\"async\" width=\"150\" height=\"150\" src=\"https:\/\/realto.lv\/wp-content\/uploads\/2019\/07\/IMG_20190619_104746-150x150.jpg\" class=\"attachment-thumbnail size-thumbnail\" alt=\"\" srcset=\"https:\/\/realto.lv\/wp-content\/uploads\/2019\/07\/IMG_20190619_104746-150x150.jpg 150w, https:\/\/realto.lv\/wp-content\/uploads\/2019\/07\/IMG_20190619_104746-300x300.jpg 300w, https:\/\/realto.lv\/wp-content\/uploads\/2019\/07\/IMG_20190619_104746-100x100.jpg 100w, https:\/\/realto.lv\/wp-content\/uploads\/2019\/07\/IMG_20190619_104746-350x350.jpg 350w\" sizes=\"(max-width: 150px) 100vw, 150px\" \/><\/a>\n\t\t\t<\/div><\/figure><figure class='gallery-item'>\n\t\t\t<div class='gallery-icon portrait'>\n\t\t\t\t<a data-elementor-open-lightbox=\"yes\" data-elementor-lightbox-slideshow=\"35e16334\" data-elementor-lightbox-title=\"IMG_20190619_104600\" data-e-action-hash=\"#elementor-action%3Aaction%3Dlightbox%26settings%3DeyJpZCI6OTM0MSwidXJsIjoiaHR0cHM6XC9cL3JlYWx0by5sdlwvd3AtY29udGVudFwvdXBsb2Fkc1wvMjAxOVwvMDdcL0lNR18yMDE5MDYxOV8xMDQ2MDAuanBnIiwic2xpZGVzaG93IjoiMzVlMTYzMzQifQ%3D%3D\" href='https:\/\/realto.lv\/wp-content\/uploads\/2019\/07\/IMG_20190619_104600.jpg'><img loading=\"lazy\" decoding=\"async\" width=\"150\" height=\"150\" src=\"https:\/\/realto.lv\/wp-content\/uploads\/2019\/07\/IMG_20190619_104600-150x150.jpg\" class=\"attachment-thumbnail size-thumbnail\" alt=\"\" srcset=\"https:\/\/realto.lv\/wp-content\/uploads\/2019\/07\/IMG_20190619_104600-150x150.jpg 150w, https:\/\/realto.lv\/wp-content\/uploads\/2019\/07\/IMG_20190619_104600-300x300.jpg 300w, https:\/\/realto.lv\/wp-content\/uploads\/2019\/07\/IMG_20190619_104600-100x100.jpg 100w, https:\/\/realto.lv\/wp-content\/uploads\/2019\/07\/IMG_20190619_104600-350x350.jpg 350w\" sizes=\"(max-width: 150px) 100vw, 150px\" \/><\/a>\n\t\t\t<\/div><\/figure><figure class='gallery-item'>\n\t\t\t<div class='gallery-icon landscape'>\n\t\t\t\t<a data-elementor-open-lightbox=\"yes\" data-elementor-lightbox-slideshow=\"35e16334\" data-elementor-lightbox-title=\"IMG_20190619_104442\" data-e-action-hash=\"#elementor-action%3Aaction%3Dlightbox%26settings%3DeyJpZCI6OTMzOSwidXJsIjoiaHR0cHM6XC9cL3JlYWx0by5sdlwvd3AtY29udGVudFwvdXBsb2Fkc1wvMjAxOVwvMDdcL0lNR18yMDE5MDYxOV8xMDQ0NDIuanBnIiwic2xpZGVzaG93IjoiMzVlMTYzMzQifQ%3D%3D\" href='https:\/\/realto.lv\/wp-content\/uploads\/2019\/07\/IMG_20190619_104442.jpg'><img loading=\"lazy\" decoding=\"async\" width=\"150\" height=\"150\" src=\"https:\/\/realto.lv\/wp-content\/uploads\/2019\/07\/IMG_20190619_104442-150x150.jpg\" class=\"attachment-thumbnail size-thumbnail\" alt=\"\" srcset=\"https:\/\/realto.lv\/wp-content\/uploads\/2019\/07\/IMG_20190619_104442-150x150.jpg 150w, https:\/\/realto.lv\/wp-content\/uploads\/2019\/07\/IMG_20190619_104442-300x300.jpg 300w, https:\/\/realto.lv\/wp-content\/uploads\/2019\/07\/IMG_20190619_104442-100x100.jpg 100w, https:\/\/realto.lv\/wp-content\/uploads\/2019\/07\/IMG_20190619_104442-350x350.jpg 350w\" sizes=\"(max-width: 150px) 100vw, 150px\" \/><\/a>\n\t\t\t<\/div><\/figure>\n\t\t<\/div>\n\t\t<\/div>\n\t\t\t\t\t\t<\/div>\n\t\t\t\t<\/div>\n\t\t\t\t\t<\/div>\n\t\t<\/div>\n\t\t\t\t\t<\/div>\n\t\t<\/section>\n\t\t\t\t<\/div>\n\t\t","protected":false},"excerpt":{"rendered":"<p>It is possible to rent commercial, service and office space in Aleksandra Street 6, Ventspils. Adress: Aleksandra street 6, Ventspils Total area: 500 m2 Facilities for office space or public utilities are available. The building is located near the Old Town of Ventspils. The site has essentially been developed as a business, public and residential [&hellip;]<\/p>\n","protected":false},"author":1,"featured_media":9358,"parent":10567,"menu_order":0,"comment_status":"closed","ping_status":"closed","template":"","meta":{"footnotes":"","_links_to":"","_links_to_target":""},"class_list":["post-10586","page","type-page","status-publish","has-post-thumbnail","hentry"],"_links":{"self":[{"href":"https:\/\/realto.lv\/en\/wp-json\/wp\/v2\/pages\/10586","targetHints":{"allow":["GET"]}}],"collection":[{"href":"https:\/\/realto.lv\/en\/wp-json\/wp\/v2\/pages"}],"about":[{"href":"https:\/\/realto.lv\/en\/wp-json\/wp\/v2\/types\/page"}],"author":[{"embeddable":true,"href":"https:\/\/realto.lv\/en\/wp-json\/wp\/v2\/users\/1"}],"replies":[{"embeddable":true,"href":"https:\/\/realto.lv\/en\/wp-json\/wp\/v2\/comments?post=10586"}],"version-history":[{"count":0,"href":"https:\/\/realto.lv\/en\/wp-json\/wp\/v2\/pages\/10586\/revisions"}],"up":[{"embeddable":true,"href":"https:\/\/realto.lv\/en\/wp-json\/wp\/v2\/pages\/10567"}],"wp:featuredmedia":[{"embeddable":true,"href":"https:\/\/realto.lv\/en\/wp-json\/wp\/v2\/media\/9358"}],"wp:attachment":[{"href":"https:\/\/realto.lv\/en\/wp-json\/wp\/v2\/media?parent=10586"}],"curies":[{"name":"wp","href":"https:\/\/api.w.org\/{rel}","templated":true}]}}