{"id":10571,"date":"2019-11-20T10:41:29","date_gmt":"2019-11-20T10:41:29","guid":{"rendered":"https:\/\/telpas.realto.lv\/legal-address-rent-virtual-offices-in-latvia\/"},"modified":"2019-11-20T10:41:33","modified_gmt":"2019-11-20T10:41:33","slug":"legal-address-rent-virtual-offices-in-latvia","status":"publish","type":"page","link":"https:\/\/realto.lv\/en\/legal-address-rent-virtual-offices-in-latvia\/","title":{"rendered":"Legal address rent, virtual offices in Latvia"},"content":{"rendered":"\t\t<div data-elementor-type=\"wp-page\" data-elementor-id=\"10571\" class=\"elementor elementor-10571 elementor-10186\">\n\t\t\t\t\t\t<section class=\"elementor-section elementor-top-section elementor-element elementor-element-9a8a61b elementor-section-boxed elementor-section-height-default elementor-section-height-default\" data-id=\"9a8a61b\" data-element_type=\"section\" data-e-type=\"section\">\n\t\t\t\t\t\t<div class=\"elementor-container elementor-column-gap-default\">\n\t\t\t\t\t<div class=\"elementor-column elementor-col-50 elementor-top-column elementor-element elementor-element-27e3178\" data-id=\"27e3178\" data-element_type=\"column\" data-e-type=\"column\">\n\t\t\t<div class=\"elementor-widget-wrap elementor-element-populated\">\n\t\t\t\t\t\t<div class=\"elementor-element elementor-element-300b619 elementor-widget elementor-widget-text-editor\" data-id=\"300b619\" data-element_type=\"widget\" data-e-type=\"widget\" data-widget_type=\"text-editor.default\">\n\t\t\t\t<div class=\"elementor-widget-container\">\n\t\t\t\t\t\t\t\t\t<div class=\"field field-name-body field-type-text-with-summary field-label-hidden\">\n<div class=\"field-items\">\n<div class=\"field-item even\">\n<p>We offer legal address rent to your company!<\/p>\n<\/div>\n<\/div>\n<\/div>\n<div class=\"field field-name-field-description field-type-text-long field-label-hidden\">\n<div class=\"field-items\">\n<div class=\"field-item even\">\n<p><strong>Virtual office<\/strong><\/p>\n<p>Virtual office is a service that includes rent of a legal address and allows the company to grow legally and professionally while saving costs. This service is particularly popular with start-ups because it allows you to start a planned business without paying extra for physical space and without incurring additional obligations. It is also beneficial for entrepreneurs who travel frequently, are abroad or are planning to change their business profile.<\/p>\n<p><strong>Services<\/strong><\/p>\n<p>The virtual office rental offer currently includes three options from which each company can choose:<\/p>\n<p><strong><em>Legal address rental<\/em><\/strong> &#8211; This service offers the company to rent a legal adress without any additional services. The company is registered at a pre-agreed address, thus being able to legally start \/ continue operations.<\/p>\n<p><em><strong>Legal adress and mailbox<\/strong> &#8211;<\/em> The service provides not only the company&#8217;s registration at the legal address, but the tenants are also given a mail box to accept the company&#8217;s mail.<\/p>\n<p><em><strong> Legal address, mailbox rental and acceptance of correspondence<\/strong><\/em> &#8211; Offer includes legal address and mailbox rental, as well as the acceptance and forwarding of correspondence.<\/p>\n<\/div>\n<\/div>\n<\/div>\n\t\t\t\t\t\t\t\t<\/div>\n\t\t\t\t<\/div>\n\t\t\t\t\t<\/div>\n\t\t<\/div>\n\t\t\t\t<div class=\"elementor-column elementor-col-50 elementor-top-column elementor-element elementor-element-6156611\" data-id=\"6156611\" data-element_type=\"column\" data-e-type=\"column\">\n\t\t\t<div class=\"elementor-widget-wrap elementor-element-populated\">\n\t\t\t\t\t\t<div class=\"elementor-element elementor-element-f9c783c elementor-widget elementor-widget-image-gallery\" data-id=\"f9c783c\" data-element_type=\"widget\" data-e-type=\"widget\" data-widget_type=\"image-gallery.default\">\n\t\t\t\t<div class=\"elementor-widget-container\">\n\t\t\t\t\t\t\t<div class=\"elementor-image-gallery\">\n\t\t\t<div id='gallery-1' class='gallery galleryid-10571 gallery-columns-2 gallery-size-thumbnail'><figure class='gallery-item'>\n\t\t\t<div class='gallery-icon portrait'>\n\t\t\t\t<a data-elementor-open-lightbox=\"yes\" data-elementor-lightbox-slideshow=\"f9c783c\" data-elementor-lightbox-title=\"juridisk\u0101s adreses noma\" data-e-action-hash=\"#elementor-action%3Aaction%3Dlightbox%26settings%3DeyJpZCI6MTAxOTcsInVybCI6Imh0dHBzOlwvXC9yZWFsdG8ubHZcL3dwLWNvbnRlbnRcL3VwbG9hZHNcLzIwMTlcLzExXC9qdXJpZGlza1x1MDEwMXMtYWRyZXNlcy1ub21hLmpwZyIsInNsaWRlc2hvdyI6ImY5Yzc4M2MifQ%3D%3D\" href='https:\/\/realto.lv\/wp-content\/uploads\/2019\/11\/juridisk\u0101s-adreses-noma.jpg'><img decoding=\"async\" width=\"150\" height=\"150\" src=\"https:\/\/realto.lv\/wp-content\/uploads\/2019\/11\/juridisk\u0101s-adreses-noma-150x150.jpg\" class=\"attachment-thumbnail size-thumbnail\" alt=\"\" srcset=\"https:\/\/realto.lv\/wp-content\/uploads\/2019\/11\/juridisk\u0101s-adreses-noma-150x150.jpg 150w, https:\/\/realto.lv\/wp-content\/uploads\/2019\/11\/juridisk\u0101s-adreses-noma-300x300.jpg 300w, https:\/\/realto.lv\/wp-content\/uploads\/2019\/11\/juridisk\u0101s-adreses-noma-100x100.jpg 100w, https:\/\/realto.lv\/wp-content\/uploads\/2019\/11\/juridisk\u0101s-adreses-noma-350x350.jpg 350w\" sizes=\"(max-width: 150px) 100vw, 150px\" \/><\/a>\n\t\t\t<\/div><\/figure><figure class='gallery-item'>\n\t\t\t<div class='gallery-icon landscape'>\n\t\t\t\t<a data-elementor-open-lightbox=\"yes\" data-elementor-lightbox-slideshow=\"f9c783c\" data-elementor-lightbox-title=\"Sapul\u010du telpa purvciem\u0101\" data-e-action-hash=\"#elementor-action%3Aaction%3Dlightbox%26settings%3DeyJpZCI6MTAxOTEsInVybCI6Imh0dHBzOlwvXC9yZWFsdG8ubHZcL3dwLWNvbnRlbnRcL3VwbG9hZHNcLzIwMTlcLzExXC9EU0MwMjI1Ni1IRFItTGFyZ2UuanBnIiwic2xpZGVzaG93IjoiZjljNzgzYyJ9\" href='https:\/\/realto.lv\/wp-content\/uploads\/2019\/11\/DSC02256-HDR-Large.jpg'><img decoding=\"async\" width=\"150\" height=\"150\" src=\"https:\/\/realto.lv\/wp-content\/uploads\/2019\/11\/DSC02256-HDR-Large-150x150.jpg\" class=\"attachment-thumbnail size-thumbnail\" alt=\"Sapul\u010du telpa purvciem\u0101\" srcset=\"https:\/\/realto.lv\/wp-content\/uploads\/2019\/11\/DSC02256-HDR-Large-150x150.jpg 150w, https:\/\/realto.lv\/wp-content\/uploads\/2019\/11\/DSC02256-HDR-Large-300x300.jpg 300w, https:\/\/realto.lv\/wp-content\/uploads\/2019\/11\/DSC02256-HDR-Large-100x100.jpg 100w, https:\/\/realto.lv\/wp-content\/uploads\/2019\/11\/DSC02256-HDR-Large-350x350.jpg 350w\" sizes=\"(max-width: 150px) 100vw, 150px\" \/><\/a>\n\t\t\t<\/div><\/figure><figure class='gallery-item'>\n\t\t\t<div class='gallery-icon landscape'>\n\t\t\t\t<a data-elementor-open-lightbox=\"yes\" data-elementor-lightbox-slideshow=\"f9c783c\" data-elementor-lightbox-title=\"Sapul\u010du telpa purvciem\u0101\" data-e-action-hash=\"#elementor-action%3Aaction%3Dlightbox%26settings%3DeyJpZCI6MTAxOTMsInVybCI6Imh0dHBzOlwvXC9yZWFsdG8ubHZcL3dwLWNvbnRlbnRcL3VwbG9hZHNcLzIwMTlcLzExXC9EU0MwMjI3Ny1IRFItTGFyZ2UuanBnIiwic2xpZGVzaG93IjoiZjljNzgzYyJ9\" href='https:\/\/realto.lv\/wp-content\/uploads\/2019\/11\/DSC02277-HDR-Large.jpg'><img decoding=\"async\" width=\"150\" height=\"150\" src=\"https:\/\/realto.lv\/wp-content\/uploads\/2019\/11\/DSC02277-HDR-Large-150x150.jpg\" class=\"attachment-thumbnail size-thumbnail\" alt=\"Sapul\u010du telpa purvciem\u0101\" srcset=\"https:\/\/realto.lv\/wp-content\/uploads\/2019\/11\/DSC02277-HDR-Large-150x150.jpg 150w, https:\/\/realto.lv\/wp-content\/uploads\/2019\/11\/DSC02277-HDR-Large-300x300.jpg 300w, https:\/\/realto.lv\/wp-content\/uploads\/2019\/11\/DSC02277-HDR-Large-100x100.jpg 100w, https:\/\/realto.lv\/wp-content\/uploads\/2019\/11\/DSC02277-HDR-Large-350x350.jpg 350w\" sizes=\"(max-width: 150px) 100vw, 150px\" \/><\/a>\n\t\t\t<\/div><\/figure><figure class='gallery-item'>\n\t\t\t<div class='gallery-icon landscape'>\n\t\t\t\t<a data-elementor-open-lightbox=\"yes\" data-elementor-lightbox-slideshow=\"f9c783c\" data-elementor-lightbox-title=\"sapulcu telpa ciekurkalna\" data-e-action-hash=\"#elementor-action%3Aaction%3Dlightbox%26settings%3DeyJpZCI6MTAxOTUsInVybCI6Imh0dHBzOlwvXC9yZWFsdG8ubHZcL3dwLWNvbnRlbnRcL3VwbG9hZHNcLzIwMTlcLzExXC9STDJCMTE1MC1MYXJnZS5qcGciLCJzbGlkZXNob3ciOiJmOWM3ODNjIn0%3D\" href='https:\/\/realto.lv\/wp-content\/uploads\/2019\/11\/RL2B1150-Large.jpg'><img loading=\"lazy\" decoding=\"async\" width=\"150\" height=\"150\" src=\"https:\/\/realto.lv\/wp-content\/uploads\/2019\/11\/RL2B1150-Large-150x150.jpg\" class=\"attachment-thumbnail size-thumbnail\" alt=\"sapulcu telpa ciekurkalna\" srcset=\"https:\/\/realto.lv\/wp-content\/uploads\/2019\/11\/RL2B1150-Large-150x150.jpg 150w, https:\/\/realto.lv\/wp-content\/uploads\/2019\/11\/RL2B1150-Large-300x300.jpg 300w, https:\/\/realto.lv\/wp-content\/uploads\/2019\/11\/RL2B1150-Large-100x100.jpg 100w, https:\/\/realto.lv\/wp-content\/uploads\/2019\/11\/RL2B1150-Large-350x350.jpg 350w\" sizes=\"(max-width: 150px) 100vw, 150px\" \/><\/a>\n\t\t\t<\/div><\/figure>\n\t\t<\/div>\n\t\t<\/div>\n\t\t\t\t\t\t<\/div>\n\t\t\t\t<\/div>\n\t\t\t\t<div class=\"elementor-element elementor-element-4e15319 elementor-widget elementor-widget-toggle\" data-id=\"4e15319\" data-element_type=\"widget\" data-e-type=\"widget\" data-widget_type=\"toggle.default\">\n\t\t\t\t<div class=\"elementor-widget-container\">\n\t\t\t\t\t\t\t<div class=\"elementor-toggle\">\n\t\t\t\t\t\t\t<div class=\"elementor-toggle-item\">\n\t\t\t\t\t<div id=\"elementor-tab-title-8181\" class=\"elementor-tab-title\" data-tab=\"1\" role=\"button\" aria-controls=\"elementor-tab-content-8181\" aria-expanded=\"false\">\n\t\t\t\t\t\t\t\t\t\t\t\t<span class=\"elementor-toggle-icon elementor-toggle-icon-left\" aria-hidden=\"true\">\n\t\t\t\t\t\t\t\t\t\t\t\t\t\t\t<span class=\"elementor-toggle-icon-closed\"><i class=\"fas fa-caret-right\"><\/i><\/span>\n\t\t\t\t\t\t\t\t<span class=\"elementor-toggle-icon-opened\"><i class=\"elementor-toggle-icon-opened fas fa-caret-up\"><\/i><\/span>\n\t\t\t\t\t\t\t\t\t\t\t\t\t<\/span>\n\t\t\t\t\t\t\t\t\t\t\t\t<a class=\"elementor-toggle-title\" tabindex=\"0\">Legal address rent terms<\/a>\n\t\t\t\t\t<\/div>\n\n\t\t\t\t\t<div id=\"elementor-tab-content-8181\" class=\"elementor-tab-content elementor-clearfix\" data-tab=\"1\" role=\"region\" aria-labelledby=\"elementor-tab-title-8181\"><p>Types and costs of services<\/p>\n<ul>\n<li>Consent for registration of legal address in one of our business centers and mailbox &#8211; 40 EUR \/ month. The minimum rental period is 12 months, 100% advance payment for the entire period. Total 480 EUR + VAT.<\/li>\n<li>Extra service &#8211; Checking the mailbox once every 2 weeks and informing the customer about the arrival of the mail &#8211; 10 EUR \/ month.<\/li>\n<li>Rent of work place on request &#8211; 50 EUR \/ day.<\/li>\n<\/ul>\n<p>A deposit of 100 EUR will be asked when signing contract. Depesit will be refunded upon termination of the contract by the service provider un-registering his business address from our property address.<\/p>\n<p>You can register your legal address and virtual office in the following business centers:<\/p>\n<p><strong><a href=\"https:\/\/telpas.realto.lv\/ciekurkalna-quarter\/?lang=en\">\u010ciekurkalns Quarter<\/a><\/strong>, T\u0113raudlietuves street 22<\/p>\n<p><strong><a href=\"https:\/\/telpas.realto.lv\/hansa-gates\/?lang=en\">Business center Hansa Gates<\/a><\/strong>, P\u0113tersalas street 1b, R\u016bpniec\u012bbas street 54<\/p>\n<p><strong><a href=\"https:\/\/telpas.realto.lv\/braslas-business-center\/?lang=en\">Brasla Business center<\/a><\/strong>, Braslas street 29, 29a<\/p>\n<p>The price includes the mailbox and consent to the legal address to be submitted to the Business Register.<\/p>\n<p>If you will decide to rent premises in one of Realto&#8217;s properties then mailbox rental will be for free. Price per square meter depends on the location and the current state of the premises. Estimated price is from 5 &#8211; 7 EUR \/ m2.<\/p>\n<\/div>\n\t\t\t\t<\/div>\n\t\t\t\t\t\t\t<div class=\"elementor-toggle-item\">\n\t\t\t\t\t<div id=\"elementor-tab-title-8182\" class=\"elementor-tab-title\" data-tab=\"2\" role=\"button\" aria-controls=\"elementor-tab-content-8182\" aria-expanded=\"false\">\n\t\t\t\t\t\t\t\t\t\t\t\t<span class=\"elementor-toggle-icon elementor-toggle-icon-left\" aria-hidden=\"true\">\n\t\t\t\t\t\t\t\t\t\t\t\t\t\t\t<span class=\"elementor-toggle-icon-closed\"><i class=\"fas fa-caret-right\"><\/i><\/span>\n\t\t\t\t\t\t\t\t<span class=\"elementor-toggle-icon-opened\"><i class=\"elementor-toggle-icon-opened fas fa-caret-up\"><\/i><\/span>\n\t\t\t\t\t\t\t\t\t\t\t\t\t<\/span>\n\t\t\t\t\t\t\t\t\t\t\t\t<a class=\"elementor-toggle-title\" tabindex=\"0\"> When do I need a legal address?<\/a>\n\t\t\t\t\t<\/div>\n\n\t\t\t\t\t<div id=\"elementor-tab-content-8182\" class=\"elementor-tab-content elementor-clearfix\" data-tab=\"2\" role=\"region\" aria-labelledby=\"elementor-tab-title-8182\"><p>There are a number of reasons why you may need to rent a legal address.<\/p>\n<p>Most people use legal address rental services because they do not want to use their home address as a business address. If you do not own the real estate, the registration of the legal address often has to be agreed with the owner. <\/p>\n<p>Some types of businesses do not require a permanent job space, so they choose to use legal address rental services. <\/p>\n<\/div>\n\t\t\t\t<\/div>\n\t\t\t\t\t\t\t<div class=\"elementor-toggle-item\">\n\t\t\t\t\t<div id=\"elementor-tab-title-8183\" class=\"elementor-tab-title\" data-tab=\"3\" role=\"button\" aria-controls=\"elementor-tab-content-8183\" aria-expanded=\"false\">\n\t\t\t\t\t\t\t\t\t\t\t\t<span class=\"elementor-toggle-icon elementor-toggle-icon-left\" aria-hidden=\"true\">\n\t\t\t\t\t\t\t\t\t\t\t\t\t\t\t<span class=\"elementor-toggle-icon-closed\"><i class=\"fas fa-caret-right\"><\/i><\/span>\n\t\t\t\t\t\t\t\t<span class=\"elementor-toggle-icon-opened\"><i class=\"elementor-toggle-icon-opened fas fa-caret-up\"><\/i><\/span>\n\t\t\t\t\t\t\t\t\t\t\t\t\t<\/span>\n\t\t\t\t\t\t\t\t\t\t\t\t<a class=\"elementor-toggle-title\" tabindex=\"0\"> Good option for start-ups<\/a>\n\t\t\t\t\t<\/div>\n\n\t\t\t\t\t<div id=\"elementor-tab-content-8183\" class=\"elementor-tab-content elementor-clearfix\" data-tab=\"3\" role=\"region\" aria-labelledby=\"elementor-tab-title-8183\"><p>If you are planning to start your own business, but you do not have a legal address, renting a legal address is a good solution. Renting a legal address is a relatively cheap service, but it can play an important role in the development of your business. You can get your legal address at any Realto business center &#8211; <a href=\"http:\/\/realto.lv\/lv\/objekti\/biznesa-parki\">check them out here.<\/a><\/p>\n<p>If you choose to rent the legal address with us, we will issue the owner&#8217;s consent to the registration of the legal address, which must be submitted to the Register of Companies.<\/p>\n<\/div>\n\t\t\t\t<\/div>\n\t\t\t\t\t\t\t<div class=\"elementor-toggle-item\">\n\t\t\t\t\t<div id=\"elementor-tab-title-8184\" class=\"elementor-tab-title\" data-tab=\"4\" role=\"button\" aria-controls=\"elementor-tab-content-8184\" aria-expanded=\"false\">\n\t\t\t\t\t\t\t\t\t\t\t\t<span class=\"elementor-toggle-icon elementor-toggle-icon-left\" aria-hidden=\"true\">\n\t\t\t\t\t\t\t\t\t\t\t\t\t\t\t<span class=\"elementor-toggle-icon-closed\"><i class=\"fas fa-caret-right\"><\/i><\/span>\n\t\t\t\t\t\t\t\t<span class=\"elementor-toggle-icon-opened\"><i class=\"elementor-toggle-icon-opened fas fa-caret-up\"><\/i><\/span>\n\t\t\t\t\t\t\t\t\t\t\t\t\t<\/span>\n\t\t\t\t\t\t\t\t\t\t\t\t<a class=\"elementor-toggle-title\" tabindex=\"0\"> Better corporate image<\/a>\n\t\t\t\t\t<\/div>\n\n\t\t\t\t\t<div id=\"elementor-tab-content-8184\" class=\"elementor-tab-content elementor-clearfix\" data-tab=\"4\" role=\"region\" aria-labelledby=\"elementor-tab-title-8184\"><p>The legal address of the company will certainly be one of the factors that will be taken into consideration by your business partners or direct customers. A legal address in a recognizable business center will certainly be considered more reliable than an address in the &#8220;Apple pie&#8221; of Nauk\u0161\u0113ni County.<\/p>\n<\/div>\n\t\t\t\t<\/div>\n\t\t\t\t\t\t\t\t<\/div>\n\t\t\t\t\t\t<\/div>\n\t\t\t\t<\/div>\n\t\t\t\t<div class=\"elementor-element elementor-element-659d0fa elementor-widget elementor-widget-heading\" data-id=\"659d0fa\" data-element_type=\"widget\" data-e-type=\"widget\" data-widget_type=\"heading.default\">\n\t\t\t\t<div class=\"elementor-widget-container\">\n\t\t\t\t\t<h2 class=\"elementor-heading-title elementor-size-default\">Contacts:<\/h2>\t\t\t\t<\/div>\n\t\t\t\t<\/div>\n\t\t\t\t<section class=\"elementor-section elementor-inner-section elementor-element elementor-element-6f83d1c elementor-section-boxed elementor-section-height-default elementor-section-height-default\" data-id=\"6f83d1c\" data-element_type=\"section\" data-e-type=\"section\">\n\t\t\t\t\t\t<div class=\"elementor-container elementor-column-gap-default\">\n\t\t\t\t\t<div class=\"elementor-column elementor-col-50 elementor-inner-column elementor-element elementor-element-0310c8e\" data-id=\"0310c8e\" data-element_type=\"column\" data-e-type=\"column\">\n\t\t\t<div class=\"elementor-widget-wrap elementor-element-populated\">\n\t\t\t\t\t\t<div class=\"elementor-element elementor-element-0ff9376 elementor-widget elementor-widget-text-editor\" data-id=\"0ff9376\" data-element_type=\"widget\" data-e-type=\"widget\" data-widget_type=\"text-editor.default\">\n\t\t\t\t<div class=\"elementor-widget-container\">\n\t\t\t\t\t\t\t\t\t<div class=\"field field-name-title field-type-ds field-label-hidden\">\n<div class=\"field-items\">\n<div class=\"field-item even\">\n<h2>Ieva Reine<\/h2>\n<\/div>\n<\/div>\n<\/div>\n<div class=\"field field-name-field-phone field-type-text field-label-inline clearfix\">\n<div class=\"field-label\">Phone: +371 29209555<\/div>\n<\/div>\n<div class=\"field field-name-field-email-link field-type-email field-label-hidden\">\n<div class=\"field-items\">\n<div class=\"field-item even\"><a class=\"spamspan\" href=\"mailto:ieva.reine@realto.lv\">ieva.reine@realto.lv<\/a><\/div>\n<\/div>\n<\/div>\n\t\t\t\t\t\t\t\t<\/div>\n\t\t\t\t<\/div>\n\t\t\t\t\t<\/div>\n\t\t<\/div>\n\t\t\t\t<div class=\"elementor-column elementor-col-50 elementor-inner-column elementor-element elementor-element-be96d5a\" data-id=\"be96d5a\" data-element_type=\"column\" data-e-type=\"column\">\n\t\t\t<div class=\"elementor-widget-wrap elementor-element-populated\">\n\t\t\t\t\t\t<div class=\"elementor-element elementor-element-239ad49 elementor-widget elementor-widget-image\" data-id=\"239ad49\" data-element_type=\"widget\" data-e-type=\"widget\" data-widget_type=\"image.default\">\n\t\t\t\t<div class=\"elementor-widget-container\">\n\t\t\t\t\t\t\t\t\t\t\t\t\t\t\t<img loading=\"lazy\" decoding=\"async\" width=\"150\" height=\"150\" src=\"https:\/\/realto.lv\/wp-content\/uploads\/2019\/05\/ieva-reine-2_0.jpg\" class=\"attachment-large size-large wp-image-7720\" alt=\"\" srcset=\"https:\/\/realto.lv\/wp-content\/uploads\/2019\/05\/ieva-reine-2_0.jpg 150w, https:\/\/realto.lv\/wp-content\/uploads\/2019\/05\/ieva-reine-2_0-100x100.jpg 100w\" sizes=\"(max-width: 150px) 100vw, 150px\" \/>\t\t\t\t\t\t\t\t\t\t\t\t\t\t\t<\/div>\n\t\t\t\t<\/div>\n\t\t\t\t\t<\/div>\n\t\t<\/div>\n\t\t\t\t\t<\/div>\n\t\t<\/section>\n\t\t\t\t\t<\/div>\n\t\t<\/div>\n\t\t\t\t\t<\/div>\n\t\t<\/section>\n\t\t\t\t<\/div>\n\t\t","protected":false},"excerpt":{"rendered":"<p>We offer legal address rent to your company! Virtual office Virtual office is a service that includes rent of a legal address and allows the company to grow legally and professionally while saving costs. This service is particularly popular with start-ups because it allows you to start a planned business without paying extra for physical [&hellip;]<\/p>\n","protected":false},"author":1,"featured_media":10461,"parent":0,"menu_order":0,"comment_status":"closed","ping_status":"closed","template":"","meta":{"footnotes":"","_links_to":"","_links_to_target":""},"class_list":["post-10571","page","type-page","status-publish","has-post-thumbnail","hentry"],"_links":{"self":[{"href":"https:\/\/realto.lv\/en\/wp-json\/wp\/v2\/pages\/10571","targetHints":{"allow":["GET"]}}],"collection":[{"href":"https:\/\/realto.lv\/en\/wp-json\/wp\/v2\/pages"}],"about":[{"href":"https:\/\/realto.lv\/en\/wp-json\/wp\/v2\/types\/page"}],"author":[{"embeddable":true,"href":"https:\/\/realto.lv\/en\/wp-json\/wp\/v2\/users\/1"}],"replies":[{"embeddable":true,"href":"https:\/\/realto.lv\/en\/wp-json\/wp\/v2\/comments?post=10571"}],"version-history":[{"count":0,"href":"https:\/\/realto.lv\/en\/wp-json\/wp\/v2\/pages\/10571\/revisions"}],"wp:featuredmedia":[{"embeddable":true,"href":"https:\/\/realto.lv\/en\/wp-json\/wp\/v2\/media\/10461"}],"wp:attachment":[{"href":"https:\/\/realto.lv\/en\/wp-json\/wp\/v2\/media?parent=10571"}],"curies":[{"name":"wp","href":"https:\/\/api.w.org\/{rel}","templated":true}]}}