{"id":10567,"date":"2019-11-20T09:35:53","date_gmt":"2019-11-20T09:35:53","guid":{"rendered":"https:\/\/telpas.realto.lv\/commercial-premises\/"},"modified":"2025-09-23T08:18:41","modified_gmt":"2025-09-23T08:18:41","slug":"commercial-premises","status":"publish","type":"page","link":"https:\/\/realto.lv\/en\/commercial-premises\/","title":{"rendered":"Commercial premises"},"content":{"rendered":"\t\t<div data-elementor-type=\"wp-page\" data-elementor-id=\"10567\" class=\"elementor elementor-10567 elementor-10245\">\n\t\t\t\t\t\t<section class=\"elementor-section elementor-top-section elementor-element elementor-element-5682ebf elementor-section-boxed elementor-section-height-default elementor-section-height-default\" data-id=\"5682ebf\" data-element_type=\"section\" data-e-type=\"section\">\n\t\t\t\t\t\t<div class=\"elementor-container elementor-column-gap-default\">\n\t\t\t\t\t<div class=\"elementor-column elementor-col-33 elementor-top-column elementor-element elementor-element-713894a\" data-id=\"713894a\" data-element_type=\"column\" data-e-type=\"column\">\n\t\t\t<div class=\"elementor-widget-wrap elementor-element-populated\">\n\t\t\t\t\t\t<div class=\"elementor-element elementor-element-99a1fc1 elementor-position-top elementor-widget elementor-widget-image-box\" data-id=\"99a1fc1\" data-element_type=\"widget\" data-e-type=\"widget\" data-widget_type=\"image-box.default\">\n\t\t\t\t<div class=\"elementor-widget-container\">\n\t\t\t\t\t<div class=\"elementor-image-box-wrapper\"><figure class=\"elementor-image-box-img\"><a href=\"https:\/\/realto.lv\/tirdzniecibas-telpas\/telpu-noma-raina-iela-1-sigulda\/\" tabindex=\"-1\"><img decoding=\"async\" src=\"https:\/\/realto.lv\/wp-content\/uploads\/2025\/07\/1-scaled.jpg\" title=\"1\" alt=\"1\" class=\"elementor-animation-grow\" loading=\"lazy\" \/><\/a><\/figure><div class=\"elementor-image-box-content\"><h1 class=\"elementor-image-box-title\"><a href=\"https:\/\/realto.lv\/tirdzniecibas-telpas\/telpu-noma-raina-iela-1-sigulda\/\">Rai\u0146a street 1, Sigulda<\/a><\/h1><p class=\"elementor-image-box-description\">Commercial premises<\/p><\/div><\/div>\t\t\t\t<\/div>\n\t\t\t\t<\/div>\n\t\t\t\t\t<\/div>\n\t\t<\/div>\n\t\t\t\t<div class=\"elementor-column elementor-col-33 elementor-top-column elementor-element elementor-element-5be9489\" data-id=\"5be9489\" data-element_type=\"column\" data-e-type=\"column\">\n\t\t\t<div class=\"elementor-widget-wrap elementor-element-populated\">\n\t\t\t\t\t\t<div class=\"elementor-element elementor-element-1d9dc9e elementor-position-top elementor-widget elementor-widget-image-box\" data-id=\"1d9dc9e\" data-element_type=\"widget\" data-e-type=\"widget\" data-widget_type=\"image-box.default\">\n\t\t\t\t<div class=\"elementor-widget-container\">\n\t\t\t\t\t<div class=\"elementor-image-box-wrapper\"><figure class=\"elementor-image-box-img\"><a href=\"https:\/\/realto.lv\/en\/commercial-premises\/tirgus-laukums-1-ventspils\/\" tabindex=\"-1\"><img decoding=\"async\" src=\"https:\/\/realto.lv\/wp-content\/uploads\/2019\/11\/IMG_20190619_115331-810x430.jpg\" title=\"tirgus laukums 1 ventspils\" alt=\"tirgus laukums 1 ventspils\" class=\"elementor-animation-grow\" loading=\"lazy\" \/><\/a><\/figure><div class=\"elementor-image-box-content\"><h1 class=\"elementor-image-box-title\"><a href=\"https:\/\/realto.lv\/en\/commercial-premises\/tirgus-laukums-1-ventspils\/\">Tirgus laukums 1, Ventspils<\/a><\/h1><p class=\"elementor-image-box-description\">Commercial premises<\/p><\/div><\/div>\t\t\t\t<\/div>\n\t\t\t\t<\/div>\n\t\t\t\t\t<\/div>\n\t\t<\/div>\n\t\t\t\t<div class=\"elementor-column elementor-col-33 elementor-top-column elementor-element elementor-element-f45f4db\" data-id=\"f45f4db\" data-element_type=\"column\" data-e-type=\"column\">\n\t\t\t<div class=\"elementor-widget-wrap elementor-element-populated\">\n\t\t\t\t\t\t<div class=\"elementor-element elementor-element-2faabaa elementor-position-top elementor-widget elementor-widget-image-box\" data-id=\"2faabaa\" data-element_type=\"widget\" data-e-type=\"widget\" data-widget_type=\"image-box.default\">\n\t\t\t\t<div class=\"elementor-widget-container\">\n\t\t\t\t\t<div class=\"elementor-image-box-wrapper\"><figure class=\"elementor-image-box-img\"><a href=\"https:\/\/realto.lv\/en\/commercial-premises\/offices-at-aleksandra-street-6-ventspils\/\" tabindex=\"-1\"><img decoding=\"async\" src=\"https:\/\/realto.lv\/wp-content\/uploads\/2019\/07\/aleksandra6-810x430.jpg\" title=\"aleksandra 6 ventspils\" alt=\"aleksandra 6 ventspils\" class=\"elementor-animation-grow\" loading=\"lazy\" \/><\/a><\/figure><div class=\"elementor-image-box-content\"><h1 class=\"elementor-image-box-title\"><a href=\"https:\/\/realto.lv\/en\/commercial-premises\/offices-at-aleksandra-street-6-ventspils\/\">Aleksandra street 6, Ventspils<\/a><\/h1><p class=\"elementor-image-box-description\">Premises for offices and services<\/p><\/div><\/div>\t\t\t\t<\/div>\n\t\t\t\t<\/div>\n\t\t\t\t\t<\/div>\n\t\t<\/div>\n\t\t\t\t\t<\/div>\n\t\t<\/section>\n\t\t\t\t<section class=\"elementor-section elementor-top-section elementor-element elementor-element-15470ca elementor-section-boxed elementor-section-height-default elementor-section-height-default\" data-id=\"15470ca\" data-element_type=\"section\" data-e-type=\"section\">\n\t\t\t\t\t\t<div class=\"elementor-container elementor-column-gap-default\">\n\t\t\t\t\t<div class=\"elementor-column elementor-col-33 elementor-top-column elementor-element elementor-element-33f7f57\" data-id=\"33f7f57\" data-element_type=\"column\" data-e-type=\"column\">\n\t\t\t<div class=\"elementor-widget-wrap elementor-element-populated\">\n\t\t\t\t\t\t<div class=\"elementor-element elementor-element-2630615 elementor-position-top elementor-widget elementor-widget-image-box\" data-id=\"2630615\" data-element_type=\"widget\" data-e-type=\"widget\" data-widget_type=\"image-box.default\">\n\t\t\t\t<div class=\"elementor-widget-container\">\n\t\t\t\t\t<div class=\"elementor-image-box-wrapper\"><figure class=\"elementor-image-box-img\"><a href=\"https:\/\/realto.lv\/tirdzniecibas-telpas\/telpu-noma-ainazu-iela-6c-saulkrastos\/\" tabindex=\"-1\"><img decoding=\"async\" src=\"https:\/\/realto.lv\/wp-content\/uploads\/2023\/07\/6-1-scaled.jpg\" title=\"6\" alt=\"6\" class=\"elementor-animation-grow\" loading=\"lazy\" \/><\/a><\/figure><div class=\"elementor-image-box-content\"><h1 class=\"elementor-image-box-title\"><a href=\"https:\/\/realto.lv\/tirdzniecibas-telpas\/telpu-noma-ainazu-iela-6c-saulkrastos\/\">Aina\u017eu street 6C, Saulkrasti<\/a><\/h1><p class=\"elementor-image-box-description\">Commercial premises and apartments<\/p><\/div><\/div>\t\t\t\t<\/div>\n\t\t\t\t<\/div>\n\t\t\t\t\t<\/div>\n\t\t<\/div>\n\t\t\t\t<div class=\"elementor-column elementor-col-33 elementor-top-column elementor-element elementor-element-86ba762\" data-id=\"86ba762\" data-element_type=\"column\" data-e-type=\"column\">\n\t\t\t<div class=\"elementor-widget-wrap\">\n\t\t\t\t\t\t\t<\/div>\n\t\t<\/div>\n\t\t\t\t<div class=\"elementor-column elementor-col-33 elementor-top-column elementor-element elementor-element-326a365\" data-id=\"326a365\" data-element_type=\"column\" data-e-type=\"column\">\n\t\t\t<div class=\"elementor-widget-wrap elementor-element-populated\">\n\t\t\t\t\t\t<div class=\"elementor-element elementor-element-be910c2 elementor-position-top elementor-widget elementor-widget-image-box\" data-id=\"be910c2\" data-element_type=\"widget\" data-e-type=\"widget\" data-widget_type=\"image-box.default\">\n\t\t\t\t<div class=\"elementor-widget-container\">\n\t\t\t\t\t<div class=\"elementor-image-box-wrapper\"><figure class=\"elementor-image-box-img\"><a href=\"https:\/\/realto.lv\/en\/commercial-premises\/premises-for-rent-in-murjanu-street-91-jugla-riga\/\" tabindex=\"-1\"><img decoding=\"async\" src=\"https:\/\/realto.lv\/wp-content\/uploads\/2024\/11\/RAL_CUBE-1.jpg\" title=\"RAL_CUBE\" alt=\"RAL_CUBE\" class=\"elementor-animation-grow\" loading=\"lazy\" \/><\/a><\/figure><div class=\"elementor-image-box-content\"><h1 class=\"elementor-image-box-title\"><a href=\"https:\/\/realto.lv\/en\/commercial-premises\/premises-for-rent-in-murjanu-street-91-jugla-riga\/\">Murj\u0101\u0146u street 91, R\u012bga, Jugla<\/a><\/h1><p class=\"elementor-image-box-description\">Premises for offices and services<\/p><\/div><\/div>\t\t\t\t<\/div>\n\t\t\t\t<\/div>\n\t\t\t\t\t<\/div>\n\t\t<\/div>\n\t\t\t\t\t<\/div>\n\t\t<\/section>\n\t\t\t\t<section class=\"elementor-section elementor-top-section elementor-element elementor-element-1b4dfbe elementor-section-boxed elementor-section-height-default elementor-section-height-default\" data-id=\"1b4dfbe\" data-element_type=\"section\" data-e-type=\"section\">\n\t\t\t\t\t\t<div class=\"elementor-container elementor-column-gap-default\">\n\t\t\t\t\t<div class=\"elementor-column elementor-col-33 elementor-top-column elementor-element elementor-element-61b26d6\" data-id=\"61b26d6\" data-element_type=\"column\" data-e-type=\"column\">\n\t\t\t<div class=\"elementor-widget-wrap elementor-element-populated\">\n\t\t\t\t\t\t<div class=\"elementor-element elementor-element-14210ed elementor-position-top elementor-widget elementor-widget-image-box\" data-id=\"14210ed\" data-element_type=\"widget\" data-e-type=\"widget\" data-widget_type=\"image-box.default\">\n\t\t\t\t<div class=\"elementor-widget-container\">\n\t\t\t\t\t<div class=\"elementor-image-box-wrapper\"><figure class=\"elementor-image-box-img\"><a href=\"https:\/\/realto.lv\/en\/commercial-premises\/gravas-street-1-kuldiga\/\" tabindex=\"-1\"><img decoding=\"async\" src=\"https:\/\/realto.lv\/wp-content\/uploads\/2019\/11\/elvi_kuldiga_mod.jpg\" title=\"elvi kuldiga druvas iela\" alt=\"elvi kuldiga druvas iela\" class=\"elementor-animation-grow\" loading=\"lazy\" \/><\/a><\/figure><div class=\"elementor-image-box-content\"><h1 class=\"elementor-image-box-title\"><a href=\"https:\/\/realto.lv\/en\/commercial-premises\/gravas-street-1-kuldiga\/\">Gravas street 1, Kuld\u012bga<\/a><\/h1><p class=\"elementor-image-box-description\">Commercial premises<\/p><\/div><\/div>\t\t\t\t<\/div>\n\t\t\t\t<\/div>\n\t\t\t\t\t<\/div>\n\t\t<\/div>\n\t\t\t\t<div class=\"elementor-column elementor-col-33 elementor-top-column elementor-element elementor-element-6e3a4a3\" data-id=\"6e3a4a3\" data-element_type=\"column\" data-e-type=\"column\">\n\t\t\t<div class=\"elementor-widget-wrap elementor-element-populated\">\n\t\t\t\t\t\t<div class=\"elementor-element elementor-element-802df9f elementor-position-top elementor-widget elementor-widget-image-box\" data-id=\"802df9f\" data-element_type=\"widget\" data-e-type=\"widget\" data-widget_type=\"image-box.default\">\n\t\t\t\t<div class=\"elementor-widget-container\">\n\t\t\t\t\t<div class=\"elementor-image-box-wrapper\"><figure class=\"elementor-image-box-img\"><a href=\"https:\/\/realto.lv\/en\/commercial-premises\/vienibas-street-4-druva\/\" tabindex=\"-1\"><img decoding=\"async\" src=\"https:\/\/realto.lv\/wp-content\/uploads\/2019\/11\/druva_11_mod_small.png\" title=\"druva_11_mod_small\" alt=\"druva_11_mod_small\" class=\"elementor-animation-grow\" loading=\"lazy\" \/><\/a><\/figure><div class=\"elementor-image-box-content\"><h1 class=\"elementor-image-box-title\"><a href=\"https:\/\/realto.lv\/en\/commercial-premises\/vienibas-street-4-druva\/\">Vien\u012bbas street 4, Druva<\/a><\/h1><p class=\"elementor-image-box-description\">Commercial premises<\/p><\/div><\/div>\t\t\t\t<\/div>\n\t\t\t\t<\/div>\n\t\t\t\t\t<\/div>\n\t\t<\/div>\n\t\t\t\t<div class=\"elementor-column elementor-col-33 elementor-top-column elementor-element elementor-element-bdaa92a\" data-id=\"bdaa92a\" data-element_type=\"column\" data-e-type=\"column\">\n\t\t\t<div class=\"elementor-widget-wrap elementor-element-populated\">\n\t\t\t\t\t\t<div class=\"elementor-element elementor-element-13679e5 elementor-position-top elementor-widget elementor-widget-image-box\" data-id=\"13679e5\" data-element_type=\"widget\" data-e-type=\"widget\" data-widget_type=\"image-box.default\">\n\t\t\t\t<div class=\"elementor-widget-container\">\n\t\t\t\t\t<div class=\"elementor-image-box-wrapper\"><figure class=\"elementor-image-box-img\"><a href=\"https:\/\/realto.lv\/en\/celtnieku-street-3-ventspils\/\" tabindex=\"-1\"><img decoding=\"async\" src=\"https:\/\/realto.lv\/wp-content\/uploads\/2019\/11\/967_original.png\" title=\"967_original\" alt=\"967_original\" class=\"elementor-animation-grow\" loading=\"lazy\" \/><\/a><\/figure><div class=\"elementor-image-box-content\"><h1 class=\"elementor-image-box-title\"><a href=\"https:\/\/realto.lv\/en\/celtnieku-street-3-ventspils\/\">Celtnieku street 3, Ventspils<\/a><\/h1><p class=\"elementor-image-box-description\">Commercial premises<\/p><\/div><\/div>\t\t\t\t<\/div>\n\t\t\t\t<\/div>\n\t\t\t\t\t<\/div>\n\t\t<\/div>\n\t\t\t\t\t<\/div>\n\t\t<\/section>\n\t\t\t\t<section class=\"elementor-section elementor-top-section elementor-element elementor-element-0dbff0a elementor-section-boxed elementor-section-height-default elementor-section-height-default\" data-id=\"0dbff0a\" data-element_type=\"section\" data-e-type=\"section\">\n\t\t\t\t\t\t<div class=\"elementor-container elementor-column-gap-default\">\n\t\t\t\t\t<div class=\"elementor-column elementor-col-33 elementor-top-column elementor-element elementor-element-fb21617\" data-id=\"fb21617\" data-element_type=\"column\" data-e-type=\"column\">\n\t\t\t<div class=\"elementor-widget-wrap elementor-element-populated\">\n\t\t\t\t\t\t<div class=\"elementor-element elementor-element-b9501e9 elementor-position-top elementor-widget elementor-widget-image-box\" data-id=\"b9501e9\" data-element_type=\"widget\" data-e-type=\"widget\" data-widget_type=\"image-box.default\">\n\t\t\t\t<div class=\"elementor-widget-container\">\n\t\t\t\t\t<div class=\"elementor-image-box-wrapper\"><figure class=\"elementor-image-box-img\"><a href=\"https:\/\/realto.lv\/en\/commercial-premises\/kuldigas-street-123-ventspils\/\" tabindex=\"-1\"><img decoding=\"async\" src=\"https:\/\/realto.lv\/wp-content\/uploads\/2019\/11\/kuldigas-123-ventspils.jpg\" title=\"kuldigas 123 ventspils\" alt=\"kuldigas 123 ventspils\" class=\"elementor-animation-grow\" loading=\"lazy\" \/><\/a><\/figure><div class=\"elementor-image-box-content\"><h1 class=\"elementor-image-box-title\"><a href=\"https:\/\/realto.lv\/en\/commercial-premises\/kuldigas-street-123-ventspils\/\">Kuld\u012bgas street 123, Ventspils<\/a><\/h1><p class=\"elementor-image-box-description\">Commercial premises<\/p><\/div><\/div>\t\t\t\t<\/div>\n\t\t\t\t<\/div>\n\t\t\t\t\t<\/div>\n\t\t<\/div>\n\t\t\t\t<div class=\"elementor-column elementor-col-33 elementor-top-column elementor-element elementor-element-254554c\" data-id=\"254554c\" data-element_type=\"column\" data-e-type=\"column\">\n\t\t\t<div class=\"elementor-widget-wrap elementor-element-populated\">\n\t\t\t\t\t\t<div class=\"elementor-element elementor-element-bf36044 elementor-position-top elementor-widget elementor-widget-image-box\" data-id=\"bf36044\" data-element_type=\"widget\" data-e-type=\"widget\" data-widget_type=\"image-box.default\">\n\t\t\t\t<div class=\"elementor-widget-container\">\n\t\t\t\t\t<div class=\"elementor-image-box-wrapper\"><figure class=\"elementor-image-box-img\"><a href=\"https:\/\/realto.lv\/en\/commercial-premises\/premises-for-rent-in-ventas-street-16-skrunda\/\" tabindex=\"-1\"><img decoding=\"async\" src=\"https:\/\/realto.lv\/wp-content\/uploads\/2019\/11\/skrunda_small_1.png\" title=\"skrunda_small_1\" alt=\"skrunda_small_1\" class=\"elementor-animation-grow\" loading=\"lazy\" \/><\/a><\/figure><div class=\"elementor-image-box-content\"><h1 class=\"elementor-image-box-title\"><a href=\"https:\/\/realto.lv\/en\/commercial-premises\/premises-for-rent-in-ventas-street-16-skrunda\/\">Ventas street 16, Skrunda<\/a><\/h1><p class=\"elementor-image-box-description\">Commercial premises<\/p><\/div><\/div>\t\t\t\t<\/div>\n\t\t\t\t<\/div>\n\t\t\t\t\t<\/div>\n\t\t<\/div>\n\t\t\t\t<div class=\"elementor-column elementor-col-33 elementor-top-column elementor-element elementor-element-cbeab0a\" data-id=\"cbeab0a\" data-element_type=\"column\" data-e-type=\"column\">\n\t\t\t<div class=\"elementor-widget-wrap elementor-element-populated\">\n\t\t\t\t\t\t<div class=\"elementor-element elementor-element-8f81dbf elementor-position-top elementor-widget elementor-widget-image-box\" data-id=\"8f81dbf\" data-element_type=\"widget\" data-e-type=\"widget\" data-widget_type=\"image-box.default\">\n\t\t\t\t<div class=\"elementor-widget-container\">\n\t\t\t\t\t<div class=\"elementor-image-box-wrapper\"><figure class=\"elementor-image-box-img\"><a href=\"https:\/\/realto.lv\/en\/commercial-premises\/baldones-street-42-iecava\/\" tabindex=\"-1\"><img decoding=\"async\" src=\"https:\/\/realto.lv\/wp-content\/uploads\/2019\/11\/baldones42-iecava.jpg\" title=\"baldones42-iecava\" alt=\"baldones42-iecava\" class=\"elementor-animation-grow\" loading=\"lazy\" \/><\/a><\/figure><div class=\"elementor-image-box-content\"><h1 class=\"elementor-image-box-title\"><a href=\"https:\/\/realto.lv\/en\/commercial-premises\/baldones-street-42-iecava\/\">Baldones street 42, Iecava<\/a><\/h1><p class=\"elementor-image-box-description\">Commercial premises<\/p><\/div><\/div>\t\t\t\t<\/div>\n\t\t\t\t<\/div>\n\t\t\t\t\t<\/div>\n\t\t<\/div>\n\t\t\t\t\t<\/div>\n\t\t<\/section>\n\t\t\t\t<\/div>\n\t\t","protected":false},"excerpt":{"rendered":"<p>Rai\u0146a street 1, Sigulda Commercial premises Tirgus laukums 1, Ventspils Commercial premises Aleksandra street 6, Ventspils Premises for offices and services Aina\u017eu street 6C, Saulkrasti Commercial premises and apartments Murj\u0101\u0146u street 91, R\u012bga, Jugla Premises for offices and services Gravas street 1, Kuld\u012bga Commercial premises Vien\u012bbas street 4, Druva Commercial premises Celtnieku street 3, Ventspils [&hellip;]<\/p>\n","protected":false},"author":1,"featured_media":0,"parent":0,"menu_order":0,"comment_status":"closed","ping_status":"closed","template":"elementor_header_footer","meta":{"footnotes":"","_links_to":"","_links_to_target":""},"class_list":["post-10567","page","type-page","status-publish","hentry"],"_links":{"self":[{"href":"https:\/\/realto.lv\/en\/wp-json\/wp\/v2\/pages\/10567","targetHints":{"allow":["GET"]}}],"collection":[{"href":"https:\/\/realto.lv\/en\/wp-json\/wp\/v2\/pages"}],"about":[{"href":"https:\/\/realto.lv\/en\/wp-json\/wp\/v2\/types\/page"}],"author":[{"embeddable":true,"href":"https:\/\/realto.lv\/en\/wp-json\/wp\/v2\/users\/1"}],"replies":[{"embeddable":true,"href":"https:\/\/realto.lv\/en\/wp-json\/wp\/v2\/comments?post=10567"}],"version-history":[{"count":2,"href":"https:\/\/realto.lv\/en\/wp-json\/wp\/v2\/pages\/10567\/revisions"}],"predecessor-version":[{"id":28531,"href":"https:\/\/realto.lv\/en\/wp-json\/wp\/v2\/pages\/10567\/revisions\/28531"}],"wp:attachment":[{"href":"https:\/\/realto.lv\/en\/wp-json\/wp\/v2\/media?parent=10567"}],"curies":[{"name":"wp","href":"https:\/\/api.w.org\/{rel}","templated":true}]}}