{"id":10561,"date":"2019-11-20T09:23:54","date_gmt":"2019-11-20T09:23:54","guid":{"rendered":"https:\/\/telpas.realto.lv\/mukusalas-business-center\/"},"modified":"2020-04-09T09:47:01","modified_gmt":"2020-04-09T09:47:01","slug":"mukusalas-business-center","status":"publish","type":"page","link":"https:\/\/realto.lv\/en\/mukusalas-business-center\/","title":{"rendered":"M\u016bkusalas Business Center"},"content":{"rendered":"\t\t<div data-elementor-type=\"wp-post\" data-elementor-id=\"10561\" class=\"elementor elementor-10561 elementor-8759\">\n\t\t\t\t\t\t<section class=\"elementor-section elementor-top-section elementor-element elementor-element-26ed2bcc elementor-section-stretched elementor-section-full_width elementor-section-height-default elementor-section-height-default\" data-id=\"26ed2bcc\" data-element_type=\"section\" data-e-type=\"section\" data-settings=\"{&quot;stretch_section&quot;:&quot;section-stretched&quot;}\">\n\t\t\t\t\t\t<div class=\"elementor-container elementor-column-gap-default\">\n\t\t\t\t\t<div class=\"elementor-column elementor-col-100 elementor-top-column elementor-element elementor-element-1d0b5554\" data-id=\"1d0b5554\" data-element_type=\"column\" data-e-type=\"column\" data-settings=\"{&quot;background_background&quot;:&quot;classic&quot;}\">\n\t\t\t<div class=\"elementor-widget-wrap elementor-element-populated\">\n\t\t\t\t\t\t<div class=\"elementor-element elementor-element-1aaee316 elementor-widget elementor-widget-spacer\" data-id=\"1aaee316\" data-element_type=\"widget\" data-e-type=\"widget\" data-widget_type=\"spacer.default\">\n\t\t\t\t<div class=\"elementor-widget-container\">\n\t\t\t\t\t\t\t<div class=\"elementor-spacer\">\n\t\t\t<div class=\"elementor-spacer-inner\"><\/div>\n\t\t<\/div>\n\t\t\t\t\t\t<\/div>\n\t\t\t\t<\/div>\n\t\t\t\t<div class=\"elementor-element elementor-element-30a00b14 elementor-widget elementor-widget-heading\" data-id=\"30a00b14\" data-element_type=\"widget\" data-e-type=\"widget\" data-widget_type=\"heading.default\">\n\t\t\t\t<div class=\"elementor-widget-container\">\n\t\t\t\t\t<h1 class=\"elementor-heading-title elementor-size-xxl\">M\u016bkusalas Biznesa Centrs<\/h1>\t\t\t\t<\/div>\n\t\t\t\t<\/div>\n\t\t\t\t<div class=\"elementor-element elementor-element-1bdab2e6 elementor-widget elementor-widget-text-editor\" data-id=\"1bdab2e6\" data-element_type=\"widget\" data-e-type=\"widget\" data-widget_type=\"text-editor.default\">\n\t\t\t\t<div class=\"elementor-widget-container\">\n\t\t\t\t\t\t\t\t\t<p>Office, production and warehouse premises in Pardaugava, Riga<\/p>\n\t\t\t\t\t\t\t\t<\/div>\n\t\t\t\t<\/div>\n\t\t\t\t<div class=\"elementor-element elementor-element-1dbc18a6 elementor-widget elementor-widget-spacer\" data-id=\"1dbc18a6\" data-element_type=\"widget\" data-e-type=\"widget\" data-widget_type=\"spacer.default\">\n\t\t\t\t<div class=\"elementor-widget-container\">\n\t\t\t\t\t\t\t<div class=\"elementor-spacer\">\n\t\t\t<div class=\"elementor-spacer-inner\"><\/div>\n\t\t<\/div>\n\t\t\t\t\t\t<\/div>\n\t\t\t\t<\/div>\n\t\t\t\t\t<\/div>\n\t\t<\/div>\n\t\t\t\t\t<\/div>\n\t\t<\/section>\n\t\t\t\t<section class=\"elementor-section elementor-top-section elementor-element elementor-element-12cde931 elementor-section-boxed elementor-section-height-default elementor-section-height-default\" data-id=\"12cde931\" data-element_type=\"section\" data-e-type=\"section\">\n\t\t\t\t\t\t<div class=\"elementor-container elementor-column-gap-default\">\n\t\t\t\t\t<div class=\"elementor-column elementor-col-50 elementor-top-column elementor-element elementor-element-112b2378\" data-id=\"112b2378\" data-element_type=\"column\" data-e-type=\"column\">\n\t\t\t<div class=\"elementor-widget-wrap elementor-element-populated\">\n\t\t\t\t\t\t<div class=\"elementor-element elementor-element-5670ebfc elementor-widget elementor-widget-text-editor\" data-id=\"5670ebfc\" data-element_type=\"widget\" data-e-type=\"widget\" data-widget_type=\"text-editor.default\">\n\t\t\t\t<div class=\"elementor-widget-container\">\n\t\t\t\t\t\t\t\t\t<div class=\"field field-name-body field-type-text-with-summary field-label-hidden\">\n<div class=\"field-items\">\n<div class=\"field-item even\">\n<p>Offices\/Commercial premises\/Warehouses<\/p>\n<\/div>\n<\/div>\n<\/div>\n<div class=\"field field-name-field-ap-address field-type-text field-label-inline clearfix\">\n<div class=\"field-label\">Adrese: M\u016bkusalas street 42, R\u012bga<\/div>\n<\/div>\n<div class=\"field field-name-field-region field-type-list-text field-label-inline clearfix\">\n<div class=\"field-label\">Region: Pardaugava<\/div>\n<\/div>\n<div class=\"field field-name-field-description field-type-text-long field-label-hidden\">\n<div class=\"field-items\">\n<div class=\"field-item even\">\n<p>M\u016bkusala Business Centre is one of the largest business centres in Riga where culture meets business. The complex is located near the river Daugava and the National Library. The M\u016bkusala Business Center is characterized by beautiful, well-tended surroundings and modern premises for you business and meeting needs.<\/p>\n<p>M\u016bkusalas Biznesa Centrs offers:<\/p>\n<ul>\n<li>24-hour security;<\/li>\n<li>Video surveillance<\/li>\n<li>Bicycle parking spaces;<\/li>\n<li>Caf\u00e9<\/li>\n<li>Pharmacy;<\/li>\n<li>Customization of premises to customer&#8217;s wishes and needs;<\/li>\n<li>Professional building management.<\/li>\n<\/ul>\n<p>The premises available for rent can be viewed on the <strong><a href=\"http:\/\/www.mbcentrs.lv\">M\u016bkusala Business Center<\/a><\/strong>website<\/p>\n<\/div>\n<\/div>\n<\/div>\n\t\t\t\t\t\t\t\t<\/div>\n\t\t\t\t<\/div>\n\t\t\t\t\t<\/div>\n\t\t<\/div>\n\t\t\t\t<div class=\"elementor-column elementor-col-50 elementor-top-column elementor-element elementor-element-21cb824e\" data-id=\"21cb824e\" data-element_type=\"column\" data-e-type=\"column\">\n\t\t\t<div class=\"elementor-widget-wrap elementor-element-populated\">\n\t\t\t\t\t\t<div class=\"elementor-element elementor-element-7cf624e9 elementor-widget elementor-widget-google_maps\" data-id=\"7cf624e9\" data-element_type=\"widget\" data-e-type=\"widget\" data-widget_type=\"google_maps.default\">\n\t\t\t\t<div class=\"elementor-widget-container\">\n\t\t\t\t\t\t\t<div class=\"elementor-custom-embed\">\n\t\t\t<iframe loading=\"lazy\"\n\t\t\t\t\tsrc=\"https:\/\/maps.google.com\/maps?q=M%C5%ABkusalas%20iela%2041b&#038;t=m&#038;z=12&#038;output=embed&#038;iwloc=near\"\n\t\t\t\t\ttitle=\"M\u016bkusalas iela 41b\"\n\t\t\t\t\taria-label=\"M\u016bkusalas iela 41b\"\n\t\t\t><\/iframe>\n\t\t<\/div>\n\t\t\t\t\t\t<\/div>\n\t\t\t\t<\/div>\n\t\t\t\t<div class=\"elementor-element elementor-element-7f8931e3 elementor-widget elementor-widget-image-gallery\" data-id=\"7f8931e3\" data-element_type=\"widget\" data-e-type=\"widget\" data-widget_type=\"image-gallery.default\">\n\t\t\t\t<div class=\"elementor-widget-container\">\n\t\t\t\t\t\t\t<div class=\"elementor-image-gallery\">\n\t\t\t<div id='gallery-1' class='gallery galleryid-10561 gallery-columns-2 gallery-size-houzez-property-thumb-image-v2'><figure class='gallery-item'>\n\t\t\t<div class='gallery-icon landscape'>\n\t\t\t\t<a data-elementor-open-lightbox=\"yes\" data-elementor-lightbox-slideshow=\"7f8931e3\" data-elementor-lightbox-title=\"D4iek\u0161telpas\" data-e-action-hash=\"#elementor-action%3Aaction%3Dlightbox%26settings%3DeyJpZCI6ODc3NiwidXJsIjoiaHR0cHM6XC9cL3JlYWx0by5sdlwvd3AtY29udGVudFwvdXBsb2Fkc1wvMjAxOVwvMDdcL0Q0aWVrXHUwMTYxdGVscGFzLmpwZyIsInNsaWRlc2hvdyI6IjdmODkzMWUzIn0%3D\" href='https:\/\/realto.lv\/wp-content\/uploads\/2019\/07\/D4iek\u0161telpas.jpg'><img fetchpriority=\"high\" decoding=\"async\" width=\"380\" height=\"280\" src=\"https:\/\/realto.lv\/wp-content\/uploads\/2019\/07\/D4iek\u0161telpas-380x280.jpg\" class=\"attachment-houzez-property-thumb-image-v2 size-houzez-property-thumb-image-v2\" alt=\"\" srcset=\"https:\/\/realto.lv\/wp-content\/uploads\/2019\/07\/D4iek\u0161telpas-380x280.jpg 380w, https:\/\/realto.lv\/wp-content\/uploads\/2019\/07\/D4iek\u0161telpas-150x110.jpg 150w\" sizes=\"(max-width: 380px) 100vw, 380px\" \/><\/a>\n\t\t\t<\/div><\/figure><figure class='gallery-item'>\n\t\t\t<div class='gallery-icon landscape'>\n\t\t\t\t<a data-elementor-open-lightbox=\"yes\" data-elementor-lightbox-slideshow=\"7f8931e3\" data-elementor-lightbox-title=\"teritorija ar Daugavu\" data-e-action-hash=\"#elementor-action%3Aaction%3Dlightbox%26settings%3DeyJpZCI6ODc3NCwidXJsIjoiaHR0cHM6XC9cL3JlYWx0by5sdlwvd3AtY29udGVudFwvdXBsb2Fkc1wvMjAxOVwvMDdcL3Rlcml0b3JpamEtYXItRGF1Z2F2dS5qcGciLCJzbGlkZXNob3ciOiI3Zjg5MzFlMyJ9\" href='https:\/\/realto.lv\/wp-content\/uploads\/2019\/07\/teritorija-ar-Daugavu.jpg'><img decoding=\"async\" width=\"380\" height=\"280\" src=\"https:\/\/realto.lv\/wp-content\/uploads\/2019\/07\/teritorija-ar-Daugavu-380x280.jpg\" class=\"attachment-houzez-property-thumb-image-v2 size-houzez-property-thumb-image-v2\" alt=\"\" srcset=\"https:\/\/realto.lv\/wp-content\/uploads\/2019\/07\/teritorija-ar-Daugavu-380x280.jpg 380w, https:\/\/realto.lv\/wp-content\/uploads\/2019\/07\/teritorija-ar-Daugavu-150x110.jpg 150w\" sizes=\"(max-width: 380px) 100vw, 380px\" \/><\/a>\n\t\t\t<\/div><\/figure><figure class='gallery-item'>\n\t\t\t<div class='gallery-icon landscape'>\n\t\t\t\t<a data-elementor-open-lightbox=\"yes\" data-elementor-lightbox-slideshow=\"7f8931e3\" data-elementor-lightbox-title=\"Dobes\" data-e-action-hash=\"#elementor-action%3Aaction%3Dlightbox%26settings%3DeyJpZCI6ODc3MiwidXJsIjoiaHR0cHM6XC9cL3JlYWx0by5sdlwvd3AtY29udGVudFwvdXBsb2Fkc1wvMjAxOVwvMDdcL0RvYmVzLmpwZyIsInNsaWRlc2hvdyI6IjdmODkzMWUzIn0%3D\" href='https:\/\/realto.lv\/wp-content\/uploads\/2019\/07\/Dobes.jpg'><img decoding=\"async\" width=\"380\" height=\"280\" src=\"https:\/\/realto.lv\/wp-content\/uploads\/2019\/07\/Dobes-380x280.jpg\" class=\"attachment-houzez-property-thumb-image-v2 size-houzez-property-thumb-image-v2\" alt=\"\" srcset=\"https:\/\/realto.lv\/wp-content\/uploads\/2019\/07\/Dobes-380x280.jpg 380w, https:\/\/realto.lv\/wp-content\/uploads\/2019\/07\/Dobes-150x110.jpg 150w\" sizes=\"(max-width: 380px) 100vw, 380px\" \/><\/a>\n\t\t\t<\/div><\/figure><figure class='gallery-item'>\n\t\t\t<div class='gallery-icon landscape'>\n\t\t\t\t<a data-elementor-open-lightbox=\"yes\" data-elementor-lightbox-slideshow=\"7f8931e3\" data-elementor-lightbox-title=\"Cognizant\" data-e-action-hash=\"#elementor-action%3Aaction%3Dlightbox%26settings%3DeyJpZCI6ODc3MCwidXJsIjoiaHR0cHM6XC9cL3JlYWx0by5sdlwvd3AtY29udGVudFwvdXBsb2Fkc1wvMjAxOVwvMDdcL0NvZ25pemFudC5wbmciLCJzbGlkZXNob3ciOiI3Zjg5MzFlMyJ9\" href='https:\/\/realto.lv\/wp-content\/uploads\/2019\/07\/Cognizant.png'><img loading=\"lazy\" decoding=\"async\" width=\"380\" height=\"280\" src=\"https:\/\/realto.lv\/wp-content\/uploads\/2019\/07\/Cognizant-380x280.png\" class=\"attachment-houzez-property-thumb-image-v2 size-houzez-property-thumb-image-v2\" alt=\"\" srcset=\"https:\/\/realto.lv\/wp-content\/uploads\/2019\/07\/Cognizant-380x280.png 380w, https:\/\/realto.lv\/wp-content\/uploads\/2019\/07\/Cognizant-150x110.png 150w\" sizes=\"(max-width: 380px) 100vw, 380px\" \/><\/a>\n\t\t\t<\/div><\/figure><figure class='gallery-item'>\n\t\t\t<div class='gallery-icon landscape'>\n\t\t\t\t<a data-elementor-open-lightbox=\"yes\" data-elementor-lightbox-slideshow=\"7f8931e3\" data-elementor-lightbox-title=\"Teritorijas foto\" data-e-action-hash=\"#elementor-action%3Aaction%3Dlightbox%26settings%3DeyJpZCI6ODc2OCwidXJsIjoiaHR0cHM6XC9cL3JlYWx0by5sdlwvd3AtY29udGVudFwvdXBsb2Fkc1wvMjAxOVwvMDdcL1Rlcml0b3JpamFzLWZvdG8uanBnIiwic2xpZGVzaG93IjoiN2Y4OTMxZTMifQ%3D%3D\" href='https:\/\/realto.lv\/wp-content\/uploads\/2019\/07\/Teritorijas-foto.jpg'><img loading=\"lazy\" decoding=\"async\" width=\"380\" height=\"280\" src=\"https:\/\/realto.lv\/wp-content\/uploads\/2019\/07\/Teritorijas-foto-380x280.jpg\" class=\"attachment-houzez-property-thumb-image-v2 size-houzez-property-thumb-image-v2\" alt=\"\" srcset=\"https:\/\/realto.lv\/wp-content\/uploads\/2019\/07\/Teritorijas-foto-380x280.jpg 380w, https:\/\/realto.lv\/wp-content\/uploads\/2019\/07\/Teritorijas-foto-150x110.jpg 150w\" sizes=\"(max-width: 380px) 100vw, 380px\" \/><\/a>\n\t\t\t<\/div><\/figure><figure class='gallery-item'>\n\t\t\t<div class='gallery-icon landscape'>\n\t\t\t\t<a data-elementor-open-lightbox=\"yes\" data-elementor-lightbox-slideshow=\"7f8931e3\" data-elementor-lightbox-title=\"Teritorija 3\" data-e-action-hash=\"#elementor-action%3Aaction%3Dlightbox%26settings%3DeyJpZCI6ODc2NiwidXJsIjoiaHR0cHM6XC9cL3JlYWx0by5sdlwvd3AtY29udGVudFwvdXBsb2Fkc1wvMjAxOVwvMDdcL1Rlcml0b3JpamEtMy5qcGciLCJzbGlkZXNob3ciOiI3Zjg5MzFlMyJ9\" href='https:\/\/realto.lv\/wp-content\/uploads\/2019\/07\/Teritorija-3.jpg'><img loading=\"lazy\" decoding=\"async\" width=\"380\" height=\"280\" src=\"https:\/\/realto.lv\/wp-content\/uploads\/2019\/07\/Teritorija-3-380x280.jpg\" class=\"attachment-houzez-property-thumb-image-v2 size-houzez-property-thumb-image-v2\" alt=\"mukusalas bc\" srcset=\"https:\/\/realto.lv\/wp-content\/uploads\/2019\/07\/Teritorija-3-380x280.jpg 380w, https:\/\/realto.lv\/wp-content\/uploads\/2019\/07\/Teritorija-3-150x110.jpg 150w\" sizes=\"(max-width: 380px) 100vw, 380px\" \/><\/a>\n\t\t\t<\/div><\/figure>\n\t\t<\/div>\n\t\t<\/div>\n\t\t\t\t\t\t<\/div>\n\t\t\t\t<\/div>\n\t\t\t\t\t<\/div>\n\t\t<\/div>\n\t\t\t\t\t<\/div>\n\t\t<\/section>\n\t\t\t\t<section class=\"elementor-section elementor-top-section elementor-element elementor-element-315db9c2 elementor-section-boxed elementor-section-height-default elementor-section-height-default\" data-id=\"315db9c2\" data-element_type=\"section\" data-e-type=\"section\">\n\t\t\t\t\t\t<div class=\"elementor-container elementor-column-gap-default\">\n\t\t\t\t\t<div class=\"elementor-column elementor-col-100 elementor-top-column elementor-element elementor-element-68bbcde9\" data-id=\"68bbcde9\" data-element_type=\"column\" data-e-type=\"column\">\n\t\t\t<div class=\"elementor-widget-wrap elementor-element-populated\">\n\t\t\t\t\t\t<div class=\"elementor-element elementor-element-25410726 elementor-widget elementor-widget-heading\" data-id=\"25410726\" data-element_type=\"widget\" data-e-type=\"widget\" data-widget_type=\"heading.default\">\n\t\t\t\t<div class=\"elementor-widget-container\">\n\t\t\t\t\t<h1 class=\"elementor-heading-title elementor-size-default\">Available premises for rent in the M\u016bkusalas Business Center: <\/h1>\t\t\t\t<\/div>\n\t\t\t\t<\/div>\n\t\t\t\t\t<\/div>\n\t\t<\/div>\n\t\t\t\t\t<\/div>\n\t\t<\/section>\n\t\t\t\t<\/div>\n\t\t","protected":false},"excerpt":{"rendered":"<p>M\u016bkusalas Biznesa Centrs Office, production and warehouse premises in Pardaugava, Riga Offices\/Commercial premises\/Warehouses Adrese: M\u016bkusalas street 42, R\u012bga Region: Pardaugava M\u016bkusala Business Centre is one of the largest business centres in Riga where culture meets business. The complex is located near the river Daugava and the National Library. The M\u016bkusala Business Center is characterized by [&hellip;]<\/p>\n","protected":false},"author":1,"featured_media":21413,"parent":0,"menu_order":0,"comment_status":"closed","ping_status":"closed","template":"elementor_header_footer","meta":{"footnotes":"","_links_to":"","_links_to_target":""},"class_list":["post-10561","page","type-page","status-publish","has-post-thumbnail","hentry"],"_links":{"self":[{"href":"https:\/\/realto.lv\/en\/wp-json\/wp\/v2\/pages\/10561","targetHints":{"allow":["GET"]}}],"collection":[{"href":"https:\/\/realto.lv\/en\/wp-json\/wp\/v2\/pages"}],"about":[{"href":"https:\/\/realto.lv\/en\/wp-json\/wp\/v2\/types\/page"}],"author":[{"embeddable":true,"href":"https:\/\/realto.lv\/en\/wp-json\/wp\/v2\/users\/1"}],"replies":[{"embeddable":true,"href":"https:\/\/realto.lv\/en\/wp-json\/wp\/v2\/comments?post=10561"}],"version-history":[{"count":0,"href":"https:\/\/realto.lv\/en\/wp-json\/wp\/v2\/pages\/10561\/revisions"}],"wp:featuredmedia":[{"embeddable":true,"href":"https:\/\/realto.lv\/en\/wp-json\/wp\/v2\/media\/21413"}],"wp:attachment":[{"href":"https:\/\/realto.lv\/en\/wp-json\/wp\/v2\/media?parent=10561"}],"curies":[{"name":"wp","href":"https:\/\/api.w.org\/{rel}","templated":true}]}}